{"id":11882,"date":"2025-07-30T08:33:10","date_gmt":"2025-07-30T08:33:10","guid":{"rendered":"https:\/\/trocellen-dev.local\/materiales-y-tecnologias\/quality\/"},"modified":"2026-02-19T14:39:42","modified_gmt":"2026-02-19T14:39:42","slug":"calidad","status":"publish","type":"page","link":"https:\/\/trocellen.com\/es\/materiales-y-tecnologias\/calidad\/","title":{"rendered":"Calidad"},"content":{"rendered":"\n<div class=\"group relative bg-gray-200 h-[24px] laptop:h-[64px]\" aria-hidden=\"true\"><\/div>\n\n\n<section class=\"col-content bg-gray-200 \">\n    <div class=\"container\">\n        <div class=\"general-content\">\n            \n            <div class=\"flex flex-col tablet:flex-col gap-small items-start\">\n                <div class=\"flex-1 w-full\">\n                    <p>Trocellen tiene el objetivo de proporcionar productos y servicios estables y de altas prestaciones para ello nuestra empresa presta especial atenci\u00f3n a la garant\u00eda de calidad. Tenemos el objetivo de controlar y desarrollar todos nuestros procedimientos de producci\u00f3n, gesti\u00f3n y servicios al cliente. Para ello nos dedicamos a desarrollar de forma continua todas las \u00e1reas que puedan influir en el rendimiento de nuestros productos y servicios para influir de forma positiva en la cooperaci\u00f3n con nuestros colaboradores y clientes. Todas nuestras actividades est\u00e1n enfocadas al cliente. Con el fin de cumplir sus exigencias y expectativas realizamos encuestas sobre la satisfacci\u00f3n del cliente animando a los colaboradores y clientes a tener a los una comunicaci\u00f3n abierta y honesta con nosotros.<\/p>\n<p>Abajo se encuentra la lista de los certificados concedidos a los centros productivos de Trocellen. Para ver el documento haga clic en el enlace.<\/p>\n                <\/div>\n\n                <div class=\"flex-1\">\n                                    <\/div>\n            <\/div>\n\n        <\/div>\n    <\/div>\n<\/section>\n\n\n<div class=\"group relative bg-gray-200 h-[24px] laptop:h-[64px]\" aria-hidden=\"true\"><\/div>\n\n\n<div class=\"group relative bg-white h-[24px] laptop:h-[64px]\" aria-hidden=\"true\"><\/div>\n\n\n<section class=\"col-content bg-white \">\n    <div class=\"container\">\n        <div class=\"general-content\">\n            \n            <div class=\"flex flex-col tablet:flex-row gap-small items-start\">\n                <div class=\"flex-1 \">\n                    <h2>ISCC PLUS certificate<\/h2>\n                <\/div>\n\n                <div class=\"flex-1\">\n                    <p><a class=\"downloadable\" href=\"https:\/\/trocellen.com\/wp-content\/uploads\/2025\/05\/ISCC_PLUS_certificate_3070_TROCELLEN-p1.pdf\">Trocellen Italia SpA &#8211; Italy, Caponago plant 1\u2028International Sustainability and Carbon Certification (English)<\/a><\/p>\n<p><a class=\"downloadable\" href=\"https:\/\/trocellen.com\/wp-content\/uploads\/2025\/05\/ISCC_PLUS_certificate_3071_TROCELLEN-p2.pdf\">Trocellen Italia SpA Italy, Caponago plant 2 International Sustainability and Carbon Certification (English)<\/a><\/p>\n<p><a class=\"downloadable\" href=\"https:\/\/trocellen.com\/wp-content\/uploads\/2025\/05\/ISCC_PLUS_certificate_2125.pdf\">Trocellen Italia SpA Italy, Volpago plant International Sustainability and Carbon Certification (English)<\/a><\/p>\n<p><a class=\"downloadable\" href=\"#\">Trocellen GmbH Germany ISCC Plus Certificate English<\/a><\/p>\n<p><a class=\"downloadable\" href=\"https:\/\/trocellen.com\/wp-content\/uploads\/2025\/05\/ISCC-PLUS-Cert-DE100-13733122.pdf\">Polifoam Kft. Hungary ISCC Plus Certificate English<\/a><\/p>\n                <\/div>\n            <\/div>\n\n        <\/div>\n    <\/div>\n<\/section>\n\n\n<div class=\"group relative bg-white h-[24px] laptop:h-[64px]\" aria-hidden=\"true\"><\/div>\n\n\n<div class=\"group relative bg-white h-[24px] laptop:h-[64px]\" aria-hidden=\"true\"><\/div>\n\n\n<section class=\"col-content bg-white \">\n    <div class=\"container\">\n        <div class=\"general-content\">\n            \n            <div class=\"flex flex-col tablet:flex-row gap-small items-start\">\n                <div class=\"flex-1 \">\n                    <h2>ISO 45001<\/h2>\n                <\/div>\n\n                <div class=\"flex-1\">\n                    <p><a class=\"downloadable\" href=\"https:\/\/trocellen.com\/wp-content\/uploads\/2026\/02\/TCI-ISO-45001-IIP-202510.pdf\">Trocellen Italia SpA Italy Occupational Health and Safety Management Systems (Italian)<\/a><\/p>\n<p><a class=\"downloadable\" href=\"https:\/\/trocellen.com\/wp-content\/uploads\/2026\/02\/TCI-ISO-45001-IQNET-20251115.pdf\">Trocellen Italia SpA Italy Occupational Health and Safety Management Systems (English)<\/a><\/p>\n<p><a class=\"downloadable\" href=\"https:\/\/trocellen.com\/wp-content\/uploads\/2025\/05\/Seal-of-Approval_Systematic-safety_Trocellen-GmbH_2023_eng.pdf\">Trocellen GmbH Germany ILO-OSH 2001 certificate (Guidelines on occupational safety and health management system), aligned with ISO 45001:2018 Safety Certification System (English)<\/a><\/p>\n<p><a class=\"downloadable\" href=\"https:\/\/trocellen.com\/wp-content\/uploads\/2025\/05\/Seal-of-Approval_Systematic-safety_Trocellen-GmbH_2023_ge.pdf\">Trocellen GmbH Germany ILO-OSH 2001 certificate (Guidelines on occupational safety and health management system), aligned with ISO 45001:2018 Safety Certification System (German)<\/a><\/p>\n<p><a class=\"downloadable\" href=\"https:\/\/trocellen.com\/wp-content\/uploads\/2025\/05\/01_213_2224077_Main_EN.pdf\">Polifoam Kft. Hungary ISO 45001:2018 (English)<\/a><\/p>\n<p><a class=\"downloadable\" href=\"https:\/\/trocellen.com\/wp-content\/uploads\/2025\/05\/01_213_2224077_Main_HU.pdf\">Polifoam Kft. Hungary ISO 45001:2018 (Hungarian)<\/a><\/p>\n<p><a class=\"downloadable\" href=\"https:\/\/trocellen.com\/wp-content\/uploads\/2026\/01\/Trocellen-Certificate-ISO45001-CA-24-UKAS-HO.pdf\">Trocellen S.E.A ISO 45001:2018<\/a><\/p>\n<p><a class=\"downloadable\" href=\"https:\/\/trocellen.com\/wp-content\/uploads\/2026\/01\/Trocellen-Certificate-ISO45001-CA-24-UKAS-Site-1.pdf\">Trocellen S.E.A ISO 45001:2018<\/a><\/p>\n<p><a class=\"downloadable\" href=\"https:\/\/trocellen.com\/wp-content\/uploads\/2026\/01\/Trocellen-Certificate-ISO45001-CA-24-UKAS-Site-2.pdf\">Trocellen S.E.A ISO 45001:2018<\/a><\/p>\n                <\/div>\n            <\/div>\n\n        <\/div>\n    <\/div>\n<\/section>\n\n\n<div class=\"group relative bg-white h-[24px] laptop:h-[64px]\" aria-hidden=\"true\"><\/div>\n\n\n<div class=\"group relative bg-white h-[24px] laptop:h-[64px]\" aria-hidden=\"true\"><\/div>\n\n\n<section class=\"col-content bg-white \">\n    <div class=\"container\">\n        <div class=\"general-content\">\n            \n            <div class=\"flex flex-col tablet:flex-row gap-small items-start\">\n                <div class=\"flex-1 \">\n                    <h2>ISO 9001<\/h2>\n                <\/div>\n\n                <div class=\"flex-1\">\n                    <p><a class=\"downloadable\" href=\"https:\/\/trocellen.com\/wp-content\/uploads\/2025\/12\/003604-TROCELLEN-GmbH-CERTIFICATE-Englisch-2025-11-04-QM15.pdf\">Trocellen GmbH Germany ISO 9001 \u2013 QM15 (English)<\/a><\/p>\n<p><a class=\"downloadable\" href=\"https:\/\/trocellen.com\/wp-content\/uploads\/2025\/12\/003604-TROCELLEN-GmbH-CERTIFICATE-IQNET-2025-11-04-QM15.pdf\">Trocellen GmbH Germany ISO 9001 \u2013 IQNET (English)<\/a><\/p>\n<p><a class=\"downloadable\" href=\"https:\/\/trocellen.com\/wp-content\/uploads\/2025\/12\/003604-TROCELLEN-GmbH-CERTIFICATE-Deutsch-2025-11-04-QM15.pdf\">Trocellen GmbH Germany ISO 9001 \u2013 QM15 (German)<\/a><\/p>\n<p><a class=\"downloadable\" href=\"https:\/\/trocellen.com\/wp-content\/uploads\/2025\/05\/CERT_0.04.18022-TROCELLEN-IBERICA-S.A.-.pdf\">Trocellen Iberica Spain ISO 9001 (Spanish-English-French)<\/a><\/p>\n<p><a class=\"downloadable\" href=\"https:\/\/trocellen.com\/wp-content\/uploads\/2025\/05\/Certificato-SQ-UNI-EN-ISO-9001-2015-128-TROCELLEN-ITALIA-SPA-combined.pdf\">Trocellen Italia SpA Italy ISO 9001 (Italian-English)<\/a><\/p>\n<p><a class=\"downloadable\" href=\"https:\/\/trocellen.com\/wp-content\/uploads\/2025\/05\/ISO-9001-2015-certificate_2020-2023.pdf\">Trocellen S.E.A. Malaysia ISO 9001 (English)<\/a><\/p>\n<p><a class=\"downloadable\" href=\"https:\/\/trocellen.com\/wp-content\/uploads\/2025\/05\/Polifoam_01_100_1724227_Main_EN.pdf\">Polifoam Kft. Hungary ISO 9001 \u2013 (QMS English)<\/a><\/p>\n<p><a class=\"downloadable\" href=\"https:\/\/trocellen.com\/wp-content\/uploads\/2025\/05\/Polifoam_01_100_1724227_Main_HU.pdf\">Polifoam Kft. Hungary ISO 9001 \u2013 (QMS Hungarian)<\/a><\/p>\n                <\/div>\n            <\/div>\n\n        <\/div>\n    <\/div>\n<\/section>\n\n\n<div class=\"group relative bg-white h-[24px] laptop:h-[64px]\" aria-hidden=\"true\"><\/div>\n\n\n<div class=\"group relative bg-white h-[24px] laptop:h-[64px]\" aria-hidden=\"true\"><\/div>\n\n\n<section class=\"col-content bg-white \">\n    <div class=\"container\">\n        <div class=\"general-content\">\n            \n            <div class=\"flex flex-col tablet:flex-row gap-small items-start\">\n                <div class=\"flex-1 \">\n                    <h2>ISO 50001<\/h2>\n                <\/div>\n\n                <div class=\"flex-1\">\n                    <p><a class=\"downloadable\" href=\"https:\/\/trocellen.com\/wp-content\/uploads\/2025\/05\/003604-TROCELLEN-GmbH-CERTIFICATE-Englisch-2023-12-30-EMSt21.pdf\">Trocellen GmbH Germany ISO 50001 \u2013 EMST (English)<\/a><\/p>\n<p><a class=\"downloadable\" href=\"https:\/\/trocellen.com\/wp-content\/uploads\/2025\/05\/Certificato-UNI-CEI-EN-ISO-50001-2018-3-TROCELLEN-ITALIA-SPA.pdf\">Trocellen Italia spa Italy ISO 50001:2018 IIP (Italian-English)<\/a><\/p>\n<p><a class=\"downloadable\" href=\"https:\/\/trocellen.com\/wp-content\/uploads\/2025\/05\/IQNET.pdf\">Trocellen Italia spa Italy ISO 50001:2018 IQNET (English)<\/a><\/p>\n<p><a class=\"downloadable\" href=\"https:\/\/trocellen.com\/wp-content\/uploads\/2025\/05\/01_407_1624109_Main_EN.pdf\">Polifoam Kft. Hungary ISO 50001 (English)<\/a><\/p>\n<p><a class=\"downloadable\" href=\"https:\/\/trocellen.com\/wp-content\/uploads\/2025\/05\/01_407_1624109_Main_HU.pdf\">Polifoam Kft. Hungary ISO 50001 (Hungarian)<\/a><\/p>\n                <\/div>\n            <\/div>\n\n        <\/div>\n    <\/div>\n<\/section>\n\n\n<div class=\"group relative bg-white h-[24px] laptop:h-[64px]\" aria-hidden=\"true\"><\/div>\n\n\n<div class=\"group relative bg-white h-[24px] laptop:h-[64px]\" aria-hidden=\"true\"><\/div>\n\n\n<section class=\"col-content bg-white \">\n    <div class=\"container\">\n        <div class=\"general-content\">\n            \n            <div class=\"flex flex-col tablet:flex-row gap-small items-start\">\n                <div class=\"flex-1 \">\n                    <h2>ISO 14001<\/h2>\n                <\/div>\n\n                <div class=\"flex-1\">\n                    <p><a class=\"downloadable\" href=\"https:\/\/trocellen.com\/wp-content\/uploads\/2025\/05\/TROCELLEN-GmbH-CERTIFICATE-ISO-14001.pdf\">Trocellen GmbH Germany ISO 14001 : 2015 (English)<\/a><\/p>\n<p><a class=\"downloadable\" href=\"https:\/\/trocellen.com\/wp-content\/uploads\/2025\/05\/Certificato-SQ-UNI-EN-ISO-14001-2015-230-TROCELLEN-ITALIA-SPA.pdf\">Trocellen Italia SpA. Italy ISO 14001:2015 IIP (Italian)<\/a><\/p>\n<p><a class=\"downloadable\" href=\"https:\/\/trocellen.com\/wp-content\/uploads\/2025\/05\/Sistemi-Certificato-IQNET-58793.pdf\">Trocellen Italia SpA. Italy ISO 14001:2015 IQNET (Italian)<\/a><\/p>\n<p><a class=\"downloadable\" href=\"https:\/\/trocellen.com\/wp-content\/uploads\/2025\/05\/01_104_1724069_Main_EN.pdf\">Polifoam Kft. Hungary ISO 14001 (English)<\/a><\/p>\n<p><a class=\"downloadable\" href=\"https:\/\/trocellen.com\/wp-content\/uploads\/2025\/05\/01_104_1724069_Main_HU.pdf\">Polifoam Kft. Hungary ISO 14001 (Hungarian)<\/a><\/p>\n                <\/div>\n            <\/div>\n\n        <\/div>\n    <\/div>\n<\/section>\n\n\n<div class=\"group relative bg-white h-[24px] laptop:h-[64px]\" aria-hidden=\"true\"><\/div>\n\n\n<div class=\"group relative bg-white h-[24px] laptop:h-[64px]\" aria-hidden=\"true\"><\/div>\n\n\n<section class=\"col-content bg-white \">\n    <div class=\"container\">\n        <div class=\"general-content\">\n            \n            <div class=\"flex flex-col tablet:flex-row gap-small items-start\">\n                <div class=\"flex-1 \">\n                    <h2>HSEQ Integrated Politics<\/h2>\n                <\/div>\n\n                <div class=\"flex-1\">\n                    <p><a class=\"downloadable\" href=\"https:\/\/trocellen.com\/wp-content\/uploads\/2025\/12\/Allegato-2_MI_Politica-Integrata_2025_EN_signed.pdf\">Trocellen Italia (English)<\/a><\/p>\n<p><a class=\"downloadable\" href=\"https:\/\/trocellen.com\/wp-content\/uploads\/2025\/12\/Allegato-2_MI_Politica-Integrata_2025_IT_signed.pdf\">Trocellen Italia (Italian)<\/a><\/p>\n                <\/div>\n            <\/div>\n\n        <\/div>\n    <\/div>\n<\/section>\n\n\n<div class=\"group relative bg-white h-[24px] laptop:h-[64px]\" aria-hidden=\"true\"><\/div>\n\n\n<div class=\"group relative bg-white h-[24px] laptop:h-[64px]\" aria-hidden=\"true\"><\/div>\n\n\n<section class=\"col-content bg-white \">\n    <div class=\"container\">\n        <div class=\"general-content\">\n            \n            <div class=\"flex flex-col tablet:flex-row gap-small items-start\">\n                <div class=\"flex-1 \">\n                    <h2>\u00d6KO-TEX<\/h2>\n                <\/div>\n\n                <div class=\"flex-1\">\n                    <p><a class=\"downloadable\" href=\"https:\/\/trocellen.com\/wp-content\/uploads\/2025\/05\/OKOTEX-STeP-CERTIFICATION-2021.pdf\">Polifoam Kft. Hungary \u00d6KO-TEX-STEP (English)<\/a><\/p>\n                <\/div>\n            <\/div>\n\n        <\/div>\n    <\/div>\n<\/section>\n\n\n<div class=\"group relative bg-white h-[24px] laptop:h-[64px]\" aria-hidden=\"true\"><\/div>","protected":false},"excerpt":{"rendered":"","protected":false},"author":1,"featured_media":0,"parent":7420,"menu_order":0,"comment_status":"closed","ping_status":"closed","template":"template-parts\/page-general.php","meta":{"_acf_changed":false,"footnotes":""},"class_list":["post-11882","page","type-page","status-publish","hentry"],"acf":[],"yoast_head":"<!-- This site is optimized with the Yoast SEO plugin v25.9 - https:\/\/yoast.com\/wordpress\/plugins\/seo\/ -->\n<title>Calidad - Trocellen, the European polyolefin foam solution provider<\/title>\n<meta name=\"robots\" content=\"index, follow, max-snippet:-1, max-image-preview:large, max-video-preview:-1\" \/>\n<link rel=\"canonical\" href=\"https:\/\/trocellen.com\/es\/materiales-y-tecnologias\/calidad\/\" \/>\n<meta property=\"og:locale\" content=\"es_ES\" \/>\n<meta property=\"og:type\" content=\"article\" \/>\n<meta property=\"og:title\" content=\"Calidad - Trocellen, the European polyolefin foam solution provider\" \/>\n<meta property=\"og:url\" content=\"https:\/\/trocellen.com\/es\/materiales-y-tecnologias\/calidad\/\" \/>\n<meta property=\"og:site_name\" content=\"Trocellen, the European polyolefin foam solution provider\" \/>\n<meta property=\"article:modified_time\" content=\"2026-02-19T14:39:42+00:00\" \/>\n<meta name=\"twitter:card\" content=\"summary_large_image\" \/>\n<script type=\"application\/ld+json\" class=\"yoast-schema-graph\">{\"@context\":\"https:\/\/schema.org\",\"@graph\":[{\"@type\":\"WebPage\",\"@id\":\"https:\/\/trocellen.com\/es\/materiales-y-tecnologias\/calidad\/\",\"url\":\"https:\/\/trocellen.com\/es\/materiales-y-tecnologias\/calidad\/\",\"name\":\"Calidad - Trocellen, the European polyolefin foam solution provider\",\"isPartOf\":{\"@id\":\"https:\/\/trocellen.com\/#website\"},\"datePublished\":\"2025-07-30T08:33:10+00:00\",\"dateModified\":\"2026-02-19T14:39:42+00:00\",\"breadcrumb\":{\"@id\":\"https:\/\/trocellen.com\/es\/materiales-y-tecnologias\/calidad\/#breadcrumb\"},\"inLanguage\":\"es\",\"potentialAction\":[{\"@type\":\"ReadAction\",\"target\":[\"https:\/\/trocellen.com\/es\/materiales-y-tecnologias\/calidad\/\"]}]},{\"@type\":\"BreadcrumbList\",\"@id\":\"https:\/\/trocellen.com\/es\/materiales-y-tecnologias\/calidad\/#breadcrumb\",\"itemListElement\":[{\"@type\":\"ListItem\",\"position\":1,\"name\":\"Home\",\"item\":\"https:\/\/trocellen.com\/es\/\"},{\"@type\":\"ListItem\",\"position\":2,\"name\":\"Calidad\"}]},{\"@type\":\"WebSite\",\"@id\":\"https:\/\/trocellen.com\/#website\",\"url\":\"https:\/\/trocellen.com\/\",\"name\":\"Trocellen, the European polyolefin foam solution provider\",\"description\":\"TROCELLEN\u00ae is a leading manufacturer of chemically and physically cross-linked polyolefin and rubber foam solutions\",\"potentialAction\":[{\"@type\":\"SearchAction\",\"target\":{\"@type\":\"EntryPoint\",\"urlTemplate\":\"https:\/\/trocellen.com\/?s={search_term_string}\"},\"query-input\":{\"@type\":\"PropertyValueSpecification\",\"valueRequired\":true,\"valueName\":\"search_term_string\"}}],\"inLanguage\":\"es\"}]}<\/script>\n<!-- \/ Yoast SEO plugin. -->","yoast_head_json":{"title":"Calidad - Trocellen, the European polyolefin foam solution provider","robots":{"index":"index","follow":"follow","max-snippet":"max-snippet:-1","max-image-preview":"max-image-preview:large","max-video-preview":"max-video-preview:-1"},"canonical":"https:\/\/trocellen.com\/es\/materiales-y-tecnologias\/calidad\/","og_locale":"es_ES","og_type":"article","og_title":"Calidad - Trocellen, the European polyolefin foam solution provider","og_url":"https:\/\/trocellen.com\/es\/materiales-y-tecnologias\/calidad\/","og_site_name":"Trocellen, the European polyolefin foam solution provider","article_modified_time":"2026-02-19T14:39:42+00:00","twitter_card":"summary_large_image","schema":{"@context":"https:\/\/schema.org","@graph":[{"@type":"WebPage","@id":"https:\/\/trocellen.com\/es\/materiales-y-tecnologias\/calidad\/","url":"https:\/\/trocellen.com\/es\/materiales-y-tecnologias\/calidad\/","name":"Calidad - Trocellen, the European polyolefin foam solution provider","isPartOf":{"@id":"https:\/\/trocellen.com\/#website"},"datePublished":"2025-07-30T08:33:10+00:00","dateModified":"2026-02-19T14:39:42+00:00","breadcrumb":{"@id":"https:\/\/trocellen.com\/es\/materiales-y-tecnologias\/calidad\/#breadcrumb"},"inLanguage":"es","potentialAction":[{"@type":"ReadAction","target":["https:\/\/trocellen.com\/es\/materiales-y-tecnologias\/calidad\/"]}]},{"@type":"BreadcrumbList","@id":"https:\/\/trocellen.com\/es\/materiales-y-tecnologias\/calidad\/#breadcrumb","itemListElement":[{"@type":"ListItem","position":1,"name":"Home","item":"https:\/\/trocellen.com\/es\/"},{"@type":"ListItem","position":2,"name":"Calidad"}]},{"@type":"WebSite","@id":"https:\/\/trocellen.com\/#website","url":"https:\/\/trocellen.com\/","name":"Trocellen, the European polyolefin foam solution provider","description":"TROCELLEN\u00ae is a leading manufacturer of chemically and physically cross-linked polyolefin and rubber foam solutions","potentialAction":[{"@type":"SearchAction","target":{"@type":"EntryPoint","urlTemplate":"https:\/\/trocellen.com\/?s={search_term_string}"},"query-input":{"@type":"PropertyValueSpecification","valueRequired":true,"valueName":"search_term_string"}}],"inLanguage":"es"}]}},"_links":{"self":[{"href":"https:\/\/trocellen.com\/es\/wp-json\/wp\/v2\/pages\/11882","targetHints":{"allow":["GET"]}}],"collection":[{"href":"https:\/\/trocellen.com\/es\/wp-json\/wp\/v2\/pages"}],"about":[{"href":"https:\/\/trocellen.com\/es\/wp-json\/wp\/v2\/types\/page"}],"author":[{"embeddable":true,"href":"https:\/\/trocellen.com\/es\/wp-json\/wp\/v2\/users\/1"}],"replies":[{"embeddable":true,"href":"https:\/\/trocellen.com\/es\/wp-json\/wp\/v2\/comments?post=11882"}],"version-history":[{"count":5,"href":"https:\/\/trocellen.com\/es\/wp-json\/wp\/v2\/pages\/11882\/revisions"}],"predecessor-version":[{"id":15856,"href":"https:\/\/trocellen.com\/es\/wp-json\/wp\/v2\/pages\/11882\/revisions\/15856"}],"up":[{"embeddable":true,"href":"https:\/\/trocellen.com\/es\/wp-json\/wp\/v2\/pages\/7420"}],"wp:attachment":[{"href":"https:\/\/trocellen.com\/es\/wp-json\/wp\/v2\/media?parent=11882"}],"curies":[{"name":"wp","href":"https:\/\/api.w.org\/{rel}","templated":true}]}}