{"id":7650,"date":"2025-05-16T10:36:51","date_gmt":"2025-05-16T10:36:51","guid":{"rendered":"https:\/\/trocellen-dev.local\/cookies\/"},"modified":"2025-09-15T09:00:12","modified_gmt":"2025-09-15T09:00:12","slug":"cookie-policy","status":"publish","type":"page","link":"https:\/\/trocellen.com\/de\/cookie-policy\/","title":{"rendered":"Cookie-Richtlinie"},"content":{"rendered":"\n<section class=\"col-content bg-gray-200 \">\n    <div class=\"container\">\n        <div class=\"general-content\">\n            \n            <div class=\"flex flex-col tablet:flex-col gap-small items-start\">\n                <div class=\"flex-1 w-full\">\n                    <p>Die Website trocellen.com (und die Subdomains der Gesch\u00e4ftsbereiche insulation.trocellen.com, automotive.trocellen.com, adhesive-tapes.trocellen.com, sport-home-leisure.trocellen.com, footwear.trocellen.com, packaging.trocellen.com, progame-shockpads.com, progame-tatami.com, polifoam.hu, tctoday.com, tcinnolab.com, tcinnolab.hu, smrt-lab.com, smrtmug.com, smrtracket.com, smrtyoga.com, tctoday.com, wellstep.eu, nachfolgend, \u201eWebsite\u201c genannt) verwendet Cookies und \u00e4hnliche Technologien. zur Analyse von allgemeinem Nutzerverhalten oder statischen Erhebungen ein. Dadurch k\u00f6nnen wir Ihnen als Nutzern dieser Internetseite nutzerfreundlichere Services bereitstellen und Informationen und Angebote auf unserer Webseite im Sinne des Benutzers optimiert werden. Informationen, die in diesem Zusammenhang verwendet werden, sind:<\/p>\n<ul class=\"wp-block-list\" type=\"a\">\n<li>Ihre Internet-Protokoll-Adresse (IP-Adresse)<\/li>\n<li>User-ID und Ger\u00e4te-ID<\/li>\n<li>Datum und die Uhrzeit des Zugriffs auf unsere Webseite<\/li>\n<li>Verweildauer auf unserer Webseite<\/li>\n<li>angeklickte Links zu anderen Webseiten<\/li>\n<li>Informationen zu Betriebssystem, Browsertyp, -version, -sprache, Ger\u00e4tetyp<\/li>\n<li>(ungef\u00e4hrer) Standort<\/li>\n<\/ul>\n<p>Nachfolgend finden Sie weitere Informationen \u00fcber Cookies sowie \u00e4hnliche Technologien, und dar\u00fcber, wie sie auf der Website verwendet werden.<\/p>\n<h3>1. WAS SIND COOKIES UND \u00c4HNLICHE TECHNOLOGIEN?<\/h3>\n<p>Bei Cookies handelt es sich um kleine Textdateien, die beim Besuch einer Website an das Endger\u00e4t (PC, Tablet o.\u00a0\u00e4.) gesendet werden. Beim n\u00e4chsten Aufruf dieser Website wird das Cookie entweder an die Webseite zur\u00fcckgesandt, die sie erzeugt hat oder an eine andere Webseite gesandt, die in der Lage ist, dieses spezielle Cookie zu erkennen. Cookies dienen als Speicher f\u00fcr eine Website und erm\u00f6glichen es dieser, Ihr Endger\u00e4t bei jedem weiteren Besuch der Website wiederzuerkennen. Cookies erm\u00f6glichen es Ihnen auch, Ihre Browsereinstellungen zu speichern und erh\u00f6hen durch eine individuelle Anpassung des Inhalts die Nutzerfreundlichkeit der Website. Dar\u00fcber hinaus k\u00f6nnen wir auch \u00e4hnliche Technologien verwenden, wie z.B. Local Storage, Fingerprints, Pixel, Web-Beacons. Weitere Informationen \u00fcber Cookies, einschlie\u00dflich Informationen dar\u00fcber, welche Cookies auf Ihrem Endger\u00e4t gesetzt wurden und wie Sie diese verwalten und l\u00f6schen k\u00f6nnen, finden Sie unter folgendem Link\u00a0<a href=\"https:\/\/www.aboutcookies.org\/\">www.aboutcookies.org<\/a>.<\/p>\n<h3>2. KATEGORIEN VON COOKIES UND \u00c4HNLICHE TECHNOLOGIEN<\/h3>\n<p>Wir unterscheiden die folgenden Cookie-Kategorien und die damit verbundene Datenverarbeitung:<\/p>\n<p><strong>Unbedingt erforderliche:<\/strong><\/p>\n<p>Unbedingt erforderliche Cookies erm\u00f6glichen wesentliche Kernfunktionen der Website wie die Benutzeranmeldung und die Kontoverwaltung. Dabei handelt es sich grunds\u00e4tzlich um Cookies, die nach Ende Ihres Website-Besuchs, sp\u00e4testens bei Schlie\u00dfen Ihres Browsers, gel\u00f6scht werden. Ohne die unbedingt erforderlichen Cookies kann die Website nicht ordnungsgem\u00e4\u00df verwendet werden. Daher k\u00f6nnen Sie diese Cookies nicht abw\u00e4hlen, wenn Sie unsere Website nutzen m\u00f6chten. Eine Liste der technischen Cookies kann auch unter https:\/\/codex.wordpress.org\/WordPress_Cookies abgerufen werden. Rechtsgrundlage der Verarbeitung personenbezogener Daten ist\u00a0Art.\u00a0<a href=\"https:\/\/beck-online.beck.de\/?typ=reference&amp;y=100&amp;g=EWG_DSGVO&amp;a=6\">6<\/a>\u00a0Abs.\u00a0<a href=\"https:\/\/beck-online.beck.de\/?typ=reference&amp;y=100&amp;g=EWG_DSGVO&amp;a=6&amp;x=1\">1<\/a>\u00a0S.\u00a01 lit. f DS-GVO.\u00a0Der Zugriff auf und die Speicherung von Informationen im Endger\u00e4t erfolgt auf Grundlage von \u00a7 25 Abs. 2 TTDSG.<\/p>\n<p><strong>Performance<\/strong><\/p>\n<p>Performance-Cookies sammeln Informationen dar\u00fcber, wie Besucher eine Webseite nutzen, z. B. Analyse-Cookies. Diese Cookies k\u00f6nnen nicht verwendet werden, um einen bestimmten Besucher direkt zu identifizieren. Wir verwenden diese Cookies nur mit Ihrer Einwilligung. Die Verarbeitung von personenbezogenen Daten erfolgt auf Grundlage von Art. 6 Abs. 1 lit. a DS-GVO. Der Zugriff auf und die Speicherung von Informationen im Endger\u00e4t erfolgt auf Grundlage von \u00a7 25 Abs. 1 TTDSG. Die Einwilligung ist jederzeit mit Wirkung f\u00fcr die Zukunft widerrufbar.<\/p>\n<p><strong>Funktionalit\u00e4t<\/strong><\/p>\n<p>Funktionale Cookies werden verwendet, um Besucherinformationen auf der Website zu speichern, z. Sprache, Zeitzone, erweiterter Inhalte. Wir verwenden diese Cookies nur mit Ihrer Einwilligung. Die Verarbeitung von personenbezogenen Daten erfolgt auf Grundlage von Art. 6 Abs. 1 lit. a DS-GVO. Der Zugriff auf und die Speicherung von Informationen im Endger\u00e4t erfolgt auf Grundlage von \u00a7 25 Abs. 1 TTDSG. Die Einwilligung ist jederzeit mit Wirkung f\u00fcr die Zukunft widerrufbar.<\/p>\n<p><strong>\u00c4hnliche Technologien:<\/strong><\/p>\n<p>Bestimmte Funktionen beruhen nicht auf Cookies, sondern auf \u00e4hnlichen technischen Mechanismen, wie Local Storage, Fingerprints, Pixel, Web-Beacons, Flash-Cookies, HTML5-Objekten. Das Ergebnis ist vergleichbar mit dem Einsatz von Cookies und k\u00f6nnen daher auch den oben aufgef\u00fchrten Kategorien zugeordnet werden. Auch hier k\u00f6nnen Sie nat\u00fcrlich einwilligen oder widersprechen.<\/p>\n<h3>3. EINSATZ VON COOKIES UND \u00c4HNLICHEN TECHNOLOGIEN<\/h3>\n<p>Diese Website verwendet die folgenden\u00a0von Drittanbietern\u00a0gesetzten Cookies<\/p>\n<ul class=\"wp-block-list\">\n<li>Google<\/li>\n<li>Facebook<\/li>\n<li>Twitter<\/li>\n<li>Linkedin<\/li>\n<li>YouTube<\/li>\n<\/ul>\n<p>Die Website \u00fcbernimmt Tools, die die Identifizierung durch Cookies einschr\u00e4nken, darunter \u201egat._anonymizelp ();\u201c, um die Anonymisierung von IP-Adressen sicherzustellen (sogenannte \u201eIP-Maskierung\u201c).<\/p>\n<h3>4. EINWILLIGUNG VERWALTEN UND DEAKTIVIERUNG VON COOKIES<\/h3>\n<p>Informationen zu einzelnen Cookies oder \u00e4hnlichen Technologien k\u00f6nnen Sie unserem Einwilligungs-Banner entnehmen. Dieses Tool setzten wir ein, damit wir Ihre Einwilligung einholen bzw. Sie Ihre Einwilligung verwalten und widerrufen k\u00f6nnen. Unseren Einwilligungs-Banner k\u00f6nnen Sie \u00fcber den unten auf der Webseite vorgehaltenen Link \u201eCookie-Einstellungen\u201c aufrufen. Ihre Einwilligung bzw. Ablehnung wird ggfls. durch Setzen eines Cookies dokumentiert. Die damit einhergehende Verarbeitung personenbezogener Daten erfolgt auf Grundlage von Art. 6 Abs. 1 lit. f DS-GVO. Ein damit einhergehender Zugriff auf und Speicherung von Informationen auf Ihrem Endger\u00e4t ist unbedingt erforderlich. Dies erfolgt auf Grundlage der Umsetzungsgesetze der ePrivacy-Richtlinie der EU-Mitgliedsl\u00e4nder, in Deutschland nach \u00a7 25 Abs. 2 TTDSG.<\/p>\n<p>Sie k\u00f6nnen die Verwendung von Cookies auch verhindern und damit der Setzung von Cookies dauerhaft widersprechen. Ferner k\u00f6nnen bereits gesetzte Cookies jederzeit \u00fcber einen Browser oder andere Softwareprogramme gel\u00f6scht werden. Dies ist in allen g\u00e4ngigen Browsern m\u00f6glich. Bitte lesen Sie dazu die Anweisungen Ihres Browser-Anbieters. Eine ausf\u00fchrliche Anleitung finden Sie unter\u00a0<a href=\"https:\/\/www.aboutcookies.org\/\">www.aboutcookies.org<\/a>. Bitte beachten Sie, dass die Ablehnung\/Deaktivierung von Cookies dazu f\u00fchren kann, dass Sie bestimmte Funktionen der Website nicht nutzen k\u00f6nnen.<\/p>\n<p>F\u00fcr weitere Informationen\u00a0lesen Sie hier unsere\u00a0<a href=\"https:\/\/trocellen.com\/de\/privacy-statement\/\" target=\"_blank\" rel=\"noreferrer noopener\">Datenschutzerkl\u00e4rung<\/a>.<\/p>\n<p>Ansprechpartner: Weitere Informationen zu dieser Cookie-Richtlinie erhalten Sie per E-Mail unter\u00a0<a href=\"mailto:marketing@trocellen.com\">marketing@trocellen.com<\/a>. Sie k\u00f6nnen sich auch per Post an Trocellen GmbH, Viktoria Csonka (Postanschrift: M\u00fclheimer Stra\u00dfe 26 53840 Troisdorf) wenden oder uns unter der folgenden Telefonnummer kontaktieren:\u00a0 +36 070 436 5722.<\/p>\n                <\/div>\n\n                <div class=\"flex-1\">\n                                    <\/div>\n            <\/div>\n\n        <\/div>\n    <\/div>\n<\/section>\n\n\n<p><\/p>\n","protected":false},"excerpt":{"rendered":"","protected":false},"author":1,"featured_media":0,"parent":0,"menu_order":0,"comment_status":"closed","ping_status":"closed","template":"template-parts\/page-general.php","meta":{"_acf_changed":false,"footnotes":""},"class_list":["post-7650","page","type-page","status-publish","hentry"],"acf":[],"yoast_head":"<!-- This site is optimized with the Yoast SEO plugin v25.9 - https:\/\/yoast.com\/wordpress\/plugins\/seo\/ -->\n<title>Cookie-Richtlinie - Trocellen, the European polyolefin foam solution provider<\/title>\n<meta name=\"robots\" content=\"index, follow, max-snippet:-1, max-image-preview:large, max-video-preview:-1\" \/>\n<link rel=\"canonical\" href=\"https:\/\/trocellen.com\/cookie-policy\/\" \/>\n<meta property=\"og:locale\" content=\"de_DE\" \/>\n<meta property=\"og:type\" content=\"article\" \/>\n<meta property=\"og:title\" content=\"Cookie-Richtlinie - Trocellen, the European polyolefin foam solution provider\" \/>\n<meta property=\"og:url\" content=\"https:\/\/trocellen.com\/cookie-policy\/\" \/>\n<meta property=\"og:site_name\" content=\"Trocellen, the European polyolefin foam solution provider\" \/>\n<meta property=\"article:modified_time\" content=\"2025-09-15T09:00:12+00:00\" \/>\n<meta name=\"twitter:card\" content=\"summary_large_image\" \/>\n<script type=\"application\/ld+json\" class=\"yoast-schema-graph\">{\"@context\":\"https:\/\/schema.org\",\"@graph\":[{\"@type\":\"WebPage\",\"@id\":\"https:\/\/trocellen.com\/cookie-policy\/\",\"url\":\"https:\/\/trocellen.com\/cookie-policy\/\",\"name\":\"Cookie-Richtlinie - Trocellen, the European polyolefin foam solution provider\",\"isPartOf\":{\"@id\":\"https:\/\/trocellen.com\/#website\"},\"datePublished\":\"2025-05-16T10:36:51+00:00\",\"dateModified\":\"2025-09-15T09:00:12+00:00\",\"breadcrumb\":{\"@id\":\"https:\/\/trocellen.com\/cookie-policy\/#breadcrumb\"},\"inLanguage\":\"de\",\"potentialAction\":[{\"@type\":\"ReadAction\",\"target\":[\"https:\/\/trocellen.com\/cookie-policy\/\"]}]},{\"@type\":\"BreadcrumbList\",\"@id\":\"https:\/\/trocellen.com\/cookie-policy\/#breadcrumb\",\"itemListElement\":[{\"@type\":\"ListItem\",\"position\":1,\"name\":\"Home\",\"item\":\"https:\/\/trocellen.com\/de\/\"},{\"@type\":\"ListItem\",\"position\":2,\"name\":\"Cookie-Richtlinie\"}]},{\"@type\":\"WebSite\",\"@id\":\"https:\/\/trocellen.com\/#website\",\"url\":\"https:\/\/trocellen.com\/\",\"name\":\"Trocellen, the European polyolefin foam solution provider\",\"description\":\"TROCELLEN\u00ae is a leading manufacturer of chemically and physically cross-linked polyolefin and rubber foam solutions\",\"potentialAction\":[{\"@type\":\"SearchAction\",\"target\":{\"@type\":\"EntryPoint\",\"urlTemplate\":\"https:\/\/trocellen.com\/?s={search_term_string}\"},\"query-input\":{\"@type\":\"PropertyValueSpecification\",\"valueRequired\":true,\"valueName\":\"search_term_string\"}}],\"inLanguage\":\"de\"}]}<\/script>\n<!-- \/ Yoast SEO plugin. -->","yoast_head_json":{"title":"Cookie-Richtlinie - Trocellen, the European polyolefin foam solution provider","robots":{"index":"index","follow":"follow","max-snippet":"max-snippet:-1","max-image-preview":"max-image-preview:large","max-video-preview":"max-video-preview:-1"},"canonical":"https:\/\/trocellen.com\/cookie-policy\/","og_locale":"de_DE","og_type":"article","og_title":"Cookie-Richtlinie - Trocellen, the European polyolefin foam solution provider","og_url":"https:\/\/trocellen.com\/cookie-policy\/","og_site_name":"Trocellen, the European polyolefin foam solution provider","article_modified_time":"2025-09-15T09:00:12+00:00","twitter_card":"summary_large_image","schema":{"@context":"https:\/\/schema.org","@graph":[{"@type":"WebPage","@id":"https:\/\/trocellen.com\/cookie-policy\/","url":"https:\/\/trocellen.com\/cookie-policy\/","name":"Cookie-Richtlinie - Trocellen, the European polyolefin foam solution provider","isPartOf":{"@id":"https:\/\/trocellen.com\/#website"},"datePublished":"2025-05-16T10:36:51+00:00","dateModified":"2025-09-15T09:00:12+00:00","breadcrumb":{"@id":"https:\/\/trocellen.com\/cookie-policy\/#breadcrumb"},"inLanguage":"de","potentialAction":[{"@type":"ReadAction","target":["https:\/\/trocellen.com\/cookie-policy\/"]}]},{"@type":"BreadcrumbList","@id":"https:\/\/trocellen.com\/cookie-policy\/#breadcrumb","itemListElement":[{"@type":"ListItem","position":1,"name":"Home","item":"https:\/\/trocellen.com\/de\/"},{"@type":"ListItem","position":2,"name":"Cookie-Richtlinie"}]},{"@type":"WebSite","@id":"https:\/\/trocellen.com\/#website","url":"https:\/\/trocellen.com\/","name":"Trocellen, the European polyolefin foam solution provider","description":"TROCELLEN\u00ae is a leading manufacturer of chemically and physically cross-linked polyolefin and rubber foam solutions","potentialAction":[{"@type":"SearchAction","target":{"@type":"EntryPoint","urlTemplate":"https:\/\/trocellen.com\/?s={search_term_string}"},"query-input":{"@type":"PropertyValueSpecification","valueRequired":true,"valueName":"search_term_string"}}],"inLanguage":"de"}]}},"_links":{"self":[{"href":"https:\/\/trocellen.com\/de\/wp-json\/wp\/v2\/pages\/7650","targetHints":{"allow":["GET"]}}],"collection":[{"href":"https:\/\/trocellen.com\/de\/wp-json\/wp\/v2\/pages"}],"about":[{"href":"https:\/\/trocellen.com\/de\/wp-json\/wp\/v2\/types\/page"}],"author":[{"embeddable":true,"href":"https:\/\/trocellen.com\/de\/wp-json\/wp\/v2\/users\/1"}],"replies":[{"embeddable":true,"href":"https:\/\/trocellen.com\/de\/wp-json\/wp\/v2\/comments?post=7650"}],"version-history":[{"count":4,"href":"https:\/\/trocellen.com\/de\/wp-json\/wp\/v2\/pages\/7650\/revisions"}],"predecessor-version":[{"id":12299,"href":"https:\/\/trocellen.com\/de\/wp-json\/wp\/v2\/pages\/7650\/revisions\/12299"}],"wp:attachment":[{"href":"https:\/\/trocellen.com\/de\/wp-json\/wp\/v2\/media?parent=7650"}],"curies":[{"name":"wp","href":"https:\/\/api.w.org\/{rel}","templated":true}]}}