{"id":7512,"date":"2025-04-29T08:20:58","date_gmt":"2025-04-29T08:20:58","guid":{"rendered":"https:\/\/trocellen-dev.local\/nachhaltigkeit\/ceo-message\/"},"modified":"2025-10-10T11:03:28","modified_gmt":"2025-10-10T11:03:28","slug":"botschaft-des-ceo","status":"publish","type":"page","link":"https:\/\/trocellen.com\/de\/nachhaltigkeit\/botschaft-des-ceo\/","title":{"rendered":"Botschaft des CEO"},"content":{"rendered":"\n<div class=\"group relative bg-white h-[32px]\" aria-hidden=\"true\"><\/div>\n\n\n<section class=\"general-content text-[#131313]\">\n    <div class=\"container\">\n        <div>\n            <h3 class=\"text-center\">Gemeinsam eine nachhaltige Zukunft gestalten <\/h3>\n\n                    <\/div>\n    <\/div>\n<\/section>\n\n\n<div class=\"group relative bg-white h-[32px]\" aria-hidden=\"true\"><\/div>\n\n\n<div class=\"group relative bg-gray-200 h-[24px] laptop:h-[64px]\" aria-hidden=\"true\"><\/div>\n\n\n<section class=\"bg-gray-200\">\n    <div class=\"container\">\n        <div class=\"general-content\">\n            <div class=\"flex flex-col tablet:flex-row items-start gap-medPlus\">\n\n            <div class=\"flex flex-col gap-small w-[269px] shrink-0 max-w-full\">\n                <div class=\"h-[378px] rounded-tr-tr-100 overflow-hidden\">\n                    <img decoding=\"async\" src=\"https:\/\/trocellen.com\/wp-content\/uploads\/2025\/05\/ceo-image.png\" alt=\"\" class=\"w-full object-cover\">\n                <\/div>\n\n                <div class=\"general-content text-[#023157]\">\n                    <h2 class=\"!pb-0\">Oliver Cordt <\/h2>\n                    <span class=\"font-normal\">CEO<\/span>\n                <\/div>\n            <\/div>\n\n            <div class=\"laptop:pr-[12.125rem]\">\n                <h3>In der heutigen Welt ist <em>Nachhaltigkeit <\/em>bereits ein zentraler Wert, eine Verantwortung und eine strategische Notwendigkeit. Auf den ersten Blick scheint Nachhaltigkeit im Widerspruch zu Unternehmenszielen wie Wachstum, Effizienz und Rentabilit\u00e4t zu stehen. Aber ist das wirklich der Fall?<\/h3>\n<h3>Die Antwort liegt in der Perspektive.<\/h3>\n<p>Kurzfristig kann nachhaltige Entwicklung eine Herausforderung sein, die Zeit, Engagement und erhebliche Ressourcen erfordert. Es ist ein Transformationsprozess und keine schnelle L\u00f6sung. Langfristig betrachtet ist Nachhaltigkeit jedoch ein wichtiger Faktor f\u00fcr dauerhaften Erfolg. Sie st\u00e4rkt traditionelle Unternehmenswerte, anstatt sie zu schw\u00e4chen. Sie f\u00f6rdert Innovationen, sichert zuk\u00fcnftige Ressourcen und schafft dauerhaftes Vertrauen bei den Stakeholdern.<\/p>\n<ul>\n<li>Denn ohne Menschen gibt es keine Unternehmen.<\/li>\n<li>Denn ohne einen lebenswerten Planeten gibt es keinen Sinn.<\/li>\n<li>Denn ohne eine Vision f\u00fcr die Zukunft gibt es nichts, wonach man streben kann.<\/li>\n<\/ul>\n<p>Bei der Trocellen Group sind wir seit jeher davon \u00fcberzeugt, dass verantwortungsbewusstes Handeln gleichbedeutend ist mit nachhaltigem Handeln. Geleitet von der zukunftsorientierten Philosophie unserer japanischen Muttergesellschaft Furukawa Electric, engagieren wir uns f\u00fcr eine langfristige Wertsch\u00f6pfung, die sowohl den Menschen als auch den Planeten respektiert.<\/p>\n<p>Wir lassen uns von der zeitlosen Definition der Brundtland-Kommission inspirieren:<\/p>\n<blockquote>\n<h4>Entwicklung, die die Bed\u00fcrfnisse der Gegenwart befriedigt, ohne die F\u00e4higkeit k\u00fcnftiger Generationen zu beeintr\u00e4chtigen, ihre eigenen Bed\u00fcrfnisse zu befriedigen.<\/h4>\n<\/blockquote>\n<p>Angesichts des Klimawandels, der endlichen Ressourcen und der globalen Ungleichheit ist dieser Grundsatz heute aktueller denn je. In diesem komplexen Umfeld ist unternehmerische Nachhaltigkeit keine Option, sondern eine Notwendigkeit.<\/p>\n<h3>Unser Engagement in der Praxis<\/h3>\n<p>Um unsere Vision in die Tat umzusetzen, haben wir Nachhaltigkeit in alle Bereiche unseres Unternehmens integriert:<\/p>\n<ul>\n<li>Design f\u00fcr Kreislaufwirtschaft: Wir haben \u00d6kodesign-Grunds\u00e4tze eingef\u00fchrt, um sicherzustellen, dass unsere Produkte die Kreislaufwirtschaft unterst\u00fctzen, Abfall minimieren und die Ressourceneffizienz maximieren.<\/li>\n<li>Verantwortungsbewusste Innovation: Unsere Forschungs- und Entwicklungsteams konzentrieren sich auf die Entwicklung von L\u00f6sungen und Technologien, die die Umweltleistung verbessern und den \u00f6kologischen Fu\u00dfabdruck verringern.<\/li>\n<li>Menschen st\u00e4rken: Wir gestalten unsere Unternehmensprozesse neu, um das Wohlergehen, die Inklusion und den Erfolg unserer Mitarbeiter, Partner und Gemeinden zu f\u00f6rdern.<\/li>\n<li>Transparente Messung des Fortschritts: Wir verfolgen unsere Nachhaltigkeitsbem\u00fchungen mit den neuesten Methoden und \u00fcberpr\u00fcfen regelm\u00e4\u00dfig unsere Fortschritte.<\/li>\n<\/ul>\n<p>Nachhaltigkeit beginnt mit dem Engagement jedes Einzelnen \u2013 ihre wahre St\u00e4rke liegt jedoch in der gemeinsamen Anstrengung. Wir danken unseren Mitarbeitern, Partnern und Stakeholdern f\u00fcr ihre kontinuierliche Unterst\u00fctzung. Gemeinsam ebnen wir den Weg f\u00fcr eine Zukunft, in der Chancen, Innovation und Verantwortung Hand in Hand gehen.<\/p>\n<p>&nbsp;<\/p>\n<h3>Lassen Sie uns diese Zukunft gestalten \u2013 heute.<\/h3>\n            <\/div>\n\n            <\/div>\n        <\/div>\n    <\/div>\n<\/section>\n\n\n<div class=\"group relative bg-gray-200 h-[24px] laptop:h-[64px]\" aria-hidden=\"true\"><\/div>","protected":false},"excerpt":{"rendered":"","protected":false},"author":1,"featured_media":0,"parent":7502,"menu_order":0,"comment_status":"closed","ping_status":"closed","template":"template-parts\/page-general.php","meta":{"_acf_changed":false,"footnotes":""},"class_list":["post-7512","page","type-page","status-publish","hentry"],"acf":[],"yoast_head":"<!-- This site is optimized with the Yoast SEO plugin v25.9 - https:\/\/yoast.com\/wordpress\/plugins\/seo\/ -->\n<title>Botschaft des CEO - Trocellen, the European polyolefin foam solution provider<\/title>\n<meta name=\"robots\" content=\"index, follow, max-snippet:-1, max-image-preview:large, max-video-preview:-1\" \/>\n<link rel=\"canonical\" href=\"https:\/\/trocellen.com\/sustainability\/ceo-message\/\" \/>\n<meta property=\"og:locale\" content=\"de_DE\" \/>\n<meta property=\"og:type\" content=\"article\" \/>\n<meta property=\"og:title\" content=\"Botschaft des CEO - Trocellen, the European polyolefin foam solution provider\" \/>\n<meta property=\"og:url\" content=\"https:\/\/trocellen.com\/sustainability\/ceo-message\/\" \/>\n<meta property=\"og:site_name\" content=\"Trocellen, the European polyolefin foam solution provider\" \/>\n<meta property=\"article:modified_time\" content=\"2025-10-10T11:03:28+00:00\" \/>\n<meta name=\"twitter:card\" content=\"summary_large_image\" \/>\n<script type=\"application\/ld+json\" class=\"yoast-schema-graph\">{\"@context\":\"https:\/\/schema.org\",\"@graph\":[{\"@type\":\"WebPage\",\"@id\":\"https:\/\/trocellen.com\/sustainability\/ceo-message\/\",\"url\":\"https:\/\/trocellen.com\/sustainability\/ceo-message\/\",\"name\":\"Botschaft des CEO - Trocellen, the European polyolefin foam solution provider\",\"isPartOf\":{\"@id\":\"https:\/\/trocellen.com\/#website\"},\"datePublished\":\"2025-04-29T08:20:58+00:00\",\"dateModified\":\"2025-10-10T11:03:28+00:00\",\"breadcrumb\":{\"@id\":\"https:\/\/trocellen.com\/sustainability\/ceo-message\/#breadcrumb\"},\"inLanguage\":\"de\",\"potentialAction\":[{\"@type\":\"ReadAction\",\"target\":[\"https:\/\/trocellen.com\/sustainability\/ceo-message\/\"]}]},{\"@type\":\"BreadcrumbList\",\"@id\":\"https:\/\/trocellen.com\/sustainability\/ceo-message\/#breadcrumb\",\"itemListElement\":[{\"@type\":\"ListItem\",\"position\":1,\"name\":\"Home\",\"item\":\"https:\/\/trocellen.com\/de\/\"},{\"@type\":\"ListItem\",\"position\":2,\"name\":\"Botschaft des CEO\"}]},{\"@type\":\"WebSite\",\"@id\":\"https:\/\/trocellen.com\/#website\",\"url\":\"https:\/\/trocellen.com\/\",\"name\":\"Trocellen, the European polyolefin foam solution provider\",\"description\":\"TROCELLEN\u00ae is a leading manufacturer of chemically and physically cross-linked polyolefin and rubber foam solutions\",\"potentialAction\":[{\"@type\":\"SearchAction\",\"target\":{\"@type\":\"EntryPoint\",\"urlTemplate\":\"https:\/\/trocellen.com\/?s={search_term_string}\"},\"query-input\":{\"@type\":\"PropertyValueSpecification\",\"valueRequired\":true,\"valueName\":\"search_term_string\"}}],\"inLanguage\":\"de\"}]}<\/script>\n<!-- \/ Yoast SEO plugin. -->","yoast_head_json":{"title":"Botschaft des CEO - Trocellen, the European polyolefin foam solution provider","robots":{"index":"index","follow":"follow","max-snippet":"max-snippet:-1","max-image-preview":"max-image-preview:large","max-video-preview":"max-video-preview:-1"},"canonical":"https:\/\/trocellen.com\/sustainability\/ceo-message\/","og_locale":"de_DE","og_type":"article","og_title":"Botschaft des CEO - Trocellen, the European polyolefin foam solution provider","og_url":"https:\/\/trocellen.com\/sustainability\/ceo-message\/","og_site_name":"Trocellen, the European polyolefin foam solution provider","article_modified_time":"2025-10-10T11:03:28+00:00","twitter_card":"summary_large_image","schema":{"@context":"https:\/\/schema.org","@graph":[{"@type":"WebPage","@id":"https:\/\/trocellen.com\/sustainability\/ceo-message\/","url":"https:\/\/trocellen.com\/sustainability\/ceo-message\/","name":"Botschaft des CEO - Trocellen, the European polyolefin foam solution provider","isPartOf":{"@id":"https:\/\/trocellen.com\/#website"},"datePublished":"2025-04-29T08:20:58+00:00","dateModified":"2025-10-10T11:03:28+00:00","breadcrumb":{"@id":"https:\/\/trocellen.com\/sustainability\/ceo-message\/#breadcrumb"},"inLanguage":"de","potentialAction":[{"@type":"ReadAction","target":["https:\/\/trocellen.com\/sustainability\/ceo-message\/"]}]},{"@type":"BreadcrumbList","@id":"https:\/\/trocellen.com\/sustainability\/ceo-message\/#breadcrumb","itemListElement":[{"@type":"ListItem","position":1,"name":"Home","item":"https:\/\/trocellen.com\/de\/"},{"@type":"ListItem","position":2,"name":"Botschaft des CEO"}]},{"@type":"WebSite","@id":"https:\/\/trocellen.com\/#website","url":"https:\/\/trocellen.com\/","name":"Trocellen, the European polyolefin foam solution provider","description":"TROCELLEN\u00ae is a leading manufacturer of chemically and physically cross-linked polyolefin and rubber foam solutions","potentialAction":[{"@type":"SearchAction","target":{"@type":"EntryPoint","urlTemplate":"https:\/\/trocellen.com\/?s={search_term_string}"},"query-input":{"@type":"PropertyValueSpecification","valueRequired":true,"valueName":"search_term_string"}}],"inLanguage":"de"}]}},"_links":{"self":[{"href":"https:\/\/trocellen.com\/de\/wp-json\/wp\/v2\/pages\/7512","targetHints":{"allow":["GET"]}}],"collection":[{"href":"https:\/\/trocellen.com\/de\/wp-json\/wp\/v2\/pages"}],"about":[{"href":"https:\/\/trocellen.com\/de\/wp-json\/wp\/v2\/types\/page"}],"author":[{"embeddable":true,"href":"https:\/\/trocellen.com\/de\/wp-json\/wp\/v2\/users\/1"}],"replies":[{"embeddable":true,"href":"https:\/\/trocellen.com\/de\/wp-json\/wp\/v2\/comments?post=7512"}],"version-history":[{"count":5,"href":"https:\/\/trocellen.com\/de\/wp-json\/wp\/v2\/pages\/7512\/revisions"}],"predecessor-version":[{"id":14100,"href":"https:\/\/trocellen.com\/de\/wp-json\/wp\/v2\/pages\/7512\/revisions\/14100"}],"up":[{"embeddable":true,"href":"https:\/\/trocellen.com\/de\/wp-json\/wp\/v2\/pages\/7502"}],"wp:attachment":[{"href":"https:\/\/trocellen.com\/de\/wp-json\/wp\/v2\/media?parent=7512"}],"curies":[{"name":"wp","href":"https:\/\/api.w.org\/{rel}","templated":true}]}}