{"id":7441,"date":"2025-04-29T08:17:34","date_gmt":"2025-04-29T08:17:34","guid":{"rendered":"https:\/\/trocellen-dev.local\/material-technologie\/converting\/"},"modified":"2025-10-10T10:41:36","modified_gmt":"2025-10-10T10:41:36","slug":"weiterverarbeitung","status":"publish","type":"page","link":"https:\/\/trocellen.com\/de\/material-technologie\/weiterverarbeitung\/","title":{"rendered":"Weiterverarbeitung"},"content":{"rendered":"\n<div class=\"group relative bg-white h-[48px]\" aria-hidden=\"true\"><\/div>\n\n\n<section class=\"general-content text-[#131313]\">\n    <div class=\"container\">\n        <div>\n            <h3 class=\"text-center\">Trocellen bietet seinen Kunden einen echten Mehrwert. Durch eine k\u00fcrzere Lieferkette und eine einfachere Zusammenarbeit reduzieren Kunden Kosten und Lieferzeiten, was wiederum den Einkauf und die Lagerhaltung optimiert. Zu unserem Angebot z\u00e4hlen hochwertige Weiterverarbeitungen von der Laminierung bis zum Thermopressen. <\/h3>\n\n                    <\/div>\n    <\/div>\n<\/section>\n\n\n<div class=\"group relative bg-white h-[48px]\" aria-hidden=\"true\"><\/div>\n\n\n<div class=\"group relative bg-gray-200 h-[24px] laptop:h-[64px]\" aria-hidden=\"true\"><\/div>\n\n\n<section class=\"col-content bg-gray-200 \">\n    <div class=\"container\">\n        <div class=\"general-content\">\n            \n            <div class=\"flex flex-col tablet:flex-row gap-small items-start\">\n                <div class=\"flex-1 \">\n                    <h2>Hei\u00dflaminierung<\/h2>\n<p><img loading=\"lazy\" decoding=\"async\" class=\"alignnone size-full wp-image-14041\" src=\"https:\/\/trocellen.com\/wp-content\/uploads\/2025\/10\/converting_-_heat_lamination.jpg\" alt=\"\" width=\"381\" height=\"254\" srcset=\"https:\/\/trocellen.com\/wp-content\/uploads\/2025\/10\/converting_-_heat_lamination.jpg 381w, https:\/\/trocellen.com\/wp-content\/uploads\/2025\/10\/converting_-_heat_lamination-300x200.jpg 300w\" sizes=\"auto, (max-width: 381px) 100vw, 381px\" \/><\/p>\n                <\/div>\n\n                <div class=\"flex-1\">\n                    <p>Bei der Hei\u00dflaminierung handelt es sich um ein Verfahren zur Herstellung mehrschichtiger Produkte (sog. Laminate). Dabei werden die Eigenschaften der verschiedenen Schichten miteinander kombiniert.<\/p>\n<p>Im Falle von PE-Schaum verwenden wir nur Hitze und etwas Druck, um die beiden Oberfl\u00e4chen miteinander zu verbinden. Es ist also kein zus\u00e4tzliches Material erforderlich. Dies ist nur m\u00f6glich, wenn sich die beiden Materialien chemisch \u00e4hnlich sind. Hitzeempfindliches Material (z. B. unvernetzter PE-Schaum oder PS-Schaum) kann auf diese Weise nicht verarbeitet werden.<\/p>\n<p>Folgende Materialien k\u00f6nnen wir durch Hei\u00dflaminierung auf unseren Schaumstoff aufbringen:<\/p>\n<ul>\n<li>Andere vernetzte Polyolefin-Schaumstoffe<\/li>\n<li>LDPE-, HDPE- und PP-Folien<\/li>\n<li>EVA-Folien, bestimmte andere Ethylen-Copolymer-Folien<\/li>\n<li>Bestimmte PU-Schaumstoffe<\/li>\n<li>Bestimmte Textilien<\/li>\n<li>Bestimmte Papiere<\/li>\n<li>Holz<\/li>\n<\/ul>\n<p>Wir k\u00f6nnen die Laminierung in unserem Labor simulieren und neue Materialien testen. Fragen Sie uns also gerne an, falls das von Ihnen gew\u00fcnschte Material nicht auf der Liste steht. Wir testen es f\u00fcr Sie und geben Ihnen Feedback oder Empfehlungen f\u00fcr Alternativen.<\/p>\n<p>Die Hei\u00dflaminierung kann sowohl kontinuierlich oder als Stapelverarbeitung erfolgen. Beim kontinuierlichen Verfahren ist die maximal m\u00f6gliche St\u00e4rke etwa 20 mm. Bei der Stapelverarbeitung k\u00f6nnen eine Vielzahl von Schichten aufeinander laminiert werden. So k\u00f6nnen wir z. B. Schaumstoffbl\u00f6cke mit bis zu 500 mm St\u00e4rke herstellen.<\/p>\n                <\/div>\n            <\/div>\n\n        <\/div>\n    <\/div>\n<\/section>\n\n\n<div class=\"group relative bg-gray-200 h-[32px]\" aria-hidden=\"true\"><\/div>\n\n\n<div class=\"group relative bg-white h-[24px] laptop:h-[64px]\" aria-hidden=\"true\"><\/div>\n\n\n<section class=\"col-content bg-white \">\n    <div class=\"container\">\n        <div class=\"general-content\">\n            \n            <div class=\"flex flex-col tablet:flex-row gap-small items-start\">\n                <div class=\"flex-1 \">\n                    <h2>Pr\u00e4gung<\/h2>\n                <\/div>\n\n                <div class=\"flex-1\">\n                    <p>Beim Pr\u00e4gen verleihen wir der Oberfl\u00e4che des Schaums oder der laminierten Oberfl\u00e4che eine 3D-Struktur. Hierf\u00fcr wird eine gravierte Rolle (mit der Negativversion des gew\u00fcnschten Musters) in die Oberfl\u00e4che des Schaums oder Laminats gedr\u00fcckt. Die Oberfl\u00e4che wird zuvor auf eine bestimmte Temperatur erhitzt, bei der sie formbar wird. So kann die gravierte Walze ihr eine neue Form geben.<\/p>\n<p>Eine Pr\u00e4gung kann Schaumstoff oder laminierten Oberfl\u00e4chen ein einzigartiges Aussehen und eine neue Haptik verleihen. Neben verbesserten Designaspekten kann die richtige Art der Pr\u00e4gung zudem auch die rutschhemmende Eigenschaft der Oberfl\u00e4che verbessern. Trocellen verf\u00fcgt \u00fcber eine gro\u00dfe Auswahl an Mustern und gravierten Walzen. Bei Bedarf entwickeln wir auch gerne neue Muster nach Ihren Anforderungen.<\/p>\n<p>Die maximal m\u00f6gliche Tiefe der Muster, die beim Pr\u00e4gen erreicht werden kann, betr\u00e4gt etwa 1,5\u20132 mm.<\/p>\n                <\/div>\n            <\/div>\n\n        <\/div>\n    <\/div>\n<\/section>\n\n\n<div class=\"group relative bg-white h-[32px]\" aria-hidden=\"true\"><\/div>\n\n\n<div class=\"group relative bg-gray-200 h-[24px] laptop:h-[64px]\" aria-hidden=\"true\"><\/div>\n\n\n<section class=\"col-content bg-gray-200 \">\n    <div class=\"container\">\n        <div class=\"general-content\">\n            \n            <div class=\"flex flex-col tablet:flex-row gap-small items-start\">\n                <div class=\"flex-1 \">\n                    <h2>Thermopressung<\/h2>\n                <\/div>\n\n                <div class=\"flex-1\">\n                    <p>Beim Thermopressen wird der Schaumstoff sowohl auf der Ober- als auch auf der Unterseite erw\u00e4rmt und dann von einer gek\u00fchlten zweiteiligen Form aus beiden Richtungen gepresst. Hierdurch k\u00f6nnen faltbare Produkte hergestellt oder Oberfl\u00e4chen mit sehr tiefen Mustern versehen werden.<\/p>\n<p>Der Hauptunterschied zwischen Pr\u00e4gen und Thermopressen besteht darin, dass beim Thermopressen das Erhitzen und Abk\u00fchlen mehr Zeit in Anspruch nimmt. Aufgrund der l\u00e4ngeren Erhitzung k\u00f6nnen aber tiefere Muster erreicht werden. Das bedeutet auch, dass der Prozess des Thermopressens l\u00e4nger dauert.<\/p>\n                <\/div>\n            <\/div>\n\n        <\/div>\n    <\/div>\n<\/section>\n\n\n<div class=\"group relative bg-gray-200 h-[32px]\" aria-hidden=\"true\"><\/div>\n\n\n<div class=\"group relative bg-white h-[24px] laptop:h-[64px]\" aria-hidden=\"true\"><\/div>\n\n\n<section class=\"col-content bg-white \">\n    <div class=\"container\">\n        <div class=\"general-content\">\n            \n            <div class=\"flex flex-col tablet:flex-row gap-small items-start\">\n                <div class=\"flex-1 \">\n                    <h2>Logo-Kennzeichnung &#8211; Hei\u00dfpr\u00e4gung<\/h2>\n                <\/div>\n\n                <div class=\"flex-1\">\n                    <p>Bei der Hei\u00dfpr\u00e4gung erhitzen wir ein Aluminium- oder Stahlwerkzeug und brennen das gew\u00fcnschte Logo oder den Text in die Oberfl\u00e4che des Produkts ein. Der Vorgang \u00e4hnelt dem \u201eBillog-Verfahren\u201c.<\/p>\n                <\/div>\n            <\/div>\n\n        <\/div>\n    <\/div>\n<\/section>\n\n\n<div class=\"group relative bg-white h-[32px]\" aria-hidden=\"true\"><\/div>\n\n\n<div class=\"group relative bg-gray-200 h-[24px] laptop:h-[64px]\" aria-hidden=\"true\"><\/div>\n\n\n<section class=\"col-content bg-gray-200 \">\n    <div class=\"container\">\n        <div class=\"general-content\">\n            \n            <div class=\"flex flex-col tablet:flex-row gap-small items-start\">\n                <div class=\"flex-1 \">\n                    <div class=\"year left\">\n<h2>Logo-Kennzeichnung &#8211; Kaltpr\u00e4gung<\/h2>\n<p>&nbsp;<\/p>\n<\/div>\n<div class=\"year right\"><\/div>\n                <\/div>\n\n                <div class=\"flex-1\">\n                    <div class=\"year left\">\n<p>Die Kaltpr\u00e4gung \u00e4hnelt dem Pr\u00e4geverfahren, verwendet aber statt einer Walze ein flaches Werkzeug. Auf diese Weise ist es m\u00f6glich, Datumskennzeichnungen zu setzen. Sp\u00e4tere \u00c4nderungen (Updates) des Werkzeugs sind ebenfalls leicht m\u00f6glich.<\/p>\n<p>&nbsp;<\/p>\n<\/div>\n<div class=\"year right\"><\/div>\n                <\/div>\n            <\/div>\n\n        <\/div>\n    <\/div>\n<\/section>\n\n\n<div class=\"group relative bg-gray-200 h-[32px]\" aria-hidden=\"true\"><\/div>\n\n\n<div class=\"group relative bg-white h-[24px] laptop:h-[64px]\" aria-hidden=\"true\"><\/div>\n\n\n<section class=\"col-content bg-white \">\n    <div class=\"container\">\n        <div class=\"general-content\">\n            \n            <div class=\"flex flex-col tablet:flex-row gap-small items-start\">\n                <div class=\"flex-1 \">\n                    <h2>Laserbeschriftung<\/h2>\n                <\/div>\n\n                <div class=\"flex-1\">\n                    <p>Die Laserbeschriftung ist ein Verfahren, bei dem ein konzentrierter Lichtstrahl verwendet wird, um eine dauerhafte Markierung auf einer Oberfl\u00e4che zu erzeugen. Die Laserbeschriftung erfolgt in der Regel mit einem Faser-, gepulsten, Dauerstrich-, Gr\u00fcn- oder UV-Laser und umfasst eine Vielzahl von Anwendungen. Wir verwenden die Faserlasertechnologie, um unsere Produkte mit Logos zu versehen.<\/p>\n                <\/div>\n            <\/div>\n\n        <\/div>\n    <\/div>\n<\/section>\n\n\n<div class=\"group relative bg-white h-[32px]\" aria-hidden=\"true\"><\/div>\n\n\n<div class=\"group relative bg-gray-200 h-[24px] laptop:h-[64px]\" aria-hidden=\"true\"><\/div>\n\n\n<section class=\"col-content bg-gray-200 \">\n    <div class=\"container\">\n        <div class=\"general-content\">\n            \n            <div class=\"flex flex-col tablet:flex-row gap-small items-start\">\n                <div class=\"flex-1 \">\n                    <h2>Tampondruck<\/h2>\n<p><img loading=\"lazy\" decoding=\"async\" class=\"alignnone wp-image-356\" src=\"https:\/\/trocellen.com\/wp-content\/uploads\/2025\/05\/tampon-printing.png\" alt=\"\" width=\"381\" height=\"254\" srcset=\"https:\/\/trocellen.com\/wp-content\/uploads\/2025\/05\/tampon-printing.png 570w, https:\/\/trocellen.com\/wp-content\/uploads\/2025\/05\/tampon-printing-300x200.png 300w\" sizes=\"auto, (max-width: 381px) 100vw, 381px\" \/><\/p>\n                <\/div>\n\n                <div class=\"flex-1\">\n                    <p>Der Tampondruck ist ein indirektes Offsetdruckverfahren, bei dem mittels eines Silikontampons ein 2D-Bild von einer lasergravierten Druckplatte (auch Klischee genannt) auf ein 3D-Objekt \u00fcbertragen wird.<\/p>\n                <\/div>\n            <\/div>\n\n        <\/div>\n    <\/div>\n<\/section>\n\n\n<div class=\"group relative bg-gray-200 h-[32px]\" aria-hidden=\"true\"><\/div>\n\n\n<div class=\"group relative bg-white h-[24px] laptop:h-[64px]\" aria-hidden=\"true\"><\/div>\n\n\n<section class=\"col-content bg-white \">\n    <div class=\"container\">\n        <div class=\"general-content\">\n            \n            <div class=\"flex flex-col tablet:flex-row gap-small items-start\">\n                <div class=\"flex-1 \">\n                    <h2>Stanzen<\/h2>\n<p><img loading=\"lazy\" decoding=\"async\" class=\"alignnone size-full wp-image-14048\" src=\"https:\/\/trocellen.com\/wp-content\/uploads\/2025\/10\/converting_-_die_cut.png\" alt=\"\" width=\"261\" height=\"254\" \/><\/p>\n                <\/div>\n\n                <div class=\"flex-1\">\n                    <p>Bei diesem Verfahren verwenden wir eine Hochdruckmaschine und scharfe Stahlmesser, um das Produkt auszuschneiden. Wir k\u00f6nnen (abh\u00e4ngig von der Dichte) Material bis zu 40 mm stanzen.<\/p>\n                <\/div>\n            <\/div>\n\n        <\/div>\n    <\/div>\n<\/section>\n\n\n<div class=\"group relative bg-white h-[32px]\" aria-hidden=\"true\"><\/div>\n\n\n<div class=\"group relative bg-gray-200 h-[24px] laptop:h-[64px]\" aria-hidden=\"true\"><\/div>\n\n\n<section class=\"col-content bg-gray-200 \">\n    <div class=\"container\">\n        <div class=\"general-content\">\n            \n            <div class=\"flex flex-col tablet:flex-row gap-small items-start\">\n                <div class=\"flex-1 \">\n                    <h2>Konturschneiden<\/h2>\n<p><img loading=\"lazy\" decoding=\"async\" class=\"alignnone size-full wp-image-14055\" src=\"https:\/\/trocellen.com\/wp-content\/uploads\/2025\/10\/Converting_-_contour_cutting.png\" alt=\"\" width=\"452\" height=\"254\" srcset=\"https:\/\/trocellen.com\/wp-content\/uploads\/2025\/10\/Converting_-_contour_cutting.png 452w, https:\/\/trocellen.com\/wp-content\/uploads\/2025\/10\/Converting_-_contour_cutting-300x169.png 300w\" sizes=\"auto, (max-width: 452px) 100vw, 452px\" \/><\/p>\n                <\/div>\n\n                <div class=\"flex-1\">\n                    <p>F\u00fcr Produkte mit gr\u00f6\u00dferer Dicke (\u00fcber 40 mm) bieten wir unseren Konturschnitt-Service an. Ein Hauptvorteil ist die saubere Schnittfl\u00e4che und die M\u00f6glichkeit des mehrschichtigen Schneidens. Dadurch werden zugleich Ihre Kosten gesenkt. Bedacht werden sollte aber, dass mit dieser Technologie nur die Au\u00dfenkante (Kontur) des Musters geschnitten werden kann. Es ist nicht m\u00f6glich, Material aus dem Inneren des Produkts zu schneiden, ohne Spuren zu hinterlassen.<\/p>\n                <\/div>\n            <\/div>\n\n        <\/div>\n    <\/div>\n<\/section>\n\n\n<div class=\"group relative bg-gray-200 h-[32px]\" aria-hidden=\"true\"><\/div>","protected":false},"excerpt":{"rendered":"","protected":false},"author":1,"featured_media":0,"parent":7417,"menu_order":0,"comment_status":"closed","ping_status":"closed","template":"template-parts\/page-general.php","meta":{"_acf_changed":false,"footnotes":""},"class_list":["post-7441","page","type-page","status-publish","hentry"],"acf":[],"yoast_head":"<!-- This site is optimized with the Yoast SEO plugin v25.9 - https:\/\/yoast.com\/wordpress\/plugins\/seo\/ -->\n<title>Weiterverarbeitung - Trocellen, the European polyolefin foam solution provider<\/title>\n<meta name=\"robots\" content=\"index, follow, max-snippet:-1, max-image-preview:large, max-video-preview:-1\" \/>\n<link rel=\"canonical\" href=\"https:\/\/trocellen.com\/materials-technology\/converting\/\" \/>\n<meta property=\"og:locale\" content=\"de_DE\" \/>\n<meta property=\"og:type\" content=\"article\" \/>\n<meta property=\"og:title\" content=\"Weiterverarbeitung - Trocellen, the European polyolefin foam solution provider\" \/>\n<meta property=\"og:url\" content=\"https:\/\/trocellen.com\/materials-technology\/converting\/\" \/>\n<meta property=\"og:site_name\" content=\"Trocellen, the European polyolefin foam solution provider\" \/>\n<meta property=\"article:modified_time\" content=\"2025-10-10T10:41:36+00:00\" \/>\n<meta name=\"twitter:card\" content=\"summary_large_image\" \/>\n<script type=\"application\/ld+json\" class=\"yoast-schema-graph\">{\"@context\":\"https:\/\/schema.org\",\"@graph\":[{\"@type\":\"WebPage\",\"@id\":\"https:\/\/trocellen.com\/materials-technology\/converting\/\",\"url\":\"https:\/\/trocellen.com\/materials-technology\/converting\/\",\"name\":\"Weiterverarbeitung - Trocellen, the European polyolefin foam solution provider\",\"isPartOf\":{\"@id\":\"https:\/\/trocellen.com\/#website\"},\"datePublished\":\"2025-04-29T08:17:34+00:00\",\"dateModified\":\"2025-10-10T10:41:36+00:00\",\"breadcrumb\":{\"@id\":\"https:\/\/trocellen.com\/materials-technology\/converting\/#breadcrumb\"},\"inLanguage\":\"de\",\"potentialAction\":[{\"@type\":\"ReadAction\",\"target\":[\"https:\/\/trocellen.com\/materials-technology\/converting\/\"]}]},{\"@type\":\"BreadcrumbList\",\"@id\":\"https:\/\/trocellen.com\/materials-technology\/converting\/#breadcrumb\",\"itemListElement\":[{\"@type\":\"ListItem\",\"position\":1,\"name\":\"Home\",\"item\":\"https:\/\/trocellen.com\/de\/\"},{\"@type\":\"ListItem\",\"position\":2,\"name\":\"Weiterverarbeitung\"}]},{\"@type\":\"WebSite\",\"@id\":\"https:\/\/trocellen.com\/#website\",\"url\":\"https:\/\/trocellen.com\/\",\"name\":\"Trocellen, the European polyolefin foam solution provider\",\"description\":\"TROCELLEN\u00ae is a leading manufacturer of chemically and physically cross-linked polyolefin and rubber foam solutions\",\"potentialAction\":[{\"@type\":\"SearchAction\",\"target\":{\"@type\":\"EntryPoint\",\"urlTemplate\":\"https:\/\/trocellen.com\/?s={search_term_string}\"},\"query-input\":{\"@type\":\"PropertyValueSpecification\",\"valueRequired\":true,\"valueName\":\"search_term_string\"}}],\"inLanguage\":\"de\"}]}<\/script>\n<!-- \/ Yoast SEO plugin. -->","yoast_head_json":{"title":"Weiterverarbeitung - Trocellen, the European polyolefin foam solution provider","robots":{"index":"index","follow":"follow","max-snippet":"max-snippet:-1","max-image-preview":"max-image-preview:large","max-video-preview":"max-video-preview:-1"},"canonical":"https:\/\/trocellen.com\/materials-technology\/converting\/","og_locale":"de_DE","og_type":"article","og_title":"Weiterverarbeitung - Trocellen, the European polyolefin foam solution provider","og_url":"https:\/\/trocellen.com\/materials-technology\/converting\/","og_site_name":"Trocellen, the European polyolefin foam solution provider","article_modified_time":"2025-10-10T10:41:36+00:00","twitter_card":"summary_large_image","schema":{"@context":"https:\/\/schema.org","@graph":[{"@type":"WebPage","@id":"https:\/\/trocellen.com\/materials-technology\/converting\/","url":"https:\/\/trocellen.com\/materials-technology\/converting\/","name":"Weiterverarbeitung - Trocellen, the European polyolefin foam solution provider","isPartOf":{"@id":"https:\/\/trocellen.com\/#website"},"datePublished":"2025-04-29T08:17:34+00:00","dateModified":"2025-10-10T10:41:36+00:00","breadcrumb":{"@id":"https:\/\/trocellen.com\/materials-technology\/converting\/#breadcrumb"},"inLanguage":"de","potentialAction":[{"@type":"ReadAction","target":["https:\/\/trocellen.com\/materials-technology\/converting\/"]}]},{"@type":"BreadcrumbList","@id":"https:\/\/trocellen.com\/materials-technology\/converting\/#breadcrumb","itemListElement":[{"@type":"ListItem","position":1,"name":"Home","item":"https:\/\/trocellen.com\/de\/"},{"@type":"ListItem","position":2,"name":"Weiterverarbeitung"}]},{"@type":"WebSite","@id":"https:\/\/trocellen.com\/#website","url":"https:\/\/trocellen.com\/","name":"Trocellen, the European polyolefin foam solution provider","description":"TROCELLEN\u00ae is a leading manufacturer of chemically and physically cross-linked polyolefin and rubber foam solutions","potentialAction":[{"@type":"SearchAction","target":{"@type":"EntryPoint","urlTemplate":"https:\/\/trocellen.com\/?s={search_term_string}"},"query-input":{"@type":"PropertyValueSpecification","valueRequired":true,"valueName":"search_term_string"}}],"inLanguage":"de"}]}},"_links":{"self":[{"href":"https:\/\/trocellen.com\/de\/wp-json\/wp\/v2\/pages\/7441","targetHints":{"allow":["GET"]}}],"collection":[{"href":"https:\/\/trocellen.com\/de\/wp-json\/wp\/v2\/pages"}],"about":[{"href":"https:\/\/trocellen.com\/de\/wp-json\/wp\/v2\/types\/page"}],"author":[{"embeddable":true,"href":"https:\/\/trocellen.com\/de\/wp-json\/wp\/v2\/users\/1"}],"replies":[{"embeddable":true,"href":"https:\/\/trocellen.com\/de\/wp-json\/wp\/v2\/comments?post=7441"}],"version-history":[{"count":5,"href":"https:\/\/trocellen.com\/de\/wp-json\/wp\/v2\/pages\/7441\/revisions"}],"predecessor-version":[{"id":14061,"href":"https:\/\/trocellen.com\/de\/wp-json\/wp\/v2\/pages\/7441\/revisions\/14061"}],"up":[{"embeddable":true,"href":"https:\/\/trocellen.com\/de\/wp-json\/wp\/v2\/pages\/7417"}],"wp:attachment":[{"href":"https:\/\/trocellen.com\/de\/wp-json\/wp\/v2\/media?parent=7441"}],"curies":[{"name":"wp","href":"https:\/\/api.w.org\/{rel}","templated":true}]}}