{"id":7400,"date":"2025-04-29T08:17:20","date_gmt":"2025-04-29T08:17:20","guid":{"rendered":"https:\/\/trocellen-dev.local\/the-foam\/"},"modified":"2025-10-10T10:05:25","modified_gmt":"2025-10-10T10:05:25","slug":"schaumstoffe","status":"publish","type":"page","link":"https:\/\/trocellen.com\/de\/material-technologie\/schaumstoffe\/","title":{"rendered":"Schaumstoffe"},"content":{"rendered":"\n<div class=\"group relative bg-white h-[48px]\" aria-hidden=\"true\"><\/div>\n\n\n<section class=\"general-content text-[#131313]\">\n    <div class=\"container\">\n        <div>\n            <h3 class=\"text-center\">In unseren Produktionsanlagen in Deutschland, Italien, Ungarn, Spanien und Malaysia stellen wir Polyolefinschaumstoffe her. Unsere Produkte kommen in unterschiedlichsten Branchen zum Einsatz, beispielsweise in der Automobil-, Bau-, D\u00e4mmstoff-, Freizeit-, Profisport-, Klebeband-, Schuh- und Verpackungsindustrie. <\/h3>\n\n            <p class=\"!font-bold text-center\">Obwohl wir in sehr heterogenen Branchen aktiv sind, beruhen unsere L\u00f6sungen allesamt auf denselben Grundprinzipien: geringes Gewicht, Umweltfreundlichkeit, hohe Qualit\u00e4t, dauerhafte Performance und Einfachheit.<\/p>        <\/div>\n    <\/div>\n<\/section>\n\n\n<div class=\"group relative bg-white h-[32px]\" aria-hidden=\"true\"><\/div>\n\n\n<div class=\"group relative bg-gray-200 h-[24px] laptop:h-[64px]\" aria-hidden=\"true\"><\/div>\n\n\n<section class=\"col-content bg-gray-200 \">\n    <div class=\"container\">\n        <div class=\"general-content\">\n            \n            <div class=\"flex flex-col tablet:flex-row gap-small items-start\">\n                <div class=\"flex-1 \">\n                    <h2>Anwendung und Arten von Polyethylenschaumstoffen<\/h2>\n                <\/div>\n\n                <div class=\"flex-1\">\n                    <p>PE Schaumstoff geh\u00f6rt neben denen aus Polystyrol und Polyurethan zu den am h\u00e4ufigsten in der Industrie eingesetzten Schaumstoffen. Ihr Einsatzgebiet ist \u00e4u\u00dferst vielf\u00e4ltig:<\/p>\n<ul>\n<li>f\u00fcr Isolierung<\/li>\n<li>bei Sportger\u00e4ten<\/li>\n<li>in der Fahrzeugproduktion<\/li>\n<li>als Verpackungsmaterial<\/li>\n<li>und sogar in der Schuhindustrie.<\/li>\n<\/ul>\n                <\/div>\n            <\/div>\n\n        <\/div>\n    <\/div>\n<\/section>\n\n\n<div class=\"group relative bg-gray-200 h-[32px]\" aria-hidden=\"true\"><\/div>\n\n\n<div class=\"group relative bg-white h-[24px] laptop:h-[64px]\" aria-hidden=\"true\"><\/div>\n\n\n        <section>\n            <div class=\"container\">\n                <div class=\"general-content\">\n                    <h2>Der Schaumstoff <\/h2>\n\n                    <div class=\"grid grid-cols-1 tablet:grid-cols-3 gap-default\">\n\n                        \n                        <div class=\"flex flex-col gap-default tablet:gap-medium text-center tablet:text-left\">\n                            <div>\n                                <img decoding=\"async\" class=\"mx-auto tablet:mx-0\" src=\"https:\/\/trocellen.com\/wp-content\/uploads\/2025\/05\/chemical-cross-link.png\" alt=\"\">\n                            <\/div>\n\n                            <h3>Chemisch vernetzte PE Schaumstoff<\/h3>\n                            <p>Hergestellt im horizontalen und kontinuierlichem Sch\u00e4umverfahren Robuste Oberfl\u00e4che In vielen Dicken und Dichten erh\u00e4ltlich<\/p>\n                        <\/div>\n\n                        \n                        <div class=\"flex flex-col gap-default tablet:gap-medium text-center tablet:text-left\">\n                            <div>\n                                <img decoding=\"async\" class=\"mx-auto tablet:mx-0\" src=\"https:\/\/trocellen.com\/wp-content\/uploads\/2025\/05\/physically-cross-linked.png\" alt=\"\">\n                            <\/div>\n\n                            <h3>Physikalisch vernetzte PE Schaumstoff<\/h3>\n                            <p>Vernetzung durch physikalische Bestrahlung Hergestellt im horizontalen oder vertikalen Sch\u00e4umverfahren Feine Zellstruktur und glatte Oberfl\u00e4che Sehr temperaturbest\u00e4ndiger PP-Schaum In vielen Dicken und Dichten erh\u00e4ltlich<\/p>\n                        <\/div>\n\n                        \n                        <div class=\"flex flex-col gap-default tablet:gap-medium text-center tablet:text-left\">\n                            <div>\n                                <img decoding=\"async\" class=\"mx-auto tablet:mx-0\" src=\"https:\/\/trocellen.com\/wp-content\/uploads\/2025\/05\/processing.png\" alt=\"\">\n                            <\/div>\n\n                            <h3>Verfahren<\/h3>\n                            <p>Verschiedene Laminierungsprozesse Selbstklebende Beschichtung Stanzen Thermoformverfahren Perforation und Pr\u00e4gung<\/p>\n                        <\/div>\n\n                        \n                    <\/div>\n                <\/div>\n            <\/div>\n        <\/section>\n\n\n\n\n<div class=\"group relative bg-white h-[24px] laptop:h-[64px]\" aria-hidden=\"true\"><\/div>\n\n\n<div class=\"group relative bg-gray-200 h-[24px] laptop:h-[64px]\" aria-hidden=\"true\"><\/div>\n\n\n<section class=\"col-content bg-gray-200 \">\n    <div class=\"container\">\n        <div class=\"general-content\">\n            \n            <div class=\"flex flex-col tablet:flex-col gap-small items-start\">\n                <div class=\"flex-1 w-full\">\n                    <h2>Wof\u00fcr steht PE?<\/h2>\n<p>PE steht f\u00fcr Polyethylen. Was ist Polyethylen? Die chemische Formel von Polyethylen lautet (C2H4), d. h. es handelt sich um ein auf Kohlenstoff und Wasserstoff basierendes Material. Polyethylenschaumstoffe sind geschlossenzellige feste Materialien, die mithilfe eines Treibgases aufgesch\u00e4umt wurden. Die einzelnen Gasphasen sind durch Schichten voneinander getrennt. Dadurch bilden sich die Zellen. Die Gesamtheit dieser Zellen bildet den Polyethylenschaumstoff.<\/p>\n<p>PE Schaumplatten sind flexibel und k\u00f6nnen dank ihrer Schaumstruktur Vibrationen absorbieren. PE Schaum ist bis zu drei\u00dfigmal leichter als Wasser und kann unterschiedliche Dicken (4\u2013500 mm) und Dichten (ca. 0,03\u20130,2 g\/cm3) aufweisen.<\/p>\n<p>Polyethylenschaumstoffe sind umwelt- und hautfreundlich und f\u00fcr die menschliche Gesundheit ungef\u00e4hrlich.<\/p>\n<p>Polyethylen geh\u00f6rt genauso wie Polypropylen zur Gruppe der Polyolefine.<\/p>\n                <\/div>\n\n                <div class=\"flex-1\">\n                                    <\/div>\n            <\/div>\n\n        <\/div>\n    <\/div>\n<\/section>\n\n\n<div class=\"group relative bg-gray-200 h-[32px]\" aria-hidden=\"true\"><\/div>\n\n\n<div class=\"group relative bg-white h-[24px] laptop:h-[64px]\" aria-hidden=\"true\"><\/div>\n\n\n<section class=\"col-content bg-white \">\n    <div class=\"container\">\n        <div class=\"general-content\">\n            \n            <div class=\"flex flex-col tablet:flex-row gap-small items-start\">\n                <div class=\"flex-1 \">\n                    <h2>Extrudierte (grobzellige, hochwei\u00dfe) Polyethylenschaumstoffe<\/h2>\n<h3>Anwendung: als Verpackungsmaterial<\/h3>\n                <\/div>\n\n                <div class=\"flex-1\">\n                    <p>Diese Art von Schaumstoffen wird haupts\u00e4chlich als Verpackungsmaterial eingesetzt und ist recycelbar. Es ist ein sehr leichtes und gleichzeitig robustes Material, das die Oberfl\u00e4chen der darin verpackten Artikel sch\u00fctzt. Diese Schaumstoffe gibt es in extrudierter und laminierter Form. Sie sind geschlossenzellig, jedoch nicht vernetzt.<\/p>\n                <\/div>\n            <\/div>\n\n        <\/div>\n    <\/div>\n<\/section>\n\n\n<div class=\"group relative bg-white h-[32px]\" aria-hidden=\"true\"><\/div>\n\n\n<div class=\"group relative bg-gray-200 h-[24px] laptop:h-[64px]\" aria-hidden=\"true\"><\/div>\n\n\n<section class=\"col-content bg-gray-200 \">\n    <div class=\"container\">\n        <div class=\"general-content\">\n            \n            <div class=\"flex flex-col tablet:flex-col gap-small items-start\">\n                <div class=\"flex-1 w-full\">\n                    <h2>Vernetzte Polyethylenschaumstoffe<\/h2>\n<p>Chemisch vernetzte Schaumstoffe bilden eine robuste Oberfl\u00e4che. Vernetzt bedeutet, dass die Molek\u00fcle beim Herstellungsverfahren chemisch miteinander verbunden werden, sodass die geraden Kohlenstoffketten eine miteinander vernetzte und somit langlebigere Struktur bilden. Durch die Feinheit der Zellstruktur erh\u00e4lt das Material eine noch h\u00f6here Stabilit\u00e4t.<\/p>\n<p>Es ist au\u00dferdem sowohl in feuerhemmender als auch in elektrisch leitf\u00e4higer Form erh\u00e4ltlich. Vernetzter PE Schaumstoff wird weitaus h\u00e4ufiger eingesetzt als extrudierter PE Schaum. Das liegt unter anderem an ihren Eigenschaften: Sie sind witterungsbest\u00e4ndig, unempfindlich gegen\u00fcber den meisten Chemikalien und wasserdampfundurchl\u00e4ssig. Somit sind sie ideal f\u00fcr die Herstellung von langlebigen D\u00e4mmstoffen, da sie gegen Insekten- und Nagetierfra\u00df resistent sind. Au\u00dferdem sind sie besonders vibrationsabsorbierend.<\/p>\n<p>Anwendung:<\/p>\n<ul>\n<li>als D\u00e4mmmaterial in der Automobilindustrie, im Maschinenbau und in der Architektur (aufgrund ihrer optimalen w\u00e4rme- und schalld\u00e4mmenden sowie wasserisolierenden Eigenschaften)<\/li>\n<li>aufgrund ihrer vibrationsd\u00e4mpfenden und -absorbierenden Eigenschaft werden sie auch zur Herstellung von Matratzen und Schuhsohlen verwendet<\/li>\n<\/ul>\n                <\/div>\n\n                <div class=\"flex-1\">\n                                    <\/div>\n            <\/div>\n\n        <\/div>\n    <\/div>\n<\/section>\n\n\n<div class=\"group relative bg-gray-200 h-[32px]\" aria-hidden=\"true\"><\/div>\n\n\n<div class=\"group relative bg-white h-[24px] laptop:h-[64px]\" aria-hidden=\"true\"><\/div>\n\n\n<section class=\"col-content bg-white \">\n    <div class=\"container\">\n        <div class=\"general-content\">\n            \n            <div class=\"flex flex-col tablet:flex-row gap-small items-start\">\n                <div class=\"flex-1 \">\n                    <h2>Biobasierte vernetzte\u00a0 Polyethylenschaumstoffe<\/h2>\n                <\/div>\n\n                <div class=\"flex-1\">\n                    <p>TR-EECell\u00a0ist ein biobasierter vernetzter Polyethylenschaumstoff, f\u00fcr dessen Herstellung fast ausschlie\u00dflich Rohstoffe aus Biomasse (Zuckerrohr) verwendet werden. Die Vorteile dieser Technologie und somit auch f\u00fcr den Polyethylenschaumstoff sind:<\/p>\n<ul>\n<li>umweltfreundliche Herstellung<\/li>\n<li>hohe Leistungsf\u00e4higkeit<\/li>\n<li>hohe Vielseitigkeit: die Anwendungsbereiche sind dieselben wie bei herk\u00f6mmlichen PE Schaum<\/li>\n<\/ul>\n                <\/div>\n            <\/div>\n\n        <\/div>\n    <\/div>\n<\/section>\n\n\n<div class=\"group relative bg-white h-[32px]\" aria-hidden=\"true\"><\/div>\n\n\n<div class=\"group relative bg-gray-200 h-[24px] laptop:h-[64px]\" aria-hidden=\"true\"><\/div>\n\n\n<section class=\"col-content bg-gray-200 \">\n    <div class=\"container\">\n        <div class=\"general-content\">\n            \n            <div class=\"flex flex-col tablet:flex-row gap-small items-start\">\n                <div class=\"flex-1 \">\n                    <h2>Der PE Schaumstoff von Trocellen<\/h2>\n                <\/div>\n\n                <div class=\"flex-1\">\n                    <p>In unseren Produktionsst\u00e4tten in Deutschland, Italien, Ungarn, Spanien und Malaysia stellen wir Polyolefinschaumstoffe her. Unsere Produkte werden in verschiedenen Branchen wie beispielsweise der Automobilindustrie, der Herstellung von Bau- und D\u00e4mmmaterialien, Freizeit- und Profisportger\u00e4ten, selbstklebenden Sch\u00e4umen sowie in der Schuh- und Verpackungsindustrie eingesetzt.<\/p>\n<p>Obwohl wir in so unterschiedlichen Bereichen t\u00e4tig sind, basieren unsere L\u00f6sungen stets auf denselben Prinzipien: geringes Gewicht, umweltfreundliche Herstellungsprozesse, hohe Qualit\u00e4t, gleichbleibende Performance und Einfachheit.<\/p>\n                <\/div>\n            <\/div>\n\n        <\/div>\n    <\/div>\n<\/section>\n\n\n<div class=\"group relative bg-gray-200 h-[32px]\" aria-hidden=\"true\"><\/div>\n\n\n<div class=\"group relative bg-white h-[24px] laptop:h-[64px]\" aria-hidden=\"true\"><\/div>\n\n\n<section class=\"col-content bg-white \">\n    <div class=\"container\">\n        <div class=\"general-content\">\n            \n            <div class=\"flex flex-col tablet:flex-row gap-small items-start\">\n                <div class=\"flex-1 \">\n                    <h2>Extrudierte (grobzellige, hochwei\u00dfe) Polyethylenschaumstoffe<\/h2>\n                <\/div>\n\n                <div class=\"flex-1\">\n                    <p>Der Preis eines PE-Schaums ist von den folgenden Faktoren abh\u00e4ngig:<\/p>\n<ul>\n<li>Dicke des Schaumstoffs<\/li>\n<li>Schaumstoffdichte<\/li>\n<li>Form und Gr\u00f6\u00dfe (z.B. PE Schaumplatten \/ PE Rollen \/ PE B\u00e4nder)<\/li>\n<li>selbstklebend oder nicht selbstklebend<\/li>\n<li>Feuerfestigkeit<\/li>\n<li>Farbe<\/li>\n<\/ul>\n                <\/div>\n            <\/div>\n\n        <\/div>\n    <\/div>\n<\/section>\n\n\n<div class=\"group relative bg-white h-[32px]\" aria-hidden=\"true\"><\/div>","protected":false},"excerpt":{"rendered":"","protected":false},"author":1,"featured_media":0,"parent":7417,"menu_order":0,"comment_status":"closed","ping_status":"closed","template":"template-parts\/page-general.php","meta":{"_acf_changed":false,"footnotes":""},"class_list":["post-7400","page","type-page","status-publish","hentry"],"acf":[],"yoast_head":"<!-- This site is optimized with the Yoast SEO plugin v25.9 - https:\/\/yoast.com\/wordpress\/plugins\/seo\/ -->\n<title>Schaumstoffe - Trocellen, the European polyolefin foam solution provider<\/title>\n<meta name=\"robots\" content=\"index, follow, max-snippet:-1, max-image-preview:large, max-video-preview:-1\" \/>\n<link rel=\"canonical\" href=\"https:\/\/trocellen.com\/de\/material-technologie\/schaumstoffe\/\" \/>\n<meta property=\"og:locale\" content=\"de_DE\" \/>\n<meta property=\"og:type\" content=\"article\" \/>\n<meta property=\"og:title\" content=\"Schaumstoffe - Trocellen, the European polyolefin foam solution provider\" \/>\n<meta property=\"og:url\" content=\"https:\/\/trocellen.com\/de\/material-technologie\/schaumstoffe\/\" \/>\n<meta property=\"og:site_name\" content=\"Trocellen, the European polyolefin foam solution provider\" \/>\n<meta property=\"article:modified_time\" content=\"2025-10-10T10:05:25+00:00\" \/>\n<meta name=\"twitter:card\" content=\"summary_large_image\" \/>\n<script type=\"application\/ld+json\" class=\"yoast-schema-graph\">{\"@context\":\"https:\/\/schema.org\",\"@graph\":[{\"@type\":\"WebPage\",\"@id\":\"https:\/\/trocellen.com\/de\/material-technologie\/schaumstoffe\/\",\"url\":\"https:\/\/trocellen.com\/de\/material-technologie\/schaumstoffe\/\",\"name\":\"Schaumstoffe - Trocellen, the European polyolefin foam solution provider\",\"isPartOf\":{\"@id\":\"https:\/\/trocellen.com\/#website\"},\"datePublished\":\"2025-04-29T08:17:20+00:00\",\"dateModified\":\"2025-10-10T10:05:25+00:00\",\"breadcrumb\":{\"@id\":\"https:\/\/trocellen.com\/de\/material-technologie\/schaumstoffe\/#breadcrumb\"},\"inLanguage\":\"de\",\"potentialAction\":[{\"@type\":\"ReadAction\",\"target\":[\"https:\/\/trocellen.com\/de\/material-technologie\/schaumstoffe\/\"]}]},{\"@type\":\"BreadcrumbList\",\"@id\":\"https:\/\/trocellen.com\/de\/material-technologie\/schaumstoffe\/#breadcrumb\",\"itemListElement\":[{\"@type\":\"ListItem\",\"position\":1,\"name\":\"Home\",\"item\":\"https:\/\/trocellen.com\/de\/\"},{\"@type\":\"ListItem\",\"position\":2,\"name\":\"Schaumstoffe\"}]},{\"@type\":\"WebSite\",\"@id\":\"https:\/\/trocellen.com\/#website\",\"url\":\"https:\/\/trocellen.com\/\",\"name\":\"Trocellen, the European polyolefin foam solution provider\",\"description\":\"TROCELLEN\u00ae is a leading manufacturer of chemically and physically cross-linked polyolefin and rubber foam solutions\",\"potentialAction\":[{\"@type\":\"SearchAction\",\"target\":{\"@type\":\"EntryPoint\",\"urlTemplate\":\"https:\/\/trocellen.com\/?s={search_term_string}\"},\"query-input\":{\"@type\":\"PropertyValueSpecification\",\"valueRequired\":true,\"valueName\":\"search_term_string\"}}],\"inLanguage\":\"de\"}]}<\/script>\n<!-- \/ Yoast SEO plugin. -->","yoast_head_json":{"title":"Schaumstoffe - Trocellen, the European polyolefin foam solution provider","robots":{"index":"index","follow":"follow","max-snippet":"max-snippet:-1","max-image-preview":"max-image-preview:large","max-video-preview":"max-video-preview:-1"},"canonical":"https:\/\/trocellen.com\/de\/material-technologie\/schaumstoffe\/","og_locale":"de_DE","og_type":"article","og_title":"Schaumstoffe - Trocellen, the European polyolefin foam solution provider","og_url":"https:\/\/trocellen.com\/de\/material-technologie\/schaumstoffe\/","og_site_name":"Trocellen, the European polyolefin foam solution provider","article_modified_time":"2025-10-10T10:05:25+00:00","twitter_card":"summary_large_image","schema":{"@context":"https:\/\/schema.org","@graph":[{"@type":"WebPage","@id":"https:\/\/trocellen.com\/de\/material-technologie\/schaumstoffe\/","url":"https:\/\/trocellen.com\/de\/material-technologie\/schaumstoffe\/","name":"Schaumstoffe - Trocellen, the European polyolefin foam solution provider","isPartOf":{"@id":"https:\/\/trocellen.com\/#website"},"datePublished":"2025-04-29T08:17:20+00:00","dateModified":"2025-10-10T10:05:25+00:00","breadcrumb":{"@id":"https:\/\/trocellen.com\/de\/material-technologie\/schaumstoffe\/#breadcrumb"},"inLanguage":"de","potentialAction":[{"@type":"ReadAction","target":["https:\/\/trocellen.com\/de\/material-technologie\/schaumstoffe\/"]}]},{"@type":"BreadcrumbList","@id":"https:\/\/trocellen.com\/de\/material-technologie\/schaumstoffe\/#breadcrumb","itemListElement":[{"@type":"ListItem","position":1,"name":"Home","item":"https:\/\/trocellen.com\/de\/"},{"@type":"ListItem","position":2,"name":"Schaumstoffe"}]},{"@type":"WebSite","@id":"https:\/\/trocellen.com\/#website","url":"https:\/\/trocellen.com\/","name":"Trocellen, the European polyolefin foam solution provider","description":"TROCELLEN\u00ae is a leading manufacturer of chemically and physically cross-linked polyolefin and rubber foam solutions","potentialAction":[{"@type":"SearchAction","target":{"@type":"EntryPoint","urlTemplate":"https:\/\/trocellen.com\/?s={search_term_string}"},"query-input":{"@type":"PropertyValueSpecification","valueRequired":true,"valueName":"search_term_string"}}],"inLanguage":"de"}]}},"_links":{"self":[{"href":"https:\/\/trocellen.com\/de\/wp-json\/wp\/v2\/pages\/7400","targetHints":{"allow":["GET"]}}],"collection":[{"href":"https:\/\/trocellen.com\/de\/wp-json\/wp\/v2\/pages"}],"about":[{"href":"https:\/\/trocellen.com\/de\/wp-json\/wp\/v2\/types\/page"}],"author":[{"embeddable":true,"href":"https:\/\/trocellen.com\/de\/wp-json\/wp\/v2\/users\/1"}],"replies":[{"embeddable":true,"href":"https:\/\/trocellen.com\/de\/wp-json\/wp\/v2\/comments?post=7400"}],"version-history":[{"count":5,"href":"https:\/\/trocellen.com\/de\/wp-json\/wp\/v2\/pages\/7400\/revisions"}],"predecessor-version":[{"id":14023,"href":"https:\/\/trocellen.com\/de\/wp-json\/wp\/v2\/pages\/7400\/revisions\/14023"}],"up":[{"embeddable":true,"href":"https:\/\/trocellen.com\/de\/wp-json\/wp\/v2\/pages\/7417"}],"wp:attachment":[{"href":"https:\/\/trocellen.com\/de\/wp-json\/wp\/v2\/media?parent=7400"}],"curies":[{"name":"wp","href":"https:\/\/api.w.org\/{rel}","templated":true}]}}