{"id":7348,"date":"2025-04-29T07:37:37","date_gmt":"2025-04-29T07:37:37","guid":{"rendered":"https:\/\/trocellen-dev.local\/von-trocellen\/trocellen-method\/"},"modified":"2025-10-21T13:10:26","modified_gmt":"2025-10-21T13:10:26","slug":"die-trocellen-methode","status":"publish","type":"page","link":"https:\/\/trocellen.com\/de\/von-trocellen\/die-trocellen-methode\/","title":{"rendered":"Die Trocellen-Methode"},"content":{"rendered":"\n<div class=\"group relative bg-white h-[32px]\" aria-hidden=\"true\"><\/div>\n\n\n<section class=\"general-content text-[#131313]\">\n    <div class=\"container\">\n        <div>\n            <h3 class=\"text-center\">Die Trocellen-Methode beschreibt den einzigartigen Ansatz von Trocellen, der den gesamten Wertsch\u00f6pfungsprozess vom Materialdesign bis hin zu komplexen Produkten und L\u00f6sungen kennzeichnet und so einen Mehrwert f\u00fcr die Branche, unsere Partner und die Verbraucher schafft. <\/h3>\n\n                    <\/div>\n    <\/div>\n<\/section>\n\n\n<div class=\"group relative bg-white h-[32px]\" aria-hidden=\"true\"><\/div>\n\n\n<div class=\"group relative bg-gray-200 h-[24px] laptop:h-[64px]\" aria-hidden=\"true\"><\/div>\n\n\n<section class=\"col-content bg-gray-200 \">\n    <div class=\"container\">\n        <div class=\"general-content\">\n            \n            <div class=\"flex flex-col tablet:flex-row gap-small items-start\">\n                <div class=\"flex-1 \">\n                    <p>Trocellen ist sehr viel mehr als nur ein einfacher Hersteller von Schaum- und Rohstoffen. Zwar bilden Schaumstoffe und die damit verbundenen Technologien den Kern des Gesch\u00e4ftsbereichs von Trocellen, doch unser Handeln ist gepr\u00e4gt von fundiertem Fachwissen, langj\u00e4hrigen Erfahrungen und etablierten Partnerschaften, umfassenden Kenntnissen im Bereich Design und Entwicklung, effektiven Prozessen und der F\u00e4higkeit zu Weiterbildung und Wachstum.<\/p>\n<p><iframe loading=\"lazy\" width=\"7022\" height=\"316\" src=\"https:\/\/www.youtube.com\/embed\/e93ZGLHgbvc?si=FUQelZ30Xf8g90Ve\" title=\"YouTube video player\" frameborder=\"0\" allow=\"accelerometer; autoplay; clipboard-write; encrypted-media; gyroscope; picture-in-picture; web-share\" referrerpolicy=\"strict-origin-when-cross-origin\" allowfullscreen><\/iframe><\/p>\n                <\/div>\n\n                <div class=\"flex-1\">\n                    <h3>Was macht unsere schaumstoffbasierten L\u00f6sungen auf dem Markt so einmalig?<\/h3>\n<ul class=\"wp-block-list\">\n<li>Effektive Prozesse von der Erfassung der Anforderungen bis hin zum gebrauchsfertigen Produkt bzw. der einsatzf\u00e4higen L\u00f6sung,<\/li>\n<li>Umfassendes Wissen \u00fcber den Schaumstoff selbst und die F\u00e4higkeit, eine optimale endg\u00fcltige L\u00f6sung zu finden, selbst unter Einbeziehung der molekularen Ebene,<\/li>\n<li>Weitreichende Kenntnisse und F\u00e4higkeiten in der Entwicklung, Herstellung und Umsetzung von Know-how,<\/li>\n<li>Detailliertes und wertvolles Wissen \u00fcber verschiedene Branchen,<\/li>\n<li>Zuverl\u00e4ssigkeit und Vertrauen \u2013 unsere Partner k\u00f6nnen auf uns z\u00e4hlen; wir unterhalten intensive, solide gesch\u00e4ftliche Beziehungen mit ihnen,<\/li>\n<li>Erfolgreiche, langfristige Zusammenarbeit basierend auf gemeinsamem Denken und Handeln, um hervorragende L\u00f6sungen zu entwickeln,<\/li>\n<li>Professioneller Service,<\/li>\n<li>Echte L\u00f6sungen f\u00fcr die Bed\u00fcrfnisse unserer Partner und unserer Branche.<\/li>\n<\/ul>\n                <\/div>\n            <\/div>\n\n        <\/div>\n    <\/div>\n<\/section>\n\n\n<div class=\"group relative bg-gray-200 h-[24px] laptop:h-[64px]\" aria-hidden=\"true\"><\/div>","protected":false},"excerpt":{"rendered":"","protected":false},"author":1,"featured_media":0,"parent":6778,"menu_order":0,"comment_status":"closed","ping_status":"closed","template":"template-parts\/page-general.php","meta":{"_acf_changed":false,"footnotes":""},"class_list":["post-7348","page","type-page","status-publish","hentry"],"acf":[],"yoast_head":"<!-- This site is optimized with the Yoast SEO plugin v25.9 - https:\/\/yoast.com\/wordpress\/plugins\/seo\/ -->\n<title>Die Trocellen-Methode - Trocellen, the European polyolefin foam solution provider<\/title>\n<meta name=\"robots\" content=\"index, follow, max-snippet:-1, max-image-preview:large, max-video-preview:-1\" \/>\n<link rel=\"canonical\" href=\"https:\/\/trocellen.com\/about-trocellen\/trocellen-method\/\" \/>\n<meta property=\"og:locale\" content=\"de_DE\" \/>\n<meta property=\"og:type\" content=\"article\" \/>\n<meta property=\"og:title\" content=\"Die Trocellen-Methode - Trocellen, the European polyolefin foam solution provider\" \/>\n<meta property=\"og:url\" content=\"https:\/\/trocellen.com\/about-trocellen\/trocellen-method\/\" \/>\n<meta property=\"og:site_name\" content=\"Trocellen, the European polyolefin foam solution provider\" \/>\n<meta property=\"article:modified_time\" content=\"2025-10-21T13:10:26+00:00\" \/>\n<meta name=\"twitter:card\" content=\"summary_large_image\" \/>\n<script type=\"application\/ld+json\" class=\"yoast-schema-graph\">{\"@context\":\"https:\/\/schema.org\",\"@graph\":[{\"@type\":\"WebPage\",\"@id\":\"https:\/\/trocellen.com\/about-trocellen\/trocellen-method\/\",\"url\":\"https:\/\/trocellen.com\/about-trocellen\/trocellen-method\/\",\"name\":\"Die Trocellen-Methode - Trocellen, the European polyolefin foam solution provider\",\"isPartOf\":{\"@id\":\"https:\/\/trocellen.com\/#website\"},\"datePublished\":\"2025-04-29T07:37:37+00:00\",\"dateModified\":\"2025-10-21T13:10:26+00:00\",\"breadcrumb\":{\"@id\":\"https:\/\/trocellen.com\/about-trocellen\/trocellen-method\/#breadcrumb\"},\"inLanguage\":\"de\",\"potentialAction\":[{\"@type\":\"ReadAction\",\"target\":[\"https:\/\/trocellen.com\/about-trocellen\/trocellen-method\/\"]}]},{\"@type\":\"BreadcrumbList\",\"@id\":\"https:\/\/trocellen.com\/about-trocellen\/trocellen-method\/#breadcrumb\",\"itemListElement\":[{\"@type\":\"ListItem\",\"position\":1,\"name\":\"Home\",\"item\":\"https:\/\/trocellen.com\/de\/\"},{\"@type\":\"ListItem\",\"position\":2,\"name\":\"Die Trocellen-Methode\"}]},{\"@type\":\"WebSite\",\"@id\":\"https:\/\/trocellen.com\/#website\",\"url\":\"https:\/\/trocellen.com\/\",\"name\":\"Trocellen, the European polyolefin foam solution provider\",\"description\":\"TROCELLEN\u00ae is a leading manufacturer of chemically and physically cross-linked polyolefin and rubber foam solutions\",\"potentialAction\":[{\"@type\":\"SearchAction\",\"target\":{\"@type\":\"EntryPoint\",\"urlTemplate\":\"https:\/\/trocellen.com\/?s={search_term_string}\"},\"query-input\":{\"@type\":\"PropertyValueSpecification\",\"valueRequired\":true,\"valueName\":\"search_term_string\"}}],\"inLanguage\":\"de\"}]}<\/script>\n<!-- \/ Yoast SEO plugin. -->","yoast_head_json":{"title":"Die Trocellen-Methode - Trocellen, the European polyolefin foam solution provider","robots":{"index":"index","follow":"follow","max-snippet":"max-snippet:-1","max-image-preview":"max-image-preview:large","max-video-preview":"max-video-preview:-1"},"canonical":"https:\/\/trocellen.com\/about-trocellen\/trocellen-method\/","og_locale":"de_DE","og_type":"article","og_title":"Die Trocellen-Methode - Trocellen, the European polyolefin foam solution provider","og_url":"https:\/\/trocellen.com\/about-trocellen\/trocellen-method\/","og_site_name":"Trocellen, the European polyolefin foam solution provider","article_modified_time":"2025-10-21T13:10:26+00:00","twitter_card":"summary_large_image","schema":{"@context":"https:\/\/schema.org","@graph":[{"@type":"WebPage","@id":"https:\/\/trocellen.com\/about-trocellen\/trocellen-method\/","url":"https:\/\/trocellen.com\/about-trocellen\/trocellen-method\/","name":"Die Trocellen-Methode - Trocellen, the European polyolefin foam solution provider","isPartOf":{"@id":"https:\/\/trocellen.com\/#website"},"datePublished":"2025-04-29T07:37:37+00:00","dateModified":"2025-10-21T13:10:26+00:00","breadcrumb":{"@id":"https:\/\/trocellen.com\/about-trocellen\/trocellen-method\/#breadcrumb"},"inLanguage":"de","potentialAction":[{"@type":"ReadAction","target":["https:\/\/trocellen.com\/about-trocellen\/trocellen-method\/"]}]},{"@type":"BreadcrumbList","@id":"https:\/\/trocellen.com\/about-trocellen\/trocellen-method\/#breadcrumb","itemListElement":[{"@type":"ListItem","position":1,"name":"Home","item":"https:\/\/trocellen.com\/de\/"},{"@type":"ListItem","position":2,"name":"Die Trocellen-Methode"}]},{"@type":"WebSite","@id":"https:\/\/trocellen.com\/#website","url":"https:\/\/trocellen.com\/","name":"Trocellen, the European polyolefin foam solution provider","description":"TROCELLEN\u00ae is a leading manufacturer of chemically and physically cross-linked polyolefin and rubber foam solutions","potentialAction":[{"@type":"SearchAction","target":{"@type":"EntryPoint","urlTemplate":"https:\/\/trocellen.com\/?s={search_term_string}"},"query-input":{"@type":"PropertyValueSpecification","valueRequired":true,"valueName":"search_term_string"}}],"inLanguage":"de"}]}},"_links":{"self":[{"href":"https:\/\/trocellen.com\/de\/wp-json\/wp\/v2\/pages\/7348","targetHints":{"allow":["GET"]}}],"collection":[{"href":"https:\/\/trocellen.com\/de\/wp-json\/wp\/v2\/pages"}],"about":[{"href":"https:\/\/trocellen.com\/de\/wp-json\/wp\/v2\/types\/page"}],"author":[{"embeddable":true,"href":"https:\/\/trocellen.com\/de\/wp-json\/wp\/v2\/users\/1"}],"replies":[{"embeddable":true,"href":"https:\/\/trocellen.com\/de\/wp-json\/wp\/v2\/comments?post=7348"}],"version-history":[{"count":5,"href":"https:\/\/trocellen.com\/de\/wp-json\/wp\/v2\/pages\/7348\/revisions"}],"predecessor-version":[{"id":14585,"href":"https:\/\/trocellen.com\/de\/wp-json\/wp\/v2\/pages\/7348\/revisions\/14585"}],"up":[{"embeddable":true,"href":"https:\/\/trocellen.com\/de\/wp-json\/wp\/v2\/pages\/6778"}],"wp:attachment":[{"href":"https:\/\/trocellen.com\/de\/wp-json\/wp\/v2\/media?parent=7348"}],"curies":[{"name":"wp","href":"https:\/\/api.w.org\/{rel}","templated":true}]}}