{"id":7326,"date":"2025-04-29T07:38:28","date_gmt":"2025-04-29T07:38:28","guid":{"rendered":"https:\/\/trocellen-dev.local\/von-trocellen\/history\/"},"modified":"2025-10-10T09:48:57","modified_gmt":"2025-10-10T09:48:57","slug":"geschichte","status":"publish","type":"page","link":"https:\/\/trocellen.com\/de\/von-trocellen\/geschichte\/","title":{"rendered":"Geschichte"},"content":{"rendered":"\n<div class=\"group relative bg-gray-200 h-[24px] laptop:h-[64px]\" aria-hidden=\"true\"><\/div>\n\n\n<section class=\"col-content bg-gray-200 \">\n    <div class=\"container\">\n        <div class=\"general-content\">\n            \n            <div class=\"flex flex-col tablet:flex-row gap-small items-start\">\n                <div class=\"flex-1 \">\n                    <h2>Von 1972 bis heute<\/h2>\n                <\/div>\n\n                <div class=\"flex-1\">\n                    <p>Trocellen wurde als neues Unternehmen und Marke von Dynamit Nobel und HT Troplast gegr\u00fcndet. Der Name und die Produkte erlangten schon bald einen erstklassigen Ruf und Trocellen wurde eine erfolgreiche Marke. Das von Weiterentwicklung und Ver\u00e4nderung gepr\u00e4gte Unternehmen mit Hauptsitz in Troisdorf, Deutschland, hat seither zahlreiche Standorte in Deutschland, Italien, Spanien, Ungarn, Russland und Malaysia er\u00f6ffnet oder erworben.<\/p>\n                <\/div>\n            <\/div>\n\n        <\/div>\n    <\/div>\n<\/section>\n\n\n<div class=\"group relative bg-gray-200 h-[24px] laptop:h-[64px]\" aria-hidden=\"true\"><\/div>\n\n\n<div class=\"group relative bg-white h-[24px] laptop:h-[64px]\" aria-hidden=\"true\"><\/div>\n\n\n        <section class=\"flex justify-center\" id=\"timeline\">\n            <div class=\"container relative max-w-2xl w-full\">\n                <div class=\"timeline-gradient absolute tablet:left-1\/2 -translate-x-1\/2 w-[2px] h-[95%]\"><\/div>\n\n                                \n                <div class=\"general-content timeline-item flex flex-col tablet:flex-row items-start relative pb-[4rem]\">\n                    <div class=\"timeline-text w-full tablet:w-1\/2 order-2 tablet:order-1\">\n\n                        \n                            <p class=\"last:mb-0 pl-[2rem] text-left\">Er\u00f6ffnung von 2 neuen Produktions- und Verarbeitungsbetrieben in Ungarn. Der Standort in Dunaharaszti ist vollst\u00e4ndig den Converted Automotive Solutions gewidmet, w\u00e4hrend der in Dabas eine Diversifizierung der Produktion der Sport- und Fitnessproduktpalette erm\u00f6glicht.<\/p> \n\n                                            <\/div>\n\n                    <div class=\"timeline-dot w-[2rem] h-[2rem] rounded-full absolute tablet:left-1\/2 transform -translate-x-1\/2\"><\/div>\n\n                    <div class=\"timeline-date right w-1\/2 order-1 tablet:order-2 pb-[3px] tablet:pb-0\">\n                        <h4 class=\"!pb-0\">2021<\/h4>\n                    <\/div>\n                <\/div>\n\n                                \n                <div class=\"general-content timeline-item flex flex-col tablet:flex-row items-start relative pb-[4rem]\">\n                    <div class=\"timeline-text w-full tablet:w-1\/2 order-2 tablet:order-1\">\n\n                        \n                            <p class=\"last:mb-0 pl-[2rem] text-left\">Als Ergebnis der kontinuierlichen Entwicklung hat Trocellen seine erste gr\u00fcne Marke eingef\u00fchrt: TR-EECell. Das zertifizierte neue Material ist ein biobasierter vernetzter Polyethylen-Schaumstoff, der aus Zuckerrohr-Biomasse stammenden Rohstoffen hergestellt wird. Die Trocellen TR-EECell Schaumstoffproduktpalette hat die biobasierte Zertifizierung von DIN CERTCO erhalten.<\/p> \n\n                                            <\/div>\n\n                    <div class=\"timeline-dot w-[2rem] h-[2rem] rounded-full absolute tablet:left-1\/2 transform -translate-x-1\/2\"><\/div>\n\n                    <div class=\"timeline-date right w-1\/2 order-1 tablet:order-2 pb-[3px] tablet:pb-0\">\n                        <h4 class=\"!pb-0\">2018<\/h4>\n                    <\/div>\n                <\/div>\n\n                                \n                <div class=\"general-content timeline-item flex flex-col tablet:flex-row items-start relative pb-[4rem]\">\n                    <div class=\"timeline-text w-full tablet:w-1\/2 order-2 tablet:order-1\">\n\n                        \n                            <p class=\"last:mb-0 pl-[2rem] text-left\">Furukawa ist zu 100% Eigent\u00fcmer der Trocellen GmbH geworden.<\/p> \n\n                                            <\/div>\n\n                    <div class=\"timeline-dot w-[2rem] h-[2rem] rounded-full absolute tablet:left-1\/2 transform -translate-x-1\/2\"><\/div>\n\n                    <div class=\"timeline-date right w-1\/2 order-1 tablet:order-2 pb-[3px] tablet:pb-0\">\n                        <h4 class=\"!pb-0\">2014<\/h4>\n                    <\/div>\n                <\/div>\n\n                                \n                <div class=\"general-content timeline-item flex flex-col tablet:flex-row items-start relative pb-[4rem]\">\n                    <div class=\"timeline-text w-full tablet:w-1\/2 order-2 tablet:order-1\">\n\n                        \n                            <p class=\"last:mb-0 pl-[2rem] text-left\">Trocellen nimmt Umstrukturierungen an seiner Organisationsgestaltung vor und richtet die Marktstrategie neu aus. Die Anforderungen unserer Partner stehen bei uns stets im Mittelpunkt. Die neue, auf Gesch\u00e4ftsbereichen basierende Organisationsgestaltung erm\u00f6glicht Trocellen durch besseres Verst\u00e4ndnis, kontinuierliche \u00dcberwachung und den Aufbau langfristiger Unternehmenskooperationen, schneller auf die Erfordernisse des Marktes zu reagieren.<\/p> \n\n                                            <\/div>\n\n                    <div class=\"timeline-dot w-[2rem] h-[2rem] rounded-full absolute tablet:left-1\/2 transform -translate-x-1\/2\"><\/div>\n\n                    <div class=\"timeline-date right w-1\/2 order-1 tablet:order-2 pb-[3px] tablet:pb-0\">\n                        <h4 class=\"!pb-0\">2011<\/h4>\n                    <\/div>\n                <\/div>\n\n                                \n                <div class=\"general-content timeline-item flex flex-col tablet:flex-row items-start relative pb-[4rem]\">\n                    <div class=\"timeline-text w-full tablet:w-1\/2 order-2 tablet:order-1\">\n\n                        \n                            <p class=\"last:mb-0 pl-[2rem] text-left\">Durch mehrere \u00dcbernahmen und Fusionen in Europa baut Trocellen seine Produktions- und Entwicklungskapazit\u00e4ten schrittweise weiter aus. Durch den Erwerb von Polifoam, einem 1984 gegr\u00fcndeten japanisch-ungarischen Gemeinschaftsunternehmen, wird Trocellen auch auf dem osteurop\u00e4ischen Markt zum f\u00fchrenden Anbieter von vernetzten Polyethylenschaumstoffen.<\/p> \n\n                                            <\/div>\n\n                    <div class=\"timeline-dot w-[2rem] h-[2rem] rounded-full absolute tablet:left-1\/2 transform -translate-x-1\/2\"><\/div>\n\n                    <div class=\"timeline-date right w-1\/2 order-1 tablet:order-2 pb-[3px] tablet:pb-0\">\n                        <h4 class=\"!pb-0\">2006-2010<\/h4>\n                    <\/div>\n                <\/div>\n\n                                \n                <div class=\"general-content timeline-item flex flex-col tablet:flex-row items-start relative pb-[4rem]\">\n                    <div class=\"timeline-text w-full tablet:w-1\/2 order-2 tablet:order-1\">\n\n                        \n                            <p class=\"last:mb-0 pl-[2rem] text-left\">Der n\u00e4chste wichtige Schritt in der Unternehmensgeschichte erfolgt 2005, als die beiden global agierenden, japanischen Konzerne Furukawa Electric Co. Ltd. und Otsuka Chemical Co. Ltd. Trocellen \u00fcbernehmen. Aufgrund der umfangreichen Branchenkenntnisse der beiden neuen Eigent\u00fcmer im Bereich Schaumstoffe kann Trocellen seine technologische und innovative Basis noch weiter st\u00e4rken.<\/p> \n\n                                            <\/div>\n\n                    <div class=\"timeline-dot w-[2rem] h-[2rem] rounded-full absolute tablet:left-1\/2 transform -translate-x-1\/2\"><\/div>\n\n                    <div class=\"timeline-date right w-1\/2 order-1 tablet:order-2 pb-[3px] tablet:pb-0\">\n                        <h4 class=\"!pb-0\">2005<\/h4>\n                    <\/div>\n                <\/div>\n\n                                \n                <div class=\"general-content timeline-item flex flex-col tablet:flex-row items-start relative pb-[4rem]\">\n                    <div class=\"timeline-text w-full tablet:w-1\/2 order-2 tablet:order-1\">\n\n                        \n                            <p class=\"last:mb-0 pl-[2rem] text-left\">Der Beginn des neuen Jahrtausends ist auch f\u00fcr Trocellen ein Neuanfang. Ende 2000 wird die Marke und das Produktportfolio dahinter zu einem eigenst\u00e4ndigen Unternehmen umgewandelt \u2013 die Trocellen GmbH. Dank umfangreicher Investitionen in die Produktionskapazit\u00e4t und Technologie nimmt das Unternehmen eine starke und einzigartige Marktstellung ein: Trocellen wird zum europaweit ersten Anbieter von sowohl chemisch als auch physikalisch vernetzten Schaumstoffen f\u00fcr unterschiedlichste Branchen, und das nicht nur in Europa, sondern weltweit.<\/p> \n\n                                            <\/div>\n\n                    <div class=\"timeline-dot w-[2rem] h-[2rem] rounded-full absolute tablet:left-1\/2 transform -translate-x-1\/2\"><\/div>\n\n                    <div class=\"timeline-date right w-1\/2 order-1 tablet:order-2 pb-[3px] tablet:pb-0\">\n                        <h4 class=\"!pb-0\">2000<\/h4>\n                    <\/div>\n                <\/div>\n\n                                \n                <div class=\"general-content timeline-item flex flex-col tablet:flex-row items-start relative pb-[4rem]\">\n                    <div class=\"timeline-text w-full tablet:w-1\/2 order-2 tablet:order-1\">\n\n                        \n                            <p class=\"last:mb-0 pl-[2rem] text-left\">Globale Expansion: Der Grundstein f\u00fcr die globalen Aktivit\u00e4ten in Europa wurde durch \u00dcbernahmen und Gesch\u00e4ftsentwicklung gelegt.<\/p> \n\n                                            <\/div>\n\n                    <div class=\"timeline-dot w-[2rem] h-[2rem] rounded-full absolute tablet:left-1\/2 transform -translate-x-1\/2\"><\/div>\n\n                    <div class=\"timeline-date right w-1\/2 order-1 tablet:order-2 pb-[3px] tablet:pb-0\">\n                        <h4 class=\"!pb-0\">1972-2000<\/h4>\n                    <\/div>\n                <\/div>\n\n                                \n                <div class=\"general-content timeline-item flex flex-col tablet:flex-row items-start relative pb-[4rem]\">\n                    <div class=\"timeline-text w-full tablet:w-1\/2 order-2 tablet:order-1\">\n\n                        \n                            <p class=\"last:mb-0 pl-[2rem] text-left\">Der erste Trocellen-Schaum wurde als Teil des Dynamit Nobel-Konzerns produziert. <\/p> \n\n                                            <\/div>\n\n                    <div class=\"timeline-dot w-[2rem] h-[2rem] rounded-full absolute tablet:left-1\/2 transform -translate-x-1\/2\"><\/div>\n\n                    <div class=\"timeline-date right w-1\/2 order-1 tablet:order-2 pb-[3px] tablet:pb-0\">\n                        <h4 class=\"!pb-0\">1972<\/h4>\n                    <\/div>\n                <\/div>\n\n                \n            <\/div>\n        <\/section>\n\n\n\n\n<div class=\"group relative bg-white h-[24px] laptop:h-[64px]\" aria-hidden=\"true\"><\/div>\n\n\n<section class=\"general-content text-[#131313]\">\n    <div class=\"container\">\n        <div>\n            <h3 class=\"text-center\">Created to care, designed to perform <\/h3>\n\n                    <\/div>\n    <\/div>\n<\/section>\n\n\n<div class=\"group relative bg-white h-[24px] laptop:h-[64px]\" aria-hidden=\"true\"><\/div>","protected":false},"excerpt":{"rendered":"","protected":false},"author":1,"featured_media":0,"parent":6778,"menu_order":0,"comment_status":"closed","ping_status":"closed","template":"template-parts\/page-general.php","meta":{"_acf_changed":false,"footnotes":""},"class_list":["post-7326","page","type-page","status-publish","hentry"],"acf":[],"yoast_head":"<!-- This site is optimized with the Yoast SEO plugin v25.9 - https:\/\/yoast.com\/wordpress\/plugins\/seo\/ -->\n<title>Geschichte - Trocellen, the European polyolefin foam solution provider<\/title>\n<meta name=\"robots\" content=\"index, follow, max-snippet:-1, max-image-preview:large, max-video-preview:-1\" \/>\n<link rel=\"canonical\" href=\"https:\/\/trocellen.com\/about-trocellen\/history\/\" \/>\n<meta property=\"og:locale\" content=\"de_DE\" \/>\n<meta property=\"og:type\" content=\"article\" \/>\n<meta property=\"og:title\" content=\"Geschichte - Trocellen, the European polyolefin foam solution provider\" \/>\n<meta property=\"og:url\" content=\"https:\/\/trocellen.com\/about-trocellen\/history\/\" \/>\n<meta property=\"og:site_name\" content=\"Trocellen, the European polyolefin foam solution provider\" \/>\n<meta property=\"article:modified_time\" content=\"2025-10-10T09:48:57+00:00\" \/>\n<meta name=\"twitter:card\" content=\"summary_large_image\" \/>\n<script type=\"application\/ld+json\" class=\"yoast-schema-graph\">{\"@context\":\"https:\/\/schema.org\",\"@graph\":[{\"@type\":\"WebPage\",\"@id\":\"https:\/\/trocellen.com\/about-trocellen\/history\/\",\"url\":\"https:\/\/trocellen.com\/about-trocellen\/history\/\",\"name\":\"Geschichte - Trocellen, the European polyolefin foam solution provider\",\"isPartOf\":{\"@id\":\"https:\/\/trocellen.com\/#website\"},\"datePublished\":\"2025-04-29T07:38:28+00:00\",\"dateModified\":\"2025-10-10T09:48:57+00:00\",\"breadcrumb\":{\"@id\":\"https:\/\/trocellen.com\/about-trocellen\/history\/#breadcrumb\"},\"inLanguage\":\"de\",\"potentialAction\":[{\"@type\":\"ReadAction\",\"target\":[\"https:\/\/trocellen.com\/about-trocellen\/history\/\"]}]},{\"@type\":\"BreadcrumbList\",\"@id\":\"https:\/\/trocellen.com\/about-trocellen\/history\/#breadcrumb\",\"itemListElement\":[{\"@type\":\"ListItem\",\"position\":1,\"name\":\"Home\",\"item\":\"https:\/\/trocellen.com\/de\/\"},{\"@type\":\"ListItem\",\"position\":2,\"name\":\"Geschichte\"}]},{\"@type\":\"WebSite\",\"@id\":\"https:\/\/trocellen.com\/#website\",\"url\":\"https:\/\/trocellen.com\/\",\"name\":\"Trocellen, the European polyolefin foam solution provider\",\"description\":\"TROCELLEN\u00ae is a leading manufacturer of chemically and physically cross-linked polyolefin and rubber foam solutions\",\"potentialAction\":[{\"@type\":\"SearchAction\",\"target\":{\"@type\":\"EntryPoint\",\"urlTemplate\":\"https:\/\/trocellen.com\/?s={search_term_string}\"},\"query-input\":{\"@type\":\"PropertyValueSpecification\",\"valueRequired\":true,\"valueName\":\"search_term_string\"}}],\"inLanguage\":\"de\"}]}<\/script>\n<!-- \/ Yoast SEO plugin. -->","yoast_head_json":{"title":"Geschichte - Trocellen, the European polyolefin foam solution provider","robots":{"index":"index","follow":"follow","max-snippet":"max-snippet:-1","max-image-preview":"max-image-preview:large","max-video-preview":"max-video-preview:-1"},"canonical":"https:\/\/trocellen.com\/about-trocellen\/history\/","og_locale":"de_DE","og_type":"article","og_title":"Geschichte - Trocellen, the European polyolefin foam solution provider","og_url":"https:\/\/trocellen.com\/about-trocellen\/history\/","og_site_name":"Trocellen, the European polyolefin foam solution provider","article_modified_time":"2025-10-10T09:48:57+00:00","twitter_card":"summary_large_image","schema":{"@context":"https:\/\/schema.org","@graph":[{"@type":"WebPage","@id":"https:\/\/trocellen.com\/about-trocellen\/history\/","url":"https:\/\/trocellen.com\/about-trocellen\/history\/","name":"Geschichte - Trocellen, the European polyolefin foam solution provider","isPartOf":{"@id":"https:\/\/trocellen.com\/#website"},"datePublished":"2025-04-29T07:38:28+00:00","dateModified":"2025-10-10T09:48:57+00:00","breadcrumb":{"@id":"https:\/\/trocellen.com\/about-trocellen\/history\/#breadcrumb"},"inLanguage":"de","potentialAction":[{"@type":"ReadAction","target":["https:\/\/trocellen.com\/about-trocellen\/history\/"]}]},{"@type":"BreadcrumbList","@id":"https:\/\/trocellen.com\/about-trocellen\/history\/#breadcrumb","itemListElement":[{"@type":"ListItem","position":1,"name":"Home","item":"https:\/\/trocellen.com\/de\/"},{"@type":"ListItem","position":2,"name":"Geschichte"}]},{"@type":"WebSite","@id":"https:\/\/trocellen.com\/#website","url":"https:\/\/trocellen.com\/","name":"Trocellen, the European polyolefin foam solution provider","description":"TROCELLEN\u00ae is a leading manufacturer of chemically and physically cross-linked polyolefin and rubber foam solutions","potentialAction":[{"@type":"SearchAction","target":{"@type":"EntryPoint","urlTemplate":"https:\/\/trocellen.com\/?s={search_term_string}"},"query-input":{"@type":"PropertyValueSpecification","valueRequired":true,"valueName":"search_term_string"}}],"inLanguage":"de"}]}},"_links":{"self":[{"href":"https:\/\/trocellen.com\/de\/wp-json\/wp\/v2\/pages\/7326","targetHints":{"allow":["GET"]}}],"collection":[{"href":"https:\/\/trocellen.com\/de\/wp-json\/wp\/v2\/pages"}],"about":[{"href":"https:\/\/trocellen.com\/de\/wp-json\/wp\/v2\/types\/page"}],"author":[{"embeddable":true,"href":"https:\/\/trocellen.com\/de\/wp-json\/wp\/v2\/users\/1"}],"replies":[{"embeddable":true,"href":"https:\/\/trocellen.com\/de\/wp-json\/wp\/v2\/comments?post=7326"}],"version-history":[{"count":5,"href":"https:\/\/trocellen.com\/de\/wp-json\/wp\/v2\/pages\/7326\/revisions"}],"predecessor-version":[{"id":13976,"href":"https:\/\/trocellen.com\/de\/wp-json\/wp\/v2\/pages\/7326\/revisions\/13976"}],"up":[{"embeddable":true,"href":"https:\/\/trocellen.com\/de\/wp-json\/wp\/v2\/pages\/6778"}],"wp:attachment":[{"href":"https:\/\/trocellen.com\/de\/wp-json\/wp\/v2\/media?parent=7326"}],"curies":[{"name":"wp","href":"https:\/\/api.w.org\/{rel}","templated":true}]}}