{"id":7299,"date":"2025-04-29T07:38:08","date_gmt":"2025-04-29T07:38:08","guid":{"rendered":"https:\/\/trocellen-dev.local\/von-trocellen\/ambition\/"},"modified":"2026-04-17T12:45:04","modified_gmt":"2026-04-17T12:45:04","slug":"leitbild-und-werte","status":"publish","type":"page","link":"https:\/\/trocellen.com\/de\/von-trocellen\/leitbild-und-werte\/","title":{"rendered":"Leitbild und Werte"},"content":{"rendered":"\n<div class=\"group relative bg-gray-200 h-[24px] laptop:h-[64px]\" aria-hidden=\"true\"><\/div>\n\n\n<section class=\"col-content bg-gray-200 \">\n    <div class=\"container\">\n        <div class=\"general-content\">\n            \n            <div class=\"flex flex-col tablet:flex-row gap-small items-center\">\n                <div class=\"flex-1 \">\n                    <h3><img loading=\"lazy\" decoding=\"async\" class=\"wp-image-15144 size-full alignleft\" style=\"display: inline-block; margin-right: 10px;\" src=\"https:\/\/trocellen.com\/wp-content\/uploads\/2025\/11\/Trocellen-Purpose-Logo-Brand-Mark-on-White-e1764324244568.png\" alt=\"\" width=\"40\" height=\"40\" \/>Trocellen Leitbild<\/h3>\n<h2>Wir erm\u00f6glichen Menschen ein gutes Leben und ebnen den Web in eine bessere Welt.<\/h2>\n                <\/div>\n\n                <div class=\"flex-1\">\n                    <p><strong>Wir erm\u00f6glichen Menschen ein gutes Leben und\u00a0<\/strong><strong>weisen den Weg in eine bessere Zukunft<\/strong><\/p>\n<p>Wir schaffen fortschrittliche L\u00f6sungen f\u00fcr Verbraucher und Industrie in den Bereichen Sicherheit und Komfort, die das Leben der Menschen verbessern und eine bessere Zukunft f\u00fcr alle sichern.<\/p>\n<p>Ruhe, Entspannung und volle Konzentration \u2013 wir schaffen eine Umgebung, in der Sie sich auf das Wesentliche konzentrieren k\u00f6nnen.<\/p>\n<p>Als Branchenf\u00fchrer schaffen wir Vertrauen, pflegen Gesch\u00e4ftsbeziehungen und tragen bei jedem Schritt zu den globalen Nachhaltigkeitsbem\u00fchungen bei. Wir verpflichten uns, ein fairer Arbeitgeber zu sein, der den Wert seiner Mitarbeitenden anerkennt: Gemeinsam schaffen wir dauerhafte Werte.<\/p>\n                <\/div>\n            <\/div>\n\n        <\/div>\n    <\/div>\n<\/section>\n\n\n<div class=\"group relative bg-gray-200 h-[24px] laptop:h-[64px]\" aria-hidden=\"true\"><\/div>\n\n\n<div class=\"group relative bg-white h-[32px]\" aria-hidden=\"true\"><\/div>\n\n<section class=\"heading-block\">\n    <div class=\"container\">\n        \n        <div class=\"general-content border-b-[4px] border-gradient !py-small text-center\">\n            \n            \n                <div class=\"general-content\">\n                        <h2 class=\"!p-0 !border-none\">\n                            Werte                        <\/h2>\n                                    <\/div>\n\n            \n        <\/div>\n    <\/div>\n<\/section>\n\n\n<div class=\"group relative bg-white h-[32px]\" aria-hidden=\"true\"><\/div>\n\n\n        <section>\n            <div class=\"container tablet:max-w-[416px] laptop:max-w-[562px]\">\n                <div class=\"flex flex-col gap-xs\">\n\n                \n                    <div class=\"general-content\">\n                        <div class=\"border-b-[2px] border-gradient w-full flex items-center gap-[15px]\">\n                            <img decoding=\"async\" src=\"https:\/\/trocellen.com\/wp-content\/uploads\/2025\/10\/Values_icon_collaboration-1.png\" alt=\"\">\n                            <span class=\"uppercase font-light text-[1.375rem] leading-[2.5rem] py-xs block \">ZUSAMMENARBEIT UND EIGENVERANTWORTUNG <\/span>\n                        <\/div>\n\n                        \n                        <div class=\"py-default\">\n                            <p>Wir sch\u00e4tzen Teamarbeit und schaffen ein unterst\u00fctzendes Umfeld, in dem jeder Kollege die M\u00f6glichkeit hat, Verantwortung zu \u00fcbernehmen, zu gemeinsamen Zielen beizutragen und gemeinsam mit dem Unternehmen zu wachsen.<\/p>\n                        <\/div>\n\n                        \n                    <\/div>\n\n                \n                    <div class=\"general-content\">\n                        <div class=\"border-b-[2px] border-gradient w-full flex items-center gap-[15px]\">\n                            <img decoding=\"async\" src=\"https:\/\/trocellen.com\/wp-content\/uploads\/2025\/10\/Values_icon_innovation-1.png\" alt=\"\">\n                            <span class=\"uppercase font-light text-[1.375rem] leading-[2.5rem] py-xs block \">INNOVATION UND FOKUS AUF DEN MARKT<\/span>\n                        <\/div>\n\n                        \n                        <div class=\"py-default\">\n                            <p>Wir erweitern Grenzen und f\u00f6rdern Kreativit\u00e4t, um L\u00f6sungen zu liefern, die unseren Kunden einen dauerhaften Mehrwert bieten.<\/p>\n                        <\/div>\n\n                        \n                    <\/div>\n\n                \n                    <div class=\"general-content\">\n                        <div class=\"border-b-[2px] border-gradient w-full flex items-center gap-[15px]\">\n                            <img decoding=\"async\" src=\"https:\/\/trocellen.com\/wp-content\/uploads\/2025\/10\/Values_icon_integrity-1.png\" alt=\"\">\n                            <span class=\"uppercase font-light text-[1.375rem] leading-[2.5rem] py-xs block \">INTEGRIT\u00c4T UND TRANSPARENZ<\/span>\n                        <\/div>\n\n                        \n                        <div class=\"py-default\">\n                            <p>Wir stehen f\u00fcr Ehrlichkeit und Offenheit und schaffen Vertrauen und Verantwortlichkeit innerhalb unseres Teams und gegen\u00fcber unseren Partnern.<\/p>\n                        <\/div>\n\n                        \n                    <\/div>\n\n                \n                    <div class=\"general-content\">\n                        <div class=\"border-b-[2px] border-gradient w-full flex items-center gap-[15px]\">\n                            <img decoding=\"async\" src=\"https:\/\/trocellen.com\/wp-content\/uploads\/2025\/10\/Values_icon_diversity-1.png\" alt=\"\">\n                            <span class=\"uppercase font-light text-[1.375rem] leading-[2.5rem] py-xs block \">VIELFALT UND EINBINDUNG<\/span>\n                        <\/div>\n\n                        \n                        <div class=\"py-default\">\n                            <p>Wir begr\u00fc\u00dfen unterschiedliche Perspektiven, um eine Kultur zu schaffen, die Unterschiede feiert und Gleichberechtigung f\u00f6rdert.<\/p>\n                        <\/div>\n\n                        \n                    <\/div>\n\n                \n                    <div class=\"general-content\">\n                        <div class=\"border-b-[2px] border-gradient w-full flex items-center gap-[15px]\">\n                            <img decoding=\"async\" src=\"https:\/\/trocellen.com\/wp-content\/uploads\/2025\/10\/Values_icon_sustainability-1.png\" alt=\"\">\n                            <span class=\"uppercase font-light text-[1.375rem] leading-[2.5rem] py-xs block \">NACHHALTIGKEIT UND VERANTWORTUNG<\/span>\n                        <\/div>\n\n                        \n                        <div class=\"py-default\">\n                            <p>Wir setzen uns f\u00fcr nachhaltige Praktiken und verantwortungsvolle Entscheidungen zum Wohle unseres Planeten und der Gesellschaft ein.<\/p>\n                        <\/div>\n\n                        \n                    <\/div>\n\n                \n                <\/div>\n            <\/div>\n        <\/section>\n    \n\n\n\n<div class=\"group relative bg-white h-[32px]\" aria-hidden=\"true\"><\/div>","protected":false},"excerpt":{"rendered":"","protected":false},"author":1,"featured_media":0,"parent":6778,"menu_order":0,"comment_status":"closed","ping_status":"closed","template":"template-parts\/page-general.php","meta":{"_acf_changed":false,"footnotes":""},"class_list":["post-7299","page","type-page","status-publish","hentry"],"acf":[],"yoast_head":"<!-- This site is optimized with the Yoast SEO plugin v25.9 - https:\/\/yoast.com\/wordpress\/plugins\/seo\/ -->\n<title>Leitbild und Werte - Trocellen, the European polyolefin foam solution provider<\/title>\n<meta name=\"robots\" content=\"index, follow, max-snippet:-1, max-image-preview:large, max-video-preview:-1\" \/>\n<link rel=\"canonical\" href=\"https:\/\/trocellen.com\/de\/von-trocellen\/leitbild-und-werte\/\" \/>\n<meta property=\"og:locale\" content=\"de_DE\" \/>\n<meta property=\"og:type\" content=\"article\" \/>\n<meta property=\"og:title\" content=\"Leitbild und Werte - Trocellen, the European polyolefin foam solution provider\" \/>\n<meta property=\"og:url\" content=\"https:\/\/trocellen.com\/de\/von-trocellen\/leitbild-und-werte\/\" \/>\n<meta property=\"og:site_name\" content=\"Trocellen, the European polyolefin foam solution provider\" \/>\n<meta property=\"article:modified_time\" content=\"2026-04-17T12:45:04+00:00\" \/>\n<meta name=\"twitter:card\" content=\"summary_large_image\" \/>\n<script type=\"application\/ld+json\" class=\"yoast-schema-graph\">{\"@context\":\"https:\/\/schema.org\",\"@graph\":[{\"@type\":\"WebPage\",\"@id\":\"https:\/\/trocellen.com\/de\/von-trocellen\/leitbild-und-werte\/\",\"url\":\"https:\/\/trocellen.com\/de\/von-trocellen\/leitbild-und-werte\/\",\"name\":\"Leitbild und Werte - Trocellen, the European polyolefin foam solution provider\",\"isPartOf\":{\"@id\":\"https:\/\/trocellen.com\/#website\"},\"datePublished\":\"2025-04-29T07:38:08+00:00\",\"dateModified\":\"2026-04-17T12:45:04+00:00\",\"breadcrumb\":{\"@id\":\"https:\/\/trocellen.com\/de\/von-trocellen\/leitbild-und-werte\/#breadcrumb\"},\"inLanguage\":\"de\",\"potentialAction\":[{\"@type\":\"ReadAction\",\"target\":[\"https:\/\/trocellen.com\/de\/von-trocellen\/leitbild-und-werte\/\"]}]},{\"@type\":\"BreadcrumbList\",\"@id\":\"https:\/\/trocellen.com\/de\/von-trocellen\/leitbild-und-werte\/#breadcrumb\",\"itemListElement\":[{\"@type\":\"ListItem\",\"position\":1,\"name\":\"Home\",\"item\":\"https:\/\/trocellen.com\/de\/\"},{\"@type\":\"ListItem\",\"position\":2,\"name\":\"Leitbild und Werte\"}]},{\"@type\":\"WebSite\",\"@id\":\"https:\/\/trocellen.com\/#website\",\"url\":\"https:\/\/trocellen.com\/\",\"name\":\"Trocellen, the European polyolefin foam solution provider\",\"description\":\"TROCELLEN\u00ae is a leading manufacturer of chemically and physically cross-linked polyolefin and rubber foam solutions\",\"potentialAction\":[{\"@type\":\"SearchAction\",\"target\":{\"@type\":\"EntryPoint\",\"urlTemplate\":\"https:\/\/trocellen.com\/?s={search_term_string}\"},\"query-input\":{\"@type\":\"PropertyValueSpecification\",\"valueRequired\":true,\"valueName\":\"search_term_string\"}}],\"inLanguage\":\"de\"}]}<\/script>\n<!-- \/ Yoast SEO plugin. -->","yoast_head_json":{"title":"Leitbild und Werte - Trocellen, the European polyolefin foam solution provider","robots":{"index":"index","follow":"follow","max-snippet":"max-snippet:-1","max-image-preview":"max-image-preview:large","max-video-preview":"max-video-preview:-1"},"canonical":"https:\/\/trocellen.com\/de\/von-trocellen\/leitbild-und-werte\/","og_locale":"de_DE","og_type":"article","og_title":"Leitbild und Werte - Trocellen, the European polyolefin foam solution provider","og_url":"https:\/\/trocellen.com\/de\/von-trocellen\/leitbild-und-werte\/","og_site_name":"Trocellen, the European polyolefin foam solution provider","article_modified_time":"2026-04-17T12:45:04+00:00","twitter_card":"summary_large_image","schema":{"@context":"https:\/\/schema.org","@graph":[{"@type":"WebPage","@id":"https:\/\/trocellen.com\/de\/von-trocellen\/leitbild-und-werte\/","url":"https:\/\/trocellen.com\/de\/von-trocellen\/leitbild-und-werte\/","name":"Leitbild und Werte - Trocellen, the European polyolefin foam solution provider","isPartOf":{"@id":"https:\/\/trocellen.com\/#website"},"datePublished":"2025-04-29T07:38:08+00:00","dateModified":"2026-04-17T12:45:04+00:00","breadcrumb":{"@id":"https:\/\/trocellen.com\/de\/von-trocellen\/leitbild-und-werte\/#breadcrumb"},"inLanguage":"de","potentialAction":[{"@type":"ReadAction","target":["https:\/\/trocellen.com\/de\/von-trocellen\/leitbild-und-werte\/"]}]},{"@type":"BreadcrumbList","@id":"https:\/\/trocellen.com\/de\/von-trocellen\/leitbild-und-werte\/#breadcrumb","itemListElement":[{"@type":"ListItem","position":1,"name":"Home","item":"https:\/\/trocellen.com\/de\/"},{"@type":"ListItem","position":2,"name":"Leitbild und Werte"}]},{"@type":"WebSite","@id":"https:\/\/trocellen.com\/#website","url":"https:\/\/trocellen.com\/","name":"Trocellen, the European polyolefin foam solution provider","description":"TROCELLEN\u00ae is a leading manufacturer of chemically and physically cross-linked polyolefin and rubber foam solutions","potentialAction":[{"@type":"SearchAction","target":{"@type":"EntryPoint","urlTemplate":"https:\/\/trocellen.com\/?s={search_term_string}"},"query-input":{"@type":"PropertyValueSpecification","valueRequired":true,"valueName":"search_term_string"}}],"inLanguage":"de"}]}},"_links":{"self":[{"href":"https:\/\/trocellen.com\/de\/wp-json\/wp\/v2\/pages\/7299","targetHints":{"allow":["GET"]}}],"collection":[{"href":"https:\/\/trocellen.com\/de\/wp-json\/wp\/v2\/pages"}],"about":[{"href":"https:\/\/trocellen.com\/de\/wp-json\/wp\/v2\/types\/page"}],"author":[{"embeddable":true,"href":"https:\/\/trocellen.com\/de\/wp-json\/wp\/v2\/users\/1"}],"replies":[{"embeddable":true,"href":"https:\/\/trocellen.com\/de\/wp-json\/wp\/v2\/comments?post=7299"}],"version-history":[{"count":5,"href":"https:\/\/trocellen.com\/de\/wp-json\/wp\/v2\/pages\/7299\/revisions"}],"predecessor-version":[{"id":15946,"href":"https:\/\/trocellen.com\/de\/wp-json\/wp\/v2\/pages\/7299\/revisions\/15946"}],"up":[{"embeddable":true,"href":"https:\/\/trocellen.com\/de\/wp-json\/wp\/v2\/pages\/6778"}],"wp:attachment":[{"href":"https:\/\/trocellen.com\/de\/wp-json\/wp\/v2\/media?parent=7299"}],"curies":[{"name":"wp","href":"https:\/\/api.w.org\/{rel}","templated":true}]}}