{"id":14869,"date":"2025-11-20T07:33:27","date_gmt":"2025-11-20T07:33:27","guid":{"rendered":"https:\/\/trocellen-dev.local\/privacy-statement\/"},"modified":"2025-11-20T08:16:44","modified_gmt":"2025-11-20T08:16:44","slug":"privacy-statement","status":"publish","type":"page","link":"https:\/\/trocellen.com\/de\/privacy-statement\/","title":{"rendered":"Datenschutzerkl\u00e4rung"},"content":{"rendered":"\n<div class=\"group relative bg-gray-200 h-[24px] laptop:h-[64px]\" aria-hidden=\"true\"><\/div>\n\n\n<section class=\"col-content bg-gray-200 \">\n    <div class=\"container\">\n        <div class=\"general-content\">\n            \n            <div class=\"flex flex-col tablet:flex-col gap-small items-start\">\n                <div class=\"flex-1 w-full\">\n                    <h3 class=\"wp-block-heading\">Datenschutzerkl\u00e4rung f\u00fcr die Nutzung der Website<\/h3>\n<p><strong>Trocellen GmbH\u00a0<\/strong>mit Sitz in M\u00fclheimer Stra\u00dfe 26, 53840 Troisdorf, Deutschland., informiert Sie hiermit als Datenverantwortlicher (nachfolgend \u201e<strong>Datenverantwortlicher<\/strong>\u201d genannt) gem\u00e4\u00df der Verordnung (EU) Nr. 2016\/679 (\u201e<strong>DSGVO<\/strong>\u201c) und den geltenden nationalen Datenschutzvorschriften \u00fcber die Verarbeitung Ihrer personenbezogenen Daten gem\u00e4\u00df den folgenden Modalit\u00e4ten und zu den folgenden Zwecken.<\/p>\n<p><strong>1. Gegenstand der Datenverarbeitung<\/strong><\/p>\n<p>Der Datenverantwortliche verarbeitet personenbezogene Daten (nachfolgend \u201eDaten\u201c oder \u201epersonenbezogene Daten\u201d genannt) (insbesondere Vorname, Nachname, E-Mail-Adresse, Telefonnummer, Standortbereich, IP-Adresse usw.), die von Ihnen beim Besuch der Website des Datenverantwortlichen trocellen.com und deren Subdom\u00e4nen (Gesch\u00e4ftsbereiche insulation.trocellen.com, automotive.trocellen.com, adhesive-tapes.trocellen.com, sport-home-leisure.trocellen.com, footwear.trocellen.com, packaging.trocellen.com, progame-shockpads.com, progame-tatami.com, polifoam.hu, tctoday.com, tcinnolab.com, tcinnolab.hu, smrt-lab.com, smrtmug.com, smrtracket.com, smrtyoga.com, tctoday.com, wellstep.eu, nachfolgend \u201eWebsiten\u201d genannt) bzw. im Rahmen einer an den Datenverantwortlichen gerichteten Kontaktanfrage \u00fcbermittelt werden.<\/p>\n<p><strong>2. Zweck und Rechtsgrundlage der Verarbeitung<\/strong><\/p>\n<p>Ihre pers\u00f6nlichen Daten werden ohne Ihre vorherige Einwilligung\u00a0f\u00fcr die\u00a0folgenden Zwecke\u00a0und auf der folgenden Rechtsgrundlage verarbeitet:<\/p>\n<ul class=\"wp-block-list\">\n<li><strong>Die Erf\u00fcllung des Vertrages oder vorvertraglicher Verpflichtungen<\/strong>, insbesondere:\n<ul class=\"wp-block-list\">\n<li>Abschluss, Erf\u00fcllung und Verwaltung des Vertrages, Erbringung der Dienstleistungen, die sich aus dem kommerziellen Angebot des Datenverantwortlichen ergeben und technische Unterst\u00fctzung, Verwaltung der Abrechnungsdienstleistungen, der Beschwerden und Streitigkeiten, Versand von Dienstnachrichten, Datenwiederherstellung, Verhinderung betr\u00fcgerischer Handlungen und\/oder sch\u00e4dlichen Misshandlungen;<\/li>\n<li>Bearbeitung Ihrer Kontaktanfrage;<\/li>\n<li>Verwaltung und Wartung der Website.<\/li>\n<\/ul>\n<\/li>\n<li><strong>Die Verfolgung eines berechtigten Interesses des Datenverantwortlichen<\/strong>, insbesondere:\n<ul class=\"wp-block-list\">\n<li>Verhinderung und Aufdeckung betr\u00fcgerischer Handlungen oder des Missbrauchs der Website;<\/li>\n<li>Aus\u00fcbung des Rechts des Datenverantwortlichen, wie z. B. des Rechts auf Verteidigung in einem Gerichtsprozess;<\/li>\n<li>Wenn Sie bereits Kunde sind, k\u00f6nnen wir Ihnen auch kommerzielle Mitteilungen an die von Ihnen angegebene E-Mail-Adresse senden, welche bereits von Ihnen verwendete Produkte und Dienstleistungen des Datenverantwortlichen zum Gegenstand haben. Sie haben bei jeder empfangenen E-Mail die M\u00f6glichkeit, dem Erhalt weiterer Mitteilungen zu widersprechen, indem Sie auf den jeweiligen Link klicken.<\/li>\n<\/ul>\n<\/li>\n<li><strong>Die Erf\u00fcllung gesetzlicher Verpflichtungen des Datenverantwortlichen<\/strong>, wie z.B.:\n<ul class=\"wp-block-list\">\n<li>Erf\u00fcllung der Verpflichtungen, die sich aus Gesetzen, Verordnungen oder nationalen und EU-Rechtsvorschriften ergeben oder von den zust\u00e4ndigen Beh\u00f6rden festgelegt werden.<\/li>\n<\/ul>\n<\/li>\n<\/ul>\n<p>Ihre personenbezogenen Daten werden nur mit Ihrer vorherigen Einwilligung zu den folgenden Zwecken verarbeitet. Ihre Einwilligung k\u00f6nnen Sie jederzeit mit Wirkung f\u00fcr die Zukunft gegen\u00fcber dem Datenverantwortlichen widerrufen:<\/p>\n<ul class=\"wp-block-list\">\n<li>Zwecke der Weitergabe: Der Datenverantwortliche gibt die personenbezogenen Daten an seine Vertragsh\u00e4ndler weiter, damit diese Ihnen die gew\u00fcnschten Informationen \u00fcber die Produkte von Trocellen zur Verf\u00fcgung stellen und Ihren Einkauf bei ihnen abwickeln k\u00f6nnen, sofern der Datenverantwortliche nicht die M\u00f6glichkeit hat, diese Dienstleistung selbst zu erbringen. Bitte beachten Sie, dass in diesem Fall der Datenverantwortliche personenbezogene Daten an den Vertragsh\u00e4ndler weitergibt, der Ihnen geografisch am n\u00e4chsten ist. Der Standort des H\u00e4ndlers wird in Bezug auf den Standortbereich berechnet, den Sie beim Datenverantwortlichen angeben.<\/li>\n<li>Nutzung von Cookies und \u00e4hnlichen Technologien:<br \/>\nWir nutzen Cookies und \u00e4hnliche Technologien zur Analyse von allgemeinem Nutzerverhalten oder statischen Erhebungen im Sinne der Cookie-Richtlinie (vgl. Ziffer 4\u00a0<em>Einsatz von Cookies und vergleichbaren Technologien<\/em>).<\/li>\n<li>Marketingzwecke:<br \/>\nSie k\u00f6nnen vom Datenverantwortlichen durch Telefonate, E-Mails, Newsletter \u00fcber Fragebogen, Initiativen und kommerziellen Angebote und Umfragen informiert werden.<\/li>\n<\/ul>\n<p><strong>3. Einsatz von Cookies und vergleichbaren Technologien<\/strong><\/p>\n<p>Auf unseren Websiten nutzen wir Cookies und \u00e4hnliche Technologien. Cookies k\u00f6nnen Daten enthalten, die eine Wiedererkennung des genutzten Ger\u00e4ts m\u00f6glich machen. Teilweise enthalten Cookies aber auch lediglich Informationen zu bestimmten Einstellungen, die nicht personenbeziehbar sind. Cookies k\u00f6nnen einen Nutzer aber nicht direkt identifizieren.\u00a0Man unterscheidet zwischen Session-Cookies, die wieder gel\u00f6scht werden, sobald Sie ihren Browser schlie\u00dfen und permanenten Cookies, die \u00fcber die einzelne Sitzung hinaus gespeichert werden.<\/p>\n<p>Weitere Informationen, was Cookies und \u00e4hnliche Technologien sind, welche Cookies wir verwenden und wie Sie Ihre Cookie-Einstellungen verwalten, finden Sie in unserer\u00a0<a href=\"https:\/\/trocellen.com\/de\/cookie-policy\/\" target=\"_blank\" rel=\"noreferrer noopener\">Cookie-Richtlinie<\/a>.<\/p>\n<p><strong>4. Modalit\u00e4ten der Datenverarbeitung<\/strong><\/p>\n<p>Ihre Daten werden elektronisch in Form von Datenerhebung, Registrierung, Organisation, Speicherung, Beratung, Ausarbeitung, \u00c4nderung, Auswahl, Abruf, Gegen\u00fcberstellung, Nutzung, Kombination, Sperrung, Kommunikation, L\u00f6schung und Vernichtung verarbeitet.<\/p>\n<p><strong>5. Speicherung der Daten<\/strong><\/p>\n<p>Der Datenverantwortliche verarbeitet die personenbezogenen Daten nur so lange, wie es f\u00fcr die Erf\u00fcllung der vorstehend genannten vertraglichen Zwecke und berechtigten Interessen erforderlich ist, in jedem Fall aber maximal:<\/p>\n<ul class=\"wp-block-list\">\n<li>5 Jahre nach Beendigung des Vertragsverh\u00e4ltnisses zu vertraglichen Zwecken;<\/li>\n<li>2 Jahre nach der Erhebung f\u00fcr Marketingzwecke;<\/li>\n<li>1 Jahr nach der Erhebung f\u00fcr die Zwecke der Weitergabe;<\/li>\n<li>w\u00e4hrend des Zeitraums, der in der Cookie-Erkl\u00e4rung in unserem Einwilligung-Banner f\u00fcr die Nutzung von Cookies\/\u00e4hnlichen Technologien angegeben ist.<\/li>\n<\/ul>\n<p><strong>6. Zugriff auf Daten<\/strong><\/p>\n<p>Ihre Daten k\u00f6nnen f\u00fcr die vorstehend genannten Zwecke den folgenden Personen zug\u00e4nglich gemacht werden:<\/p>\n<ul class=\"wp-block-list\">\n<li>Mitarbeiter des Datenverantwortlichen und\/oder der Tochtergesellschaften, die aufgrund ihrer Rolle als Verantwortliche f\u00fcr die Verarbeitung und\/oder interne Datenverarbeiter und\/oder Systemadministratoren Zugriff auf die Daten ben\u00f6tigen;<\/li>\n<li>Unternehmen der Unternehmensgruppe, dritte Unternehmen oder andere Parteien (z. B. IT-Dienstleister, Kreditinstitute, Spezialunternehmen usw.), die im Auftrag des Datenverantwortlichen Outsourcing-Aktivit\u00e4ten durchf\u00fchren und Daten als externe Datenverarbeiter verarbeiten.<\/li>\n<\/ul>\n<p><strong>7. Daten\u00fcbermittlung<\/strong><\/p>\n<p>Ihre Daten k\u00f6nnen auch ohne Ihre vorherige Zustimmung auf deren Anfrage an Kontroll-, Polizei- oder Justizbeh\u00f6rden \u00fcbermittelt werden, die diese in ihrer Eigenschaft als unabh\u00e4ngige Datenverantwortliche f\u00fcr institutionelle Zwecke und\/oder gem\u00e4\u00df den gesetzlichen Vorschriften im Rahmen von Ermittlungen und Kontrollen verarbeiten. Dar\u00fcber hinaus k\u00f6nnen Ihre Daten an Dritte (z.\u00a0B. Partner, unabh\u00e4ngige Auftragnehmer, Vertreter, Vertragsh\u00e4ndler usw.) \u00fcbermittelt werden, die sie als unabh\u00e4ngige Datenverantwortliche verarbeiten, um f\u00fcr die vorstehend genannten Zwecke erforderliche Handlungen durchzuf\u00fchren.<\/p>\n<p><strong>8. Weiterleitung von Daten<\/strong><\/p>\n<p>Die Daten werden nicht ver\u00f6ffentlicht, k\u00f6nnen aber zu den vorstehend genannten Zwecken an andere L\u00e4nder au\u00dferhalb der EU weitergeleitet werden wie Malaysia und Japan. Um ein angemessenes Datenschutzniveau zu gew\u00e4hrleisten, erfolgt die Weiterleitung gem\u00e4\u00df den von der Europ\u00e4ischen Kommission genehmigten Angemessenheitsentscheidungen oder der Annahme der von der Europ\u00e4ischen Kommission ausgearbeiteten Standardvertragsklauseln durch den Datenverantwortlichen.<\/p>\n<p><strong>9. Art der Datenbereitstellung<\/strong><\/p>\n<p>Die Bereitstellung von Daten f\u00fcr vertragliche Zwecke ist obligatorisch: Diese Daten sind notwendig, um die Dienste des Datenverantwortlichen zu nutzen. Sollten Sie sich gegen eine Bereitstellung Ihrer Daten entscheiden, so k\u00f6nnen Sie die Dienste des Datenverantwortlichen nicht in Anspruch nehmen.<\/p>\n<p>Die Bereitstellung von Daten f\u00fcr Marketingzwecke ist freiwillig. Sollten Sie sich gegen eine Bereitstellung Ihrer Daten entscheiden, so k\u00f6nnen Sie die Dienste des Datenverantwortlichen dennoch nutzen. Wenn Sie sich jedoch gegen eine Bereitstellung Ihrer Daten entscheiden, so k\u00f6nnen Sie nicht l\u00e4nger unsere kommerziellen Mitteilungen erhalten.<\/p>\n<p>Die Bereitstellung von Daten zum Zwecke der Weitergabe ist freiwillig, und sollten Sie sich gegen die Bereitstellung Ihrer Daten entscheiden, werden diese nicht an unsere Vertragsh\u00e4ndler weitergegeben. Sie k\u00f6nnen den Kauf bei ihnen dann aber nicht abschlie\u00dfen.<\/p>\n<p><strong>10. Rechte der betroffenen Person<\/strong><\/p>\n<p>Der Datenverantwortliche informiert Sie dar\u00fcber, dass Sie in Ihrer Eigenschaft als betroffene Person die folgenden Rechte haben:<\/p>\n<ul class=\"wp-block-list\">\n<li>Best\u00e4tigung und verst\u00e4ndliche Informationen \u00fcber das Vorhandensein oder Nichtvorhandensein der Sie betreffenden personenbezogenen Daten zu erhalten, selbst wenn Sie nicht registriert sind;<\/li>\n<li>Auskunft und gegebenenfalls eine Kopie zu verlangen \u00fcber folgende Informationen: a) Quelle und Kategorie der personenbezogenen Daten; b) angewandte Logik, falls die Verarbeitung elektronisch erfolgt; c) Zweck und Modalit\u00e4ten der Verarbeitung; d) Angaben zur Identit\u00e4t des Datenverantwortlichen und der Datenverarbeiter; e) Empf\u00e4nger oder Kategorien von Empf\u00e4ngern, gegen\u00fcber denen die personenbezogenen Daten offengelegt worden sind oder noch offengelegt werden, insbesondere, wenn es sich um Empf\u00e4nger in anderen EU-L\u00e4ndern oder internationale Organisationen handelt; e) Dauer, f\u00fcr die die personenbezogenen Daten gespeichert werden, oder, falls dies nicht m\u00f6glich ist, die Kriterien zur Festlegung dieser Dauer; f) Bestehen eines automatisierten Entscheidungsfindungsprozesses und ggf. Informationen \u00fcber die involvierte Logik, die Tragweite und die angestrebten Folgen f\u00fcr die betroffene Person; g) Vorhandensein angemessener Garantien im Falle der \u00dcbermittlung personenbezogener Daten an ein anderes Land au\u00dferhalb der EU oder eine internationale Organisation;<\/li>\n<li>zu verlangen, dass unvollst\u00e4ndige Daten unverz\u00fcglich aktualisiert, berichtigt oder bei Interesse vervollst\u00e4ndigt werden:<\/li>\n<li>die L\u00f6schung, Anonymisierung oder Sperrung von Daten zu erwirken, wenn: a) deren Verarbeitung gegen ein Gesetz verst\u00f6\u00dft; b) sie f\u00fcr die Zwecke, f\u00fcr die sie erhoben oder weiterverarbeitet wurden, nicht mehr erforderlich sind; c) Sie die der Verarbeitung zugrunde liegende Einwilligung widerrufen und kein sonstiger Rechtsgrund f\u00fcr die Verarbeitung besteht; d) Sie der Verarbeitung widersprechen und keine zwingenden gesetzlichen Gr\u00fcnde f\u00fcr die Verarbeitung vorliegen; e) dies zur Erf\u00fcllung einer gesetzlichen Verpflichtung geschieht; f) sie sich auf Kinder beziehen. Der Datenverantwortliche kann die L\u00f6schung verweigern, wenn dies erforderlich ist: a) zur Aus\u00fcbung des Rechts auf freie Meinungs\u00e4u\u00dferung und Informationsfreiheit; b) zur Erf\u00fcllung einer gesetzlichen Verpflichtung, zur Erf\u00fcllung einer Aufgabe, die im \u00f6ffentlichen Interesse oder in Aus\u00fcbung \u00f6ffentlicher Gewalt ausgef\u00fchrt wird; c) aus Gr\u00fcnden des \u00f6ffentlichen Interesses; d) zur Erreichung von Zwecken, die im \u00f6ffentlichen Interesse liegen, zu wissenschaftlichen oder historischen Forschungszwecken oder zu statistischen Zwecken; e) zur Geltendmachung von Rechtsanspr\u00fcchen;<\/li>\n<li>die Einschr\u00e4nkung der Verarbeitung zu erwirken, wenn: a) die Richtigkeit der personenbezogenen Daten bestritten wird; b) die Verarbeitung rechtswidrig ist und die betroffene Person die L\u00f6schung der personenbezogenen Daten ablehnt; c) Sie die Daten f\u00fcr die Aus\u00fcbung von Rechtsanspr\u00fcchen ben\u00f6tigen; d) gepr\u00fcft wurde, ob das berechtigte Interesse des Datenverantwortlichen gegen\u00fcber dem der betroffenen Person \u00fcberwiegt;<\/li>\n<li>im Falle einer automatisierten Verarbeitung die Sie betreffenden personenbezogenen Daten in einem strukturierten, allgemein gebr\u00e4uchlichen und maschinenlesbaren Format zu erhalten und diese Daten an einen anderen Datenverantwortlichen zu \u00fcbermitteln, ohne durch den Datenverantwortlichen gehindert zu werden, dem diese Daten zur Verf\u00fcgung gestellt wurden;<\/li>\n<li>ganz oder teilweise Widerspruch einzulegen gegen a) die Verarbeitung der Sie betreffenden personenbezogenen Daten aus rechtm\u00e4\u00dfigen Gr\u00fcnden, auch wenn sie sich auf den Zweck der Datenerhebung beziehen; b) die Verarbeitung der Sie betreffenden personenbezogenen Daten zum Zwecke des Versands von Werbematerial oder des Direktvertriebs oder f\u00fcr Marktforschungen oder kommerzielle Mitteilungen.<\/li>\n<li>eine Datenschutzbeschwerde bei der zust\u00e4ndigen Aufsichtsbeh\u00f6rde einzureichen.<\/li>\n<\/ul>\n<p>In den vorstehend genannten F\u00e4llen teilt der Datenverantwortliche erforderlichenfalls jede Aus\u00fcbung Ihrer Rechte jedem Dritten mit, dem die personenbezogenen Daten mitgeteilt werden; hiervon ausgenommen sind Sonderf\u00e4lle (z.\u00a0B. wenn sich dies als unm\u00f6glich erweist oder mit unverhltnism\u00e4\u00dfigem Aufwand verbunden ist).<\/p>\n<p><strong>11. Modalit\u00e4ten der Aus\u00fcbung von Rechten<\/strong><\/p>\n<p>Sie k\u00f6nnen Ihre Rechte jederzeit aus\u00fcben, z.B.<\/p>\n<ul class=\"wp-block-list\">\n<li>indem Sie sich postalisch an den Datenverantwortlichen wenden;<\/li>\n<li>indem Sie eine E-Mail an\u00a0<a href=\"mailto:germany@trocellen.com\">germany@trocellen.com<\/a>\u00a0senden;<\/li>\n<li>unter der folgenden Telefonnummer anrufen: +49 2241 25 49\u00a0450.<\/li>\n<\/ul>\n<p><strong>12. Datenverantwortliche, Datenverarbeiter und f\u00fcr die Verarbeitung verantwortliche Personen<\/strong><\/p>\n<p>Der Datenverantwortliche ist die Trocellen GmbH.<\/p>\n<p>Der ernannte Datenschutzbeauftragte ist:<\/p>\n<ul class=\"wp-block-list\">\n<li>Detlef Gro\u00dfmann<\/li>\n<li>Anschrift und Telefonnummer: +49 2241 25 49\u00a0450.<\/li>\n<\/ul>\n<p>Die aktuelle Liste der Datenverarbeiter ist im B\u00fcro des Datenverantwortlichen in M\u00fclheimer Stra\u00dfe 26, 53840 Troisdorf, Deutschland hinterlegt.<\/p>\n<p>Troisdorf, den 06. August 2024<\/p>\n                <\/div>\n\n                <div class=\"flex-1\">\n                                    <\/div>\n            <\/div>\n\n        <\/div>\n    <\/div>\n<\/section>\n\n\n<div class=\"group relative bg-gray-200 h-[24px] laptop:h-[64px]\" aria-hidden=\"true\"><\/div>","protected":false},"excerpt":{"rendered":"","protected":false},"author":1,"featured_media":0,"parent":0,"menu_order":0,"comment_status":"closed","ping_status":"closed","template":"template-parts\/page-general.php","meta":{"_acf_changed":false,"footnotes":""},"class_list":["post-14869","page","type-page","status-publish","hentry"],"acf":[],"yoast_head":"<!-- This site is optimized with the Yoast SEO plugin v25.9 - https:\/\/yoast.com\/wordpress\/plugins\/seo\/ -->\n<title>Datenschutzerkl\u00e4rung - Trocellen, the European polyolefin foam solution provider<\/title>\n<meta name=\"robots\" content=\"index, follow, max-snippet:-1, max-image-preview:large, max-video-preview:-1\" \/>\n<link rel=\"canonical\" href=\"https:\/\/trocellen.com\/privacy-statement\/\" \/>\n<meta property=\"og:locale\" content=\"de_DE\" \/>\n<meta property=\"og:type\" content=\"article\" \/>\n<meta property=\"og:title\" content=\"Datenschutzerkl\u00e4rung - Trocellen, the European polyolefin foam solution provider\" \/>\n<meta property=\"og:url\" content=\"https:\/\/trocellen.com\/privacy-statement\/\" \/>\n<meta property=\"og:site_name\" content=\"Trocellen, the European polyolefin foam solution provider\" \/>\n<meta property=\"article:modified_time\" content=\"2025-11-20T08:16:44+00:00\" \/>\n<meta name=\"twitter:card\" content=\"summary_large_image\" \/>\n<script type=\"application\/ld+json\" class=\"yoast-schema-graph\">{\"@context\":\"https:\/\/schema.org\",\"@graph\":[{\"@type\":\"WebPage\",\"@id\":\"https:\/\/trocellen.com\/privacy-statement\/\",\"url\":\"https:\/\/trocellen.com\/privacy-statement\/\",\"name\":\"Datenschutzerkl\u00e4rung - Trocellen, the European polyolefin foam solution provider\",\"isPartOf\":{\"@id\":\"https:\/\/trocellen.com\/#website\"},\"datePublished\":\"2025-11-20T07:33:27+00:00\",\"dateModified\":\"2025-11-20T08:16:44+00:00\",\"breadcrumb\":{\"@id\":\"https:\/\/trocellen.com\/privacy-statement\/#breadcrumb\"},\"inLanguage\":\"de\",\"potentialAction\":[{\"@type\":\"ReadAction\",\"target\":[\"https:\/\/trocellen.com\/privacy-statement\/\"]}]},{\"@type\":\"BreadcrumbList\",\"@id\":\"https:\/\/trocellen.com\/privacy-statement\/#breadcrumb\",\"itemListElement\":[{\"@type\":\"ListItem\",\"position\":1,\"name\":\"Home\",\"item\":\"https:\/\/trocellen.com\/de\/\"},{\"@type\":\"ListItem\",\"position\":2,\"name\":\"Datenschutzerkl\u00e4rung\"}]},{\"@type\":\"WebSite\",\"@id\":\"https:\/\/trocellen.com\/#website\",\"url\":\"https:\/\/trocellen.com\/\",\"name\":\"Trocellen, the European polyolefin foam solution provider\",\"description\":\"TROCELLEN\u00ae is a leading manufacturer of chemically and physically cross-linked polyolefin and rubber foam solutions\",\"potentialAction\":[{\"@type\":\"SearchAction\",\"target\":{\"@type\":\"EntryPoint\",\"urlTemplate\":\"https:\/\/trocellen.com\/?s={search_term_string}\"},\"query-input\":{\"@type\":\"PropertyValueSpecification\",\"valueRequired\":true,\"valueName\":\"search_term_string\"}}],\"inLanguage\":\"de\"}]}<\/script>\n<!-- \/ Yoast SEO plugin. -->","yoast_head_json":{"title":"Datenschutzerkl\u00e4rung - Trocellen, the European polyolefin foam solution provider","robots":{"index":"index","follow":"follow","max-snippet":"max-snippet:-1","max-image-preview":"max-image-preview:large","max-video-preview":"max-video-preview:-1"},"canonical":"https:\/\/trocellen.com\/privacy-statement\/","og_locale":"de_DE","og_type":"article","og_title":"Datenschutzerkl\u00e4rung - Trocellen, the European polyolefin foam solution provider","og_url":"https:\/\/trocellen.com\/privacy-statement\/","og_site_name":"Trocellen, the European polyolefin foam solution provider","article_modified_time":"2025-11-20T08:16:44+00:00","twitter_card":"summary_large_image","schema":{"@context":"https:\/\/schema.org","@graph":[{"@type":"WebPage","@id":"https:\/\/trocellen.com\/privacy-statement\/","url":"https:\/\/trocellen.com\/privacy-statement\/","name":"Datenschutzerkl\u00e4rung - Trocellen, the European polyolefin foam solution provider","isPartOf":{"@id":"https:\/\/trocellen.com\/#website"},"datePublished":"2025-11-20T07:33:27+00:00","dateModified":"2025-11-20T08:16:44+00:00","breadcrumb":{"@id":"https:\/\/trocellen.com\/privacy-statement\/#breadcrumb"},"inLanguage":"de","potentialAction":[{"@type":"ReadAction","target":["https:\/\/trocellen.com\/privacy-statement\/"]}]},{"@type":"BreadcrumbList","@id":"https:\/\/trocellen.com\/privacy-statement\/#breadcrumb","itemListElement":[{"@type":"ListItem","position":1,"name":"Home","item":"https:\/\/trocellen.com\/de\/"},{"@type":"ListItem","position":2,"name":"Datenschutzerkl\u00e4rung"}]},{"@type":"WebSite","@id":"https:\/\/trocellen.com\/#website","url":"https:\/\/trocellen.com\/","name":"Trocellen, the European polyolefin foam solution provider","description":"TROCELLEN\u00ae is a leading manufacturer of chemically and physically cross-linked polyolefin and rubber foam solutions","potentialAction":[{"@type":"SearchAction","target":{"@type":"EntryPoint","urlTemplate":"https:\/\/trocellen.com\/?s={search_term_string}"},"query-input":{"@type":"PropertyValueSpecification","valueRequired":true,"valueName":"search_term_string"}}],"inLanguage":"de"}]}},"_links":{"self":[{"href":"https:\/\/trocellen.com\/de\/wp-json\/wp\/v2\/pages\/14869","targetHints":{"allow":["GET"]}}],"collection":[{"href":"https:\/\/trocellen.com\/de\/wp-json\/wp\/v2\/pages"}],"about":[{"href":"https:\/\/trocellen.com\/de\/wp-json\/wp\/v2\/types\/page"}],"author":[{"embeddable":true,"href":"https:\/\/trocellen.com\/de\/wp-json\/wp\/v2\/users\/1"}],"replies":[{"embeddable":true,"href":"https:\/\/trocellen.com\/de\/wp-json\/wp\/v2\/comments?post=14869"}],"version-history":[{"count":1,"href":"https:\/\/trocellen.com\/de\/wp-json\/wp\/v2\/pages\/14869\/revisions"}],"predecessor-version":[{"id":14874,"href":"https:\/\/trocellen.com\/de\/wp-json\/wp\/v2\/pages\/14869\/revisions\/14874"}],"wp:attachment":[{"href":"https:\/\/trocellen.com\/de\/wp-json\/wp\/v2\/media?parent=14869"}],"curies":[{"name":"wp","href":"https:\/\/api.w.org\/{rel}","templated":true}]}}