{"id":13247,"date":"2025-04-29T08:22:11","date_gmt":"2025-04-29T08:22:11","guid":{"rendered":"https:\/\/trocellen-dev.local\/nachhaltigkeit\/people-society\/"},"modified":"2025-10-13T06:06:52","modified_gmt":"2025-10-13T06:06:52","slug":"menschen-und-gesellschaft","status":"publish","type":"page","link":"https:\/\/trocellen.com\/de\/nachhaltigkeit\/menschen-und-gesellschaft\/","title":{"rendered":"Menschen und Gesellschaft"},"content":{"rendered":"\n<div class=\"group relative bg-white h-[24px] laptop:h-[64px]\" aria-hidden=\"true\"><\/div>\n\n\n<section class=\"col-content bg-white \">\n    <div class=\"container\">\n        <div class=\"general-content\">\n            \n            <div class=\"flex flex-col tablet:flex-col gap-small items-start\">\n                <div class=\"flex-1 w-full\">\n                    <h2>Unser Engagement f\u00fcr Menschen und Gesellschaft<\/h2>\n<p>Wir bei Trocellen glauben, dass unsere Mitarbeiter unser gr\u00f6\u00dftes Kapital sind. Ihre Kreativit\u00e4t, ihr Engagement und ihr gemeinsames Ziel treiben Innovationen voran und f\u00fchren uns zu einer nachhaltigeren Zukunft \u2013 nicht nur in \u00f6kologischer, sondern auch in sozialer Hinsicht. Indem wir in die Entwicklung, das Wohlbefinden und das Engagement unserer Mitarbeiter investieren, bef\u00e4higen wir sie, globale Herausforderungen zu meistern und weit \u00fcber die Grenzen unseres Unternehmens hinaus Positives zu bewirken.<\/p>\n                <\/div>\n\n                <div class=\"flex-1\">\n                                    <\/div>\n            <\/div>\n\n        <\/div>\n    <\/div>\n<\/section>\n\n\n<section class=\"col-content bg-white \">\n    <div class=\"container\">\n        <div class=\"general-content\">\n            \n            <div class=\"flex flex-col tablet:flex-row gap-small items-start\">\n                <div class=\"flex-1 \">\n                    <h3>Der Trocellen-Weg: Vertrauen, Respekt und Zusammenarbeit<\/h3>\n<h4>Unsere Teams leben das Credo von Trocellen jeden Tag, indem sie:<\/h4>\n                <\/div>\n\n                <div class=\"flex-1\">\n                    <ul>\n<li>Einhaltung h\u00f6chster ethischer Standards und Ehrlichkeit als oberstes Gebot.<\/li>\n<li>Kontinuierliche Verbesserung und Innovation bei jeder Aufgabe.<\/li>\n<li>Herausforderungen praxisorientiert angehen und dabei nah an den realen Bed\u00fcrfnissen bleiben.<\/li>\n<li>Proaktives Handeln und Zusammenarbeit, bis die beste L\u00f6sung gefunden ist.<\/li>\n<li>Offene Kommunikation pflegen, um Ideen auszutauschen und gemeinsam zu wachsen.<\/li>\n<\/ul>\n<p>Wir pflegen eine Kultur, die auf Vertrauen und Respekt basiert, in der sich die Mitarbeiter gesch\u00e4tzt f\u00fchlen, Geh\u00f6r finden und dazu ermutigt werden, zu lernen, Initiative zu ergreifen und sich gegenseitig zu unterst\u00fctzen.<\/p>\n                <\/div>\n            <\/div>\n\n        <\/div>\n    <\/div>\n<\/section>\n\n\n<div class=\"group relative bg-white h-[24px] laptop:h-[64px]\" aria-hidden=\"true\"><\/div>\n\n\n<div class=\"group relative bg-gray-200 h-[24px] laptop:h-[64px]\" aria-hidden=\"true\"><\/div>\n\n\n<section class=\"col-content bg-gray-200 \">\n    <div class=\"container\">\n        <div class=\"general-content\">\n            \n            <div class=\"flex flex-col tablet:flex-row gap-small items-start\">\n                <div class=\"flex-1 \">\n                    <p><img loading=\"lazy\" decoding=\"async\" class=\"rounded-tr-tr-120 overflow-hidden alignnone wp-image-14201 size-full\" src=\"https:\/\/trocellen.com\/wp-content\/uploads\/2025\/10\/people_bonding.jpg\" alt=\"\" width=\"1124\" height=\"748\" srcset=\"https:\/\/trocellen.com\/wp-content\/uploads\/2025\/10\/people_bonding.jpg 1124w, https:\/\/trocellen.com\/wp-content\/uploads\/2025\/10\/people_bonding-300x200.jpg 300w, https:\/\/trocellen.com\/wp-content\/uploads\/2025\/10\/people_bonding-1024x681.jpg 1024w, https:\/\/trocellen.com\/wp-content\/uploads\/2025\/10\/people_bonding-768x511.jpg 768w\" sizes=\"auto, (max-width: 1124px) 100vw, 1124px\" \/><\/p>\n                <\/div>\n\n                <div class=\"flex-1\">\n                    <h2>Ein sicherer, integrativer und motivierender Arbeitsplatz<\/h2>\n<h3>Gesundheit und Sicherheit: immer an erster Stelle<\/h3>\n<blockquote>\n<h4 style=\"text-align: center;\">Sicherheit geht vor \u2013 ohne Ausnahmen.<\/h4>\n<\/blockquote>\n<p>Wir verbessern kontinuierlich unsere Arbeitsumgebungen, Ausr\u00fcstung und Prozesse, um unsere Teams zu sch\u00fctzen. Durch strenge Schulungen und ein gemeinsames Engagement f\u00fcr Sicherheit streben wir null Unf\u00e4lle an und schaffen einen Arbeitsplatz, an dem sich alle entfalten k\u00f6nnen.<\/p>\n                <\/div>\n            <\/div>\n\n        <\/div>\n    <\/div>\n<\/section>\n\n\n<section class=\"col-content bg-gray-200 \">\n    <div class=\"container\">\n        <div class=\"general-content\">\n            \n            <div class=\"flex flex-col tablet:flex-col gap-small items-start\">\n                <div class=\"flex-1 w-full\">\n                    <h3>Menschenrechte und Vielfalt<\/h3>\n<p>Trocellen h\u00e4lt sich strikt an die Menschenrechte, verbietet Diskriminierung und Bel\u00e4stigung und f\u00f6rdert aktiv Vielfalt und Inklusion, um sicherzustellen, dass alle mit W\u00fcrde und Fairness behandelt werden.<\/p>\n<h3>F\u00f6rderung von Wohlbefinden und Wachstum<\/h3>\n<p>Wir f\u00f6rdern flexible und unterst\u00fctzende Arbeitsweisen, damit jeder sich auf seinem eigenen Weg weiterentwickeln kann. Wir setzen uns f\u00fcr Initiativen zur F\u00f6rderung der psychischen und physischen Gesundheit ein, bieten Zugang zu wichtigen Ressourcen und ermutigen jeden Mitarbeiter, seine Talente voll auszusch\u00f6pfen \u2013 so entsteht ein Team, das motiviert und verbunden ist und stolz auf seine Arbeit ist.<\/p>\n<h3>Etwas zur\u00fcckgeben und nachhaltige soziale Wirkung erzielen<\/h3>\n<p>Wir bei Trocellen glauben, dass gesch\u00e4ftlicher Erfolg mit starken sozialen Bindungen einhergeht. Unsere Teams weltweit engagieren sich in sozialen Initiativen, die zuk\u00fcnftige Generationen unterst\u00fctzen, einen gesunden Lebensstil f\u00f6rdern, Kultur feiern und Menschen in Not helfen.<\/p>\n                <\/div>\n\n                <div class=\"flex-1\">\n                                    <\/div>\n            <\/div>\n\n        <\/div>\n    <\/div>\n<\/section>\n\n\n<div class=\"group relative bg-gray-200 h-[24px] laptop:h-[64px]\" aria-hidden=\"true\"><\/div>\n\n\n<div class=\"group relative bg-white h-[24px] laptop:h-[64px]\" aria-hidden=\"true\"><\/div>\n\n<section class=\"heading-block\">\n    <div class=\"container\">\n        \n        <div class=\"general-content border-b-[4px] border-gradient !py-small text-center\">\n            \n            \n                <div class=\"general-content\">\n                        <h2 class=\"!p-0 !border-none\">\n                            Unsere strategischen Schwerpunkte                        <\/h2>\n                                    <\/div>\n\n            \n        <\/div>\n    <\/div>\n<\/section>\n\n\n<div class=\"group relative bg-white h-[16px]\" aria-hidden=\"true\"><\/div>\n\n\n<section class=\"col-content bg-white \">\n    <div class=\"container\">\n        <div class=\"general-content\">\n            \n            <div class=\"flex flex-col tablet:flex-row gap-small items-start\">\n                <div class=\"flex-1 \">\n                    <h3>Wohlbefinden und Sicherheit:<\/h3>\n<ul>\n<li>Wir verankern Gesundheit, Sicherheit und Flexibilit\u00e4t in unserer Kultur, um ein ausgeglichenes und erf\u00fclltes Leben zu f\u00f6rdern.<\/li>\n<\/ul>\n                <\/div>\n\n                <div class=\"flex-1\">\n                    <h3>Entwicklung und Engagement:<\/h3>\n<ul>\n<li>Wir bieten strukturierte Weiterbildungsma\u00dfnahmen, F\u00fchrungsprogramme und regelm\u00e4\u00dfige Teamaktivit\u00e4ten, um Kompetenzen aufzubauen und unsere Mitarbeiter zu vernetzen und zu motivieren.<\/li>\n<\/ul>\n                <\/div>\n            <\/div>\n\n        <\/div>\n    <\/div>\n<\/section>\n\n\n<section class=\"col-content bg-white \">\n    <div class=\"container\">\n        <div class=\"general-content\">\n            \n            <div class=\"flex flex-col tablet:flex-row gap-small items-start\">\n                <div class=\"flex-1 \">\n                    <h3>Fairness und Menschenrechte:<\/h3>\n<ul>\n<li>Wir halten uns an ethische Besch\u00e4ftigungsstandards, Vielfalt und Arbeitsrechte, unterst\u00fctzt durch klare Richtlinien und regelm\u00e4\u00dfige Schulungen.<\/li>\n<\/ul>\n                <\/div>\n\n                <div class=\"flex-1\">\n                    <h3>Transparenz und Vertrauen:<\/h3>\n<ul>\n<li>Wir f\u00f6rdern offene Kommunikation, ethische Praktiken und die Eigenverantwortung unserer Mitarbeiter \u2013 all dies treibt Innovation und gemeinsamen Erfolg voran.<\/li>\n<\/ul>\n                <\/div>\n            <\/div>\n\n        <\/div>\n    <\/div>\n<\/section>\n\n\n<div class=\"group relative bg-white h-[24px] laptop:h-[64px]\" aria-hidden=\"true\"><\/div>\n\n\n<div class=\"group relative bg-gray-200 h-[24px] laptop:h-[64px]\" aria-hidden=\"true\"><\/div>\n\n\n<section class=\"col-content bg-gray-200 \">\n    <div class=\"container\">\n        <div class=\"general-content\">\n            \n            <div class=\"flex flex-col tablet:flex-row gap-small items-start\">\n                <div class=\"flex-1 \">\n                    <h2>Gemeinsam bauen wir eine bessere Zukunft<\/h2>\n<p>Bei Trocellen sind wir mehr als nur Kollegen \u2013 wir sind eine Gemeinschaft, die durch gemeinsame Ziele und die Freude an der Schaffung bleibender Werte verbunden ist. Indem wir den Menschen in den Mittelpunkt unseres Handelns stellen, st\u00e4rken wir unsere Teams, unsere Gemeinschaften und unseren Einfluss auf die Gesellschaft.<\/p>\n<p>M\u00f6chten Sie mehr \u00fcber unsere Initiativen erfahren, bei denen der Mensch im Mittelpunkt steht, oder M\u00f6glichkeiten f\u00fcr eine Partnerschaft erkunden? Kontaktieren Sie uns \u2013 wir sind bereit, gemeinsam etwas zu bewegen.<\/p>\n                <\/div>\n\n                <div class=\"flex-1\">\n                    <p><img loading=\"lazy\" decoding=\"async\" class=\"rounded-tr-tr-120 overflow-hidden alignnone wp-image-14209 size-full\" src=\"https:\/\/trocellen.com\/wp-content\/uploads\/2025\/10\/people_together.jpg\" alt=\"\" width=\"1124\" height=\"749\" srcset=\"https:\/\/trocellen.com\/wp-content\/uploads\/2025\/10\/people_together.jpg 1124w, https:\/\/trocellen.com\/wp-content\/uploads\/2025\/10\/people_together-300x200.jpg 300w, https:\/\/trocellen.com\/wp-content\/uploads\/2025\/10\/people_together-1024x682.jpg 1024w, https:\/\/trocellen.com\/wp-content\/uploads\/2025\/10\/people_together-768x512.jpg 768w\" sizes=\"auto, (max-width: 1124px) 100vw, 1124px\" \/><\/p>\n                <\/div>\n            <\/div>\n\n        <\/div>\n    <\/div>\n<\/section>\n\n\n<div class=\"group relative bg-gray-200 h-[24px] laptop:h-[64px]\" aria-hidden=\"true\"><\/div>","protected":false},"excerpt":{"rendered":"","protected":false},"author":1,"featured_media":0,"parent":7502,"menu_order":0,"comment_status":"closed","ping_status":"closed","template":"template-parts\/page-general.php","meta":{"_acf_changed":false,"footnotes":""},"class_list":["post-13247","page","type-page","status-publish","hentry"],"acf":[],"yoast_head":"<!-- This site is optimized with the Yoast SEO plugin v25.9 - https:\/\/yoast.com\/wordpress\/plugins\/seo\/ -->\n<title>Menschen und Gesellschaft - Trocellen, the European polyolefin foam solution provider<\/title>\n<meta name=\"robots\" content=\"index, follow, max-snippet:-1, max-image-preview:large, max-video-preview:-1\" \/>\n<link rel=\"canonical\" href=\"https:\/\/trocellen.com\/de\/nachhaltigkeit\/menschen-und-gesellschaft\/\" \/>\n<meta property=\"og:locale\" content=\"de_DE\" \/>\n<meta property=\"og:type\" content=\"article\" \/>\n<meta property=\"og:title\" content=\"Menschen und Gesellschaft - Trocellen, the European polyolefin foam solution provider\" \/>\n<meta property=\"og:url\" content=\"https:\/\/trocellen.com\/de\/nachhaltigkeit\/menschen-und-gesellschaft\/\" \/>\n<meta property=\"og:site_name\" content=\"Trocellen, the European polyolefin foam solution provider\" \/>\n<meta property=\"article:modified_time\" content=\"2025-10-13T06:06:52+00:00\" \/>\n<meta name=\"twitter:card\" content=\"summary_large_image\" \/>\n<script type=\"application\/ld+json\" class=\"yoast-schema-graph\">{\"@context\":\"https:\/\/schema.org\",\"@graph\":[{\"@type\":\"WebPage\",\"@id\":\"https:\/\/trocellen.com\/de\/nachhaltigkeit\/menschen-und-gesellschaft\/\",\"url\":\"https:\/\/trocellen.com\/de\/nachhaltigkeit\/menschen-und-gesellschaft\/\",\"name\":\"Menschen und Gesellschaft - Trocellen, the European polyolefin foam solution provider\",\"isPartOf\":{\"@id\":\"https:\/\/trocellen.com\/#website\"},\"datePublished\":\"2025-04-29T08:22:11+00:00\",\"dateModified\":\"2025-10-13T06:06:52+00:00\",\"breadcrumb\":{\"@id\":\"https:\/\/trocellen.com\/de\/nachhaltigkeit\/menschen-und-gesellschaft\/#breadcrumb\"},\"inLanguage\":\"de\",\"potentialAction\":[{\"@type\":\"ReadAction\",\"target\":[\"https:\/\/trocellen.com\/de\/nachhaltigkeit\/menschen-und-gesellschaft\/\"]}]},{\"@type\":\"BreadcrumbList\",\"@id\":\"https:\/\/trocellen.com\/de\/nachhaltigkeit\/menschen-und-gesellschaft\/#breadcrumb\",\"itemListElement\":[{\"@type\":\"ListItem\",\"position\":1,\"name\":\"Home\",\"item\":\"https:\/\/trocellen.com\/de\/\"},{\"@type\":\"ListItem\",\"position\":2,\"name\":\"Menschen und Gesellschaft\"}]},{\"@type\":\"WebSite\",\"@id\":\"https:\/\/trocellen.com\/#website\",\"url\":\"https:\/\/trocellen.com\/\",\"name\":\"Trocellen, the European polyolefin foam solution provider\",\"description\":\"TROCELLEN\u00ae is a leading manufacturer of chemically and physically cross-linked polyolefin and rubber foam solutions\",\"potentialAction\":[{\"@type\":\"SearchAction\",\"target\":{\"@type\":\"EntryPoint\",\"urlTemplate\":\"https:\/\/trocellen.com\/?s={search_term_string}\"},\"query-input\":{\"@type\":\"PropertyValueSpecification\",\"valueRequired\":true,\"valueName\":\"search_term_string\"}}],\"inLanguage\":\"de\"}]}<\/script>\n<!-- \/ Yoast SEO plugin. -->","yoast_head_json":{"title":"Menschen und Gesellschaft - Trocellen, the European polyolefin foam solution provider","robots":{"index":"index","follow":"follow","max-snippet":"max-snippet:-1","max-image-preview":"max-image-preview:large","max-video-preview":"max-video-preview:-1"},"canonical":"https:\/\/trocellen.com\/de\/nachhaltigkeit\/menschen-und-gesellschaft\/","og_locale":"de_DE","og_type":"article","og_title":"Menschen und Gesellschaft - Trocellen, the European polyolefin foam solution provider","og_url":"https:\/\/trocellen.com\/de\/nachhaltigkeit\/menschen-und-gesellschaft\/","og_site_name":"Trocellen, the European polyolefin foam solution provider","article_modified_time":"2025-10-13T06:06:52+00:00","twitter_card":"summary_large_image","schema":{"@context":"https:\/\/schema.org","@graph":[{"@type":"WebPage","@id":"https:\/\/trocellen.com\/de\/nachhaltigkeit\/menschen-und-gesellschaft\/","url":"https:\/\/trocellen.com\/de\/nachhaltigkeit\/menschen-und-gesellschaft\/","name":"Menschen und Gesellschaft - Trocellen, the European polyolefin foam solution provider","isPartOf":{"@id":"https:\/\/trocellen.com\/#website"},"datePublished":"2025-04-29T08:22:11+00:00","dateModified":"2025-10-13T06:06:52+00:00","breadcrumb":{"@id":"https:\/\/trocellen.com\/de\/nachhaltigkeit\/menschen-und-gesellschaft\/#breadcrumb"},"inLanguage":"de","potentialAction":[{"@type":"ReadAction","target":["https:\/\/trocellen.com\/de\/nachhaltigkeit\/menschen-und-gesellschaft\/"]}]},{"@type":"BreadcrumbList","@id":"https:\/\/trocellen.com\/de\/nachhaltigkeit\/menschen-und-gesellschaft\/#breadcrumb","itemListElement":[{"@type":"ListItem","position":1,"name":"Home","item":"https:\/\/trocellen.com\/de\/"},{"@type":"ListItem","position":2,"name":"Menschen und Gesellschaft"}]},{"@type":"WebSite","@id":"https:\/\/trocellen.com\/#website","url":"https:\/\/trocellen.com\/","name":"Trocellen, the European polyolefin foam solution provider","description":"TROCELLEN\u00ae is a leading manufacturer of chemically and physically cross-linked polyolefin and rubber foam solutions","potentialAction":[{"@type":"SearchAction","target":{"@type":"EntryPoint","urlTemplate":"https:\/\/trocellen.com\/?s={search_term_string}"},"query-input":{"@type":"PropertyValueSpecification","valueRequired":true,"valueName":"search_term_string"}}],"inLanguage":"de"}]}},"_links":{"self":[{"href":"https:\/\/trocellen.com\/de\/wp-json\/wp\/v2\/pages\/13247","targetHints":{"allow":["GET"]}}],"collection":[{"href":"https:\/\/trocellen.com\/de\/wp-json\/wp\/v2\/pages"}],"about":[{"href":"https:\/\/trocellen.com\/de\/wp-json\/wp\/v2\/types\/page"}],"author":[{"embeddable":true,"href":"https:\/\/trocellen.com\/de\/wp-json\/wp\/v2\/users\/1"}],"replies":[{"embeddable":true,"href":"https:\/\/trocellen.com\/de\/wp-json\/wp\/v2\/comments?post=13247"}],"version-history":[{"count":3,"href":"https:\/\/trocellen.com\/de\/wp-json\/wp\/v2\/pages\/13247\/revisions"}],"predecessor-version":[{"id":14215,"href":"https:\/\/trocellen.com\/de\/wp-json\/wp\/v2\/pages\/13247\/revisions\/14215"}],"up":[{"embeddable":true,"href":"https:\/\/trocellen.com\/de\/wp-json\/wp\/v2\/pages\/7502"}],"wp:attachment":[{"href":"https:\/\/trocellen.com\/de\/wp-json\/wp\/v2\/media?parent=13247"}],"curies":[{"name":"wp","href":"https:\/\/api.w.org\/{rel}","templated":true}]}}