{"id":12721,"date":"2025-04-29T08:21:43","date_gmt":"2025-04-29T08:21:43","guid":{"rendered":"https:\/\/trocellen-dev.local\/nachhaltigkeit\/environment\/"},"modified":"2025-12-10T08:26:01","modified_gmt":"2025-12-10T08:26:01","slug":"umwelt","status":"publish","type":"page","link":"https:\/\/trocellen.com\/de\/nachhaltigkeit\/umwelt\/","title":{"rendered":"Umwelt"},"content":{"rendered":"\n<div class=\"group relative bg-gray-200 h-[32px]\" aria-hidden=\"true\"><\/div>\n\n\n<section class=\"col-content bg-gray-200 \">\n    <div class=\"container\">\n        <div class=\"general-content\">\n            \n            <div class=\"flex flex-col tablet:flex-row gap-small items-start\">\n                <div class=\"flex-1 \">\n                    <h2>Unser Engagement f\u00fcr die Umwelt<\/h2>\n<p>Bei Trocellen ist die Gestaltung einer nachhaltigen Zukunft mehr als nur ein Ziel \u2013 es ist unser Versprechen.<br \/>\nWir sind uns bewusst, dass der Schutz der globalen Umwelt eine der dr\u00e4ngendsten Herausforderungen unserer Zeit ist. Als f\u00fchrender Spezialist f\u00fcr polymerbasierte L\u00f6sungen arbeiten wir jeden Tag daran, innovative und verantwortungsbewusste Produkte zu entwickeln, die die Bed\u00fcrfnisse der Menschen mit \u00f6kologischer Harmonie in Einklang bringen.<\/p>\n<h2>Unsere Mission ist klar:<\/h2>\n<ul>\n<li>Reduzierung unserer Umweltbelastung<\/li>\n<li>die Kreislaufwirtschaft in allen Branchen zu erm\u00f6glichen<\/li>\n<\/ul>\n<p>und die weltweiten Bem\u00fchungen im Kampf gegen den Klimawandel zu unterst\u00fctzen \u2013 all das mit Hilfe modernster Materialtechnologien.<\/p>\n                <\/div>\n\n                <div class=\"flex-1\">\n                    <p><img loading=\"lazy\" decoding=\"async\" class=\"rounded-tr-tr-120 overflow-hidden alignnone wp-image-14157 size-full\" src=\"https:\/\/trocellen.com\/wp-content\/uploads\/2025\/10\/environment.jpg\" alt=\"\" width=\"1000\" height=\"667\" srcset=\"https:\/\/trocellen.com\/wp-content\/uploads\/2025\/10\/environment.jpg 1000w, https:\/\/trocellen.com\/wp-content\/uploads\/2025\/10\/environment-300x200.jpg 300w, https:\/\/trocellen.com\/wp-content\/uploads\/2025\/10\/environment-768x512.jpg 768w\" sizes=\"auto, (max-width: 1000px) 100vw, 1000px\" \/><\/p>\n                <\/div>\n            <\/div>\n\n        <\/div>\n    <\/div>\n<\/section>\n\n\n<div class=\"group relative bg-gray-200 h-[32px]\" aria-hidden=\"true\"><\/div>\n\n\n<div class=\"group relative bg-white h-[32px]\" aria-hidden=\"true\"><\/div>\n\n\n<section class=\"col-content bg-white \">\n    <div class=\"container\">\n        <div class=\"general-content\">\n            \n            <div class=\"flex flex-col tablet:flex-row gap-small items-start\">\n                <div class=\"flex-1 \">\n                    <h2>Grundlagen unseres nachhaltigen Ansatzes<\/h2>\n                <\/div>\n\n                <div class=\"flex-1\">\n                    <p>In allen Branchen, in denen wir t\u00e4tig sind, basieren unsere L\u00f6sungen auf denselben Prinzipien:<\/p>\n<ul>\n<li>Leichtbau: Weniger Materialverbrauch, geringere Transportemissionen.<\/li>\n<li>Hohe Qualit\u00e4t und gleichbleibende Leistung: Gew\u00e4hrleistung einer l\u00e4ngeren Lebensdauer und zuverl\u00e4ssigen Funktion der Produkte.<\/li>\n<li>Einfachheit: Einfache Integration in vielf\u00e4ltige Anwendungen und leichter zu recyceln.<\/li>\n<li>Lange Lebensdauer: Minimierung von Abfall durch Verl\u00e4ngerung der Nutzungsdauer.<\/li>\n<\/ul>\n<p>Dank dieser S\u00e4ulen verbessern Trocellen-Produkte Komfort und Sicherheit und tragen gleichzeitig aktiv zum Schutz unserer Umwelt bei.<\/p>\n                <\/div>\n            <\/div>\n\n        <\/div>\n    <\/div>\n<\/section>\n\n\n<div class=\"group relative bg-white h-[32px]\" aria-hidden=\"true\"><\/div>\n\n\n<div class=\"group relative bg-gray-200 h-[32px]\" aria-hidden=\"true\"><\/div>\n\n\n<section class=\"col-content bg-gray-200 \">\n    <div class=\"container\">\n        <div class=\"general-content\">\n            \n            <div class=\"flex flex-col tablet:flex-row gap-small items-start\">\n                <div class=\"flex-1 \">\n                    <h2>Nachhaltigkeit in Aktion<\/h2>\n                <\/div>\n\n                <div class=\"flex-1\">\n                    <h3>\u00d6kodesign als Kernst\u00fcck<\/h3>\n<p>Nachhaltigkeit h\u00f6rt nicht bei der Herstellung auf. Deshalb integrieren wir die Prinzipien des \u00d6kodesigns in unseren gesamten Produktentwicklungsprozess.<\/p>\n<ul>\n<li>Wir analysieren Produkte \u00fcber ihren gesamten Lebenszyklus (LCA) hinweg \u2013 von der Rohstoffgewinnung \u00fcber die Produktion und den Transport bis hin zum Ende der Lebensdauer.<\/li>\n<li>So k\u00f6nnen wir die Auswirkungen auf die Umwelt in jeder Phase identifizieren und minimieren.<\/li>\n<li>Bis 2025 wollen wir, dass alle neuen Trocellen-Produkte \u00f6kologisch gestaltet sind und beste Leistung mit einem m\u00f6glichst geringen \u00f6kologischen Fu\u00dfabdruck verbinden.<\/li>\n<\/ul>\n                <\/div>\n            <\/div>\n\n        <\/div>\n    <\/div>\n<\/section>\n\n\n<div class=\"group relative bg-gray-200 h-[32px]\" aria-hidden=\"true\"><\/div>\n\n\n<div class=\"group relative bg-white h-[32px]\" aria-hidden=\"true\"><\/div>\n\n<section class=\"heading-block\">\n    <div class=\"container\">\n        \n        <div class=\"general-content border-b-[4px] border-gradient !py-small flex justify-between items-center\">\n            \n                            \n                <div class=\"general-content\">\n                    <h2 class=\"!p-0 !border-none\">\n                        NATURELOOP                    <\/h2>\n                                            <h3>\n                            Aufbau einer zirkul\u00e4ren Zukunft                        <\/h3>\n                                    <\/div>\n\n                <div>\n                    <img decoding=\"async\" src=\"https:\/\/trocellen.com\/wp-content\/uploads\/2025\/09\/natureloop-logo-small.png\" \n                         alt=\"\"\n                         class=\"max-h-12 w-auto mx-auto tablet:mx-0 mt-default\">\n                <\/div>\n\n            \n        <\/div>\n    <\/div>\n<\/section>\n\n\n<div class=\"group relative bg-white h-[32px]\" aria-hidden=\"true\"><\/div>\n\n\n<section class=\"col-content bg-white \">\n    <div class=\"container\">\n        <div class=\"general-content\">\n            \n            <div class=\"flex flex-col tablet:flex-row gap-small items-start\">\n                <div class=\"flex-1 \">\n                    <p>Unser NATURELOOP -Portfolio steht f\u00fcr das umfassende Engagement von Trocellen f\u00fcr Nachhaltigkeit.<\/p>\n                <\/div>\n\n                <div class=\"flex-1\">\n                    <ul>\n<li>Es wurde entwickelt, um die Auswirkungen auf die Umwelt zu minimieren und gleichzeitig leichte, langlebige und leistungsstarke L\u00f6sungen zu bieten.<\/li>\n<li>Auf der Grundlage strenger \u00d6kobilanzstudien und \u00d6kodesign-Prinzipien zielt NATURELOOP darauf ab, Materialkreisl\u00e4ufe zu schlie\u00dfen \u2013 zum Wohle Ihrer Bed\u00fcrfnisse und zum Wohle unseres Planeten.<\/li>\n<\/ul>\n                <\/div>\n            <\/div>\n\n        <\/div>\n    <\/div>\n<\/section>\n\n\n<div class=\"group relative bg-white h-[24px]\" aria-hidden=\"true\"><\/div>\n\n\n<section>\n    <div class=\"container\">\n        <div class=\"general-content text-center\">\n            <h3 class=\"mb-xs border-b-[4px] border-[#B7B7B7] !mb-0\">Sustainable Materials<\/h3>\n        <\/div>\n\n        \n            <div class=\"grid grid-cols-1 tablet:grid-cols-2 tablet:gap-xxl gap-default\">\n\n                \n                <div class=\"pt-xxl flex relative materials-container-outer\">\n                    <div class=\"p-default border-[2px] border-[#B7B7B7] rounded-tr-tr-60\">\n                        <div class=\"flex gap-default\">\n                            <img loading=\"lazy\" decoding=\"async\" src=\"https:\/\/trocellen.com\/wp-content\/uploads\/2025\/09\/REPE-icon.png\" width=\"68\" height=\"68\" alt=\"\" class=\"w-[68px] h-[68px]\">\n\n                            <div class=\"general-content materials-container\">\n                                <h3><span style=\"color: #07aebc\">REcy-PE:<\/span><\/h3>\n<p><span style=\"color: #07aebc\"><strong>recyceltes Polyethylen f\u00fcr einen geringeren CO2-Fu\u00dfabdruck<\/strong><\/span><\/p>\n<p>Die Trocellen REcy-PE-L\u00f6sung integriert recyceltes Polyethylen in unsere Schaumstoffe:<\/p>\n<ul>\n<li>Bis zu 30 % chemisch recyceltes PE und 20 % mechanisch recyceltes PE.<\/li>\n<li>Jedes Kilogramm fossiles LDPE, das durch chemisch recyceltes LDPE ersetzt wird, reduziert die Emissionen um bis zu 0,86 kg CO\u2082-\u00c4quivalent.<\/li>\n<li>Tr\u00e4gt zu einem geringeren Energieverbrauch bei, vermeidet Abfall auf Deponien und in Verbrennungsanlagen und hilft, strengere gesetzliche Anforderungen zu erf\u00fcllen.<\/li>\n<\/ul>\n<p>Unsere REcy-PE-Schaumstoffe sind nach EN ISO 14021 bewertet und zertifiziert. Dar\u00fcber hinaus bieten wir transparente Lebenszyklusanalysen zur Unterst\u00fctzung Ihrer Nachhaltigkeitsberichterstattung.<\/p>\n                            <\/div>\n                        <\/div>\n                    <\/div>\n                <\/div>\n\n                \n                <div class=\"pt-xxl flex relative materials-container-outer\">\n                    <div class=\"p-default border-[2px] border-[#B7B7B7] rounded-tr-tr-60\">\n                        <div class=\"flex gap-default\">\n                            <img loading=\"lazy\" decoding=\"async\" src=\"https:\/\/trocellen.com\/wp-content\/uploads\/2025\/09\/TR-EEcell-icon.png\" width=\"68\" height=\"68\" alt=\"\" class=\"w-[68px] h-[68px]\">\n\n                            <div class=\"general-content materials-container\">\n                                <h3><span style=\"color: #b2cb07\">TR-EEcell:<\/span><\/h3>\n<p><span style=\"color: #b2cb07\"><strong>biobasierte L\u00f6sungen mit vollst\u00e4ndiger Transparenz<\/strong><\/span><\/p>\n<p>TR-EEcell ist die biobasierte Schaumstofflinie von Trocellen, die Rohstoffe aus erneuerbarer Biomasse wie Zuckerrohrabf\u00e4llen der zweiten Generation verwendet:<\/p>\n<ul>\n<li>Vermeidet Konkurrenz zu Nahrungsmitteln.<\/li>\n<li>Tr\u00e4gt zur Verringerung der Abh\u00e4ngigkeit von fossilen Ressourcen und zur CO\u2082-Bindung w\u00e4hrend des Pflanzenwachstums bei.<\/li>\n<li>Zertifiziert durch ISCC PLUS und DIN CERTCO, wodurch eine nachhaltige Beschaffung und eine klare Dokumentation des Bioanteils gew\u00e4hrleistet sind.<\/li>\n<\/ul>\n<p>Von der Produktion bis zum Ende der Lebensdauer unterst\u00fctzt TR-EEcell eine messbare Reduzierung des CO\u2082-Fu\u00dfabdrucks \u2013 und das bei unver\u00e4ndertem Aussehen, unver\u00e4nderter Haptik und unver\u00e4nderter Zuverl\u00e4ssigkeit wie herk\u00f6mmliche Polymerschaumstoffe.<\/p>\n                            <\/div>\n                        <\/div>\n                    <\/div>\n                <\/div>\n\n                \n            <\/div>\n\n            <\/div>\n<\/section>\n\n\n<div class=\"group relative bg-white h-[48px]\" aria-hidden=\"true\"><\/div>\n\n\n<div class=\"group relative bg-gray-200 h-[32px]\" aria-hidden=\"true\"><\/div>\n\n\n<section class=\"col-content bg-gray-200 \">\n    <div class=\"container\">\n        <div class=\"general-content\">\n            \n            <div class=\"flex flex-col tablet:flex-row gap-small items-start\">\n                <div class=\"flex-1 \">\n                    <h2>Zertifiziert und gepr\u00fcft f\u00fcr Vertrauen<\/h2>\n                <\/div>\n\n                <div class=\"flex-1\">\n                    <h3>Transparente Lieferketten und unabh\u00e4ngige Audits<\/h3>\n<p>Trocellen stellt sicher, dass sowohl unsere Produkte als auch die Beschaffung unserer Rohstoffe h\u00f6chsten Anforderungen gen\u00fcgen:<\/p>\n<ul>\n<li>Die ISCC PLUS-Zertifizierung garantiert die R\u00fcckverfolgbarkeit und verantwortungsvolle Bewirtschaftung von biobasierten und recycelten Rohstoffen entlang unserer gesamten Lieferkette.<\/li>\n<li>Unsere Anlagen werden regelm\u00e4\u00dfig von unabh\u00e4ngigen Zertifizierungsstellen auditiert.<\/li>\n<li>Dar\u00fcber hinaus wenden wir den in der chemischen Industrie weit verbreiteten Massenbilanzansatz an, um eine gleichbleibende Qualit\u00e4t zu gew\u00e4hrleisten und den Anteil nachhaltiger Inhaltsstoffe genau zu verfolgen.<\/li>\n<\/ul>\n<p>Entdecken Sie unsere zertifizierten Werke und laden Sie hier unsere Zertifikate herunter.<\/p>\n<p>Lassen Sie uns gemeinsam eine sauberere, sicherere und nachhaltigere Welt gestalten.<\/p>\n                <\/div>\n            <\/div>\n\n        <\/div>\n    <\/div>\n<\/section>\n\n\n<div class=\"group relative bg-gray-200 h-[32px]\" aria-hidden=\"true\"><\/div>\n\n\n<div class=\"group relative bg-white h-[32px]\" aria-hidden=\"true\"><\/div>\n\n<section class=\"heading-block\">\n    <div class=\"container\">\n        \n        <div class=\"general-content border-b-[4px] border-gradient !py-small text-center\">\n            \n            \n                <div class=\"general-content\">\n                        <h2 class=\"!p-0 !border-none\">\n                            Warum Trocellen?                        <\/h2>\n                                    <\/div>\n\n            \n        <\/div>\n    <\/div>\n<\/section>\n\n\n<div class=\"group relative bg-white h-[32px]\" aria-hidden=\"true\"><\/div>\n\n\n\n<section>\n    <div class=\"container\">\n        \n        \n            <div class=\"grid grid-cols-1 tablet:grid-cols-3 gap-default\">\n                \n                \n                <div class=\"general-content text-center\">\n                    <img loading=\"lazy\" decoding=\"async\" src=\"https:\/\/trocellen.com\/wp-content\/uploads\/2025\/09\/monitoring.png\" class=\"mx-auto mb-xs\" alt=\"\" height=\"54\" width=\"54\">\n\n                    <div class=\"feature-element-box\">\n                        <h4><span style=\"color: #a7157d\">Integrierte Nachhaltigkeit:<\/span><\/h4>\n<p>Von der Forschung und Entwicklung bis zur Auslieferung erf\u00fcllt jeder Schritt strenge Umweltstandards.<\/p>\n                    <\/div>\n                <\/div>\n\n                \n                <div class=\"general-content text-center\">\n                    <img loading=\"lazy\" decoding=\"async\" src=\"https:\/\/trocellen.com\/wp-content\/uploads\/2025\/09\/data-backed.png\" class=\"mx-auto mb-xs\" alt=\"\" height=\"54\" width=\"54\">\n\n                    <div class=\"feature-element-box\">\n                        <h4><span style=\"color: #07aebc\">Datengest\u00fctzte Transparenz:<\/span><\/h4>\n<p>Erkl\u00e4rungen, Zertifizierungen und \u00d6kobilanzen, denen Sie vertrauen k\u00f6nnen.<\/p>\n                    <\/div>\n                <\/div>\n\n                \n                <div class=\"general-content text-center\">\n                    <img loading=\"lazy\" decoding=\"async\" src=\"https:\/\/trocellen.com\/wp-content\/uploads\/2025\/09\/tailored-solutions.png\" class=\"mx-auto mb-xs\" alt=\"\" height=\"54\" width=\"54\">\n\n                    <div class=\"feature-element-box\">\n                        <h4><span style=\"color: #b2cb07\">Ma\u00dfgeschneiderte L\u00f6sungen:<\/span><\/h4>\n<p>Kundenspezifische Produkte mit recycelten oder biobasierten Inhaltsstoffen, die auf Ihre Branche und Ihre Ziele zugeschnitten sind.<\/p>\n                    <\/div>\n                <\/div>\n\n                \n            <\/div>\n\n            \n    <\/div>\n<\/section>\n\n\n<div class=\"group relative bg-white h-[32px]\" aria-hidden=\"true\"><\/div>\n\n\n<div class=\"group relative bg-white h-[32px]\" aria-hidden=\"true\"><\/div>\n\n\n<section class=\"col-content bg-white \">\n    <div class=\"container\">\n        <div class=\"general-content\">\n            \n            <div class=\"flex flex-col tablet:flex-row gap-small items-start\">\n                <div class=\"flex-1 \">\n                    <h3 style=\"text-align: center\"><span style=\"color: #d14f1b\">Lasst uns eine nachhaltige Zukunft gestalten<\/span><\/h3>\n<p style=\"text-align: center\">Bedeutende Ver\u00e4nderungen geschehen gemeinsam. Arbeiten Sie mit uns zusammen, um Wertsch\u00f6pfungsketten zu schaffen, die wirklich nachhaltig sind \u2013 ohne Kompromisse bei Qualit\u00e4t oder Leistung.<\/p>\n                <\/div>\n\n                <div class=\"flex-1\">\n                    <h3 style=\"text-align: center\"><span style=\"color: #b2cb07\">Sind Sie bereit?<\/span><\/h3>\n<p style=\"text-align: center\">Kontaktieren Sie unser Team, um ma\u00dfgeschneiderte umweltfreundliche L\u00f6sungen zu entdecken.<\/p>\n                <\/div>\n            <\/div>\n\n        <\/div>\n    <\/div>\n<\/section>\n\n\n<div class=\"group relative bg-white h-[32px]\" aria-hidden=\"true\"><\/div>","protected":false},"excerpt":{"rendered":"","protected":false},"author":1,"featured_media":0,"parent":7502,"menu_order":0,"comment_status":"closed","ping_status":"closed","template":"template-parts\/page-general.php","meta":{"_acf_changed":false,"footnotes":""},"class_list":["post-12721","page","type-page","status-publish","hentry"],"acf":[],"yoast_head":"<!-- This site is optimized with the Yoast SEO plugin v25.9 - https:\/\/yoast.com\/wordpress\/plugins\/seo\/ -->\n<title>Umwelt - Trocellen, the European polyolefin foam solution provider<\/title>\n<meta name=\"robots\" content=\"index, follow, max-snippet:-1, max-image-preview:large, max-video-preview:-1\" \/>\n<link rel=\"canonical\" href=\"https:\/\/trocellen.com\/de\/nachhaltigkeit\/umwelt\/\" \/>\n<meta property=\"og:locale\" content=\"de_DE\" \/>\n<meta property=\"og:type\" content=\"article\" \/>\n<meta property=\"og:title\" content=\"Umwelt - Trocellen, the European polyolefin foam solution provider\" \/>\n<meta property=\"og:url\" content=\"https:\/\/trocellen.com\/de\/nachhaltigkeit\/umwelt\/\" \/>\n<meta property=\"og:site_name\" content=\"Trocellen, the European polyolefin foam solution provider\" \/>\n<meta property=\"article:modified_time\" content=\"2025-12-10T08:26:01+00:00\" \/>\n<meta name=\"twitter:card\" content=\"summary_large_image\" \/>\n<script type=\"application\/ld+json\" class=\"yoast-schema-graph\">{\"@context\":\"https:\/\/schema.org\",\"@graph\":[{\"@type\":\"WebPage\",\"@id\":\"https:\/\/trocellen.com\/de\/nachhaltigkeit\/umwelt\/\",\"url\":\"https:\/\/trocellen.com\/de\/nachhaltigkeit\/umwelt\/\",\"name\":\"Umwelt - Trocellen, the European polyolefin foam solution provider\",\"isPartOf\":{\"@id\":\"https:\/\/trocellen.com\/#website\"},\"datePublished\":\"2025-04-29T08:21:43+00:00\",\"dateModified\":\"2025-12-10T08:26:01+00:00\",\"breadcrumb\":{\"@id\":\"https:\/\/trocellen.com\/de\/nachhaltigkeit\/umwelt\/#breadcrumb\"},\"inLanguage\":\"de\",\"potentialAction\":[{\"@type\":\"ReadAction\",\"target\":[\"https:\/\/trocellen.com\/de\/nachhaltigkeit\/umwelt\/\"]}]},{\"@type\":\"BreadcrumbList\",\"@id\":\"https:\/\/trocellen.com\/de\/nachhaltigkeit\/umwelt\/#breadcrumb\",\"itemListElement\":[{\"@type\":\"ListItem\",\"position\":1,\"name\":\"Home\",\"item\":\"https:\/\/trocellen.com\/de\/\"},{\"@type\":\"ListItem\",\"position\":2,\"name\":\"Umwelt\"}]},{\"@type\":\"WebSite\",\"@id\":\"https:\/\/trocellen.com\/#website\",\"url\":\"https:\/\/trocellen.com\/\",\"name\":\"Trocellen, the European polyolefin foam solution provider\",\"description\":\"TROCELLEN\u00ae is a leading manufacturer of chemically and physically cross-linked polyolefin and rubber foam solutions\",\"potentialAction\":[{\"@type\":\"SearchAction\",\"target\":{\"@type\":\"EntryPoint\",\"urlTemplate\":\"https:\/\/trocellen.com\/?s={search_term_string}\"},\"query-input\":{\"@type\":\"PropertyValueSpecification\",\"valueRequired\":true,\"valueName\":\"search_term_string\"}}],\"inLanguage\":\"de\"}]}<\/script>\n<!-- \/ Yoast SEO plugin. -->","yoast_head_json":{"title":"Umwelt - Trocellen, the European polyolefin foam solution provider","robots":{"index":"index","follow":"follow","max-snippet":"max-snippet:-1","max-image-preview":"max-image-preview:large","max-video-preview":"max-video-preview:-1"},"canonical":"https:\/\/trocellen.com\/de\/nachhaltigkeit\/umwelt\/","og_locale":"de_DE","og_type":"article","og_title":"Umwelt - Trocellen, the European polyolefin foam solution provider","og_url":"https:\/\/trocellen.com\/de\/nachhaltigkeit\/umwelt\/","og_site_name":"Trocellen, the European polyolefin foam solution provider","article_modified_time":"2025-12-10T08:26:01+00:00","twitter_card":"summary_large_image","schema":{"@context":"https:\/\/schema.org","@graph":[{"@type":"WebPage","@id":"https:\/\/trocellen.com\/de\/nachhaltigkeit\/umwelt\/","url":"https:\/\/trocellen.com\/de\/nachhaltigkeit\/umwelt\/","name":"Umwelt - Trocellen, the European polyolefin foam solution provider","isPartOf":{"@id":"https:\/\/trocellen.com\/#website"},"datePublished":"2025-04-29T08:21:43+00:00","dateModified":"2025-12-10T08:26:01+00:00","breadcrumb":{"@id":"https:\/\/trocellen.com\/de\/nachhaltigkeit\/umwelt\/#breadcrumb"},"inLanguage":"de","potentialAction":[{"@type":"ReadAction","target":["https:\/\/trocellen.com\/de\/nachhaltigkeit\/umwelt\/"]}]},{"@type":"BreadcrumbList","@id":"https:\/\/trocellen.com\/de\/nachhaltigkeit\/umwelt\/#breadcrumb","itemListElement":[{"@type":"ListItem","position":1,"name":"Home","item":"https:\/\/trocellen.com\/de\/"},{"@type":"ListItem","position":2,"name":"Umwelt"}]},{"@type":"WebSite","@id":"https:\/\/trocellen.com\/#website","url":"https:\/\/trocellen.com\/","name":"Trocellen, the European polyolefin foam solution provider","description":"TROCELLEN\u00ae is a leading manufacturer of chemically and physically cross-linked polyolefin and rubber foam solutions","potentialAction":[{"@type":"SearchAction","target":{"@type":"EntryPoint","urlTemplate":"https:\/\/trocellen.com\/?s={search_term_string}"},"query-input":{"@type":"PropertyValueSpecification","valueRequired":true,"valueName":"search_term_string"}}],"inLanguage":"de"}]}},"_links":{"self":[{"href":"https:\/\/trocellen.com\/de\/wp-json\/wp\/v2\/pages\/12721","targetHints":{"allow":["GET"]}}],"collection":[{"href":"https:\/\/trocellen.com\/de\/wp-json\/wp\/v2\/pages"}],"about":[{"href":"https:\/\/trocellen.com\/de\/wp-json\/wp\/v2\/types\/page"}],"author":[{"embeddable":true,"href":"https:\/\/trocellen.com\/de\/wp-json\/wp\/v2\/users\/1"}],"replies":[{"embeddable":true,"href":"https:\/\/trocellen.com\/de\/wp-json\/wp\/v2\/comments?post=12721"}],"version-history":[{"count":5,"href":"https:\/\/trocellen.com\/de\/wp-json\/wp\/v2\/pages\/12721\/revisions"}],"predecessor-version":[{"id":15283,"href":"https:\/\/trocellen.com\/de\/wp-json\/wp\/v2\/pages\/12721\/revisions\/15283"}],"up":[{"embeddable":true,"href":"https:\/\/trocellen.com\/de\/wp-json\/wp\/v2\/pages\/7502"}],"wp:attachment":[{"href":"https:\/\/trocellen.com\/de\/wp-json\/wp\/v2\/media?parent=12721"}],"curies":[{"name":"wp","href":"https:\/\/api.w.org\/{rel}","templated":true}]}}