{"id":12614,"date":"2025-04-29T08:21:31","date_gmt":"2025-04-29T08:21:31","guid":{"rendered":"https:\/\/trocellen-dev.local\/nachhaltigkeit\/sustainable-supply-chain\/"},"modified":"2025-10-10T11:24:22","modified_gmt":"2025-10-10T11:24:22","slug":"nachhaltige-lieferkette","status":"publish","type":"page","link":"https:\/\/trocellen.com\/de\/nachhaltigkeit\/nachhaltige-lieferkette\/","title":{"rendered":"Nachhaltige Lieferkette"},"content":{"rendered":"\n<div class=\"group relative bg-gray-200 h-[24px] laptop:h-[64px]\" aria-hidden=\"true\"><\/div>\n\n\n<section class=\"col-content bg-gray-200 \">\n    <div class=\"container\">\n        <div class=\"general-content\">\n            \n            <div class=\"flex flex-col tablet:flex-row gap-small items-start\">\n                <div class=\"flex-1 \">\n                    <h2>Unser Engagement f\u00fcr verantwortungsbewusste Lieferketten<\/h2>\n                <\/div>\n\n                <div class=\"flex-1\">\n                    <p>Wir bei Trocellen sind uns bewusst, dass die Auswirkungen unserer Gesch\u00e4ftst\u00e4tigkeit weit \u00fcber unsere eigenen Anlagen hinausreichen. Sie erstrecken sich \u00fcber das komplexe Netzwerk von Lieferanten und Partnern, die uns dabei helfen, unsere L\u00f6sungen zum Leben zu erwecken. Deshalb engagieren wir uns aktiv f\u00fcr den Aufbau einer nachhaltigen Lieferkette und \u00fcberpr\u00fcfen regelm\u00e4\u00dfig unsere Kooperationen \u2013 stets unter Ber\u00fccksichtigung wichtiger ESG-Kriterien.<\/p>\n                <\/div>\n            <\/div>\n\n        <\/div>\n    <\/div>\n<\/section>\n\n\n<div class=\"group relative bg-gray-200 h-[24px] laptop:h-[64px]\" aria-hidden=\"true\"><\/div>\n\n\n<div class=\"group relative bg-white h-[24px] laptop:h-[64px]\" aria-hidden=\"true\"><\/div>\n\n\n\n<section class=\"bg-white\">\n\n    <div class=\"container !max-w-narrow text-center\">\n        <div class=\"general-content\">\n            <h2>Ein verantwortungsbewusster Beschaffungsansatz<\/h2>\n            <p>In \u00dcbereinstimmung mit der Beschaffungsphilosophie unserer Muttergesellschaft, der Furukawa Electric Group, strukturieren wir alle unsere Beschaffungsaktivit\u00e4ten nach drei Grundprinzipien:<\/p>\n        <\/div>\n    <\/div>\n\n    <div class=\"container\">\n        <div class=\"general-content\">\n            <div>\n                \n                        <div class=\"grid grid-cols-1 tablet:grid-cols-3 gap-8 tablet:gap-small\">\n\n                        \n                            <div class=\"rounded-tr-tr-64 text-white general-content text-center py-[1.156rem] px-small flex flex-col justify-start items-center\" style=\"background-color: #a7157d\">\n                                <h2>Fairness und Integrit\u00e4t<\/h2>\n                                <p>Wir arbeiten offen und transparent, begr\u00fc\u00dfen alle Gesch\u00e4ftspartner nach den Grunds\u00e4tzen des freien Wettbewerbs und stellen sicher, dass jeder Umgang von Fairness und unersch\u00fctterlicher Integrit\u00e4t gepr\u00e4gt ist.<\/p>\n                            <\/div>\n\n                        \n                            <div class=\"rounded-tr-tr-64 text-white general-content text-center py-[1.156rem] px-small flex flex-col justify-start items-center\" style=\"background-color: #07aebc\">\n                                <h2>Compliance und CSR-Beschaffung<\/h2>\n                                <p>Um eine nachhaltige Gesellschaft zu verwirklichen, f\u00fchren wir alle Beschaffungsma\u00dfnahmen in voller \u00dcbereinstimmung mit den Gesetzen und Vorschriften durch. Wir integrieren Umweltschutz und sichere Arbeitspraktiken in jede Entscheidung und kommen damit unserer umfassenden sozialen Verantwortung als Unternehmen nach.<\/p>\n                            <\/div>\n\n                        \n                            <div class=\"rounded-tr-tr-64 text-white general-content text-center py-[1.156rem] px-small flex flex-col justify-start items-center\" style=\"background-color: #b2cb07\">\n                                <h2>Partnerschaft &#038; gemeinsame Werte<\/h2>\n                                <p>Wir legen gro\u00dfen Wert auf gegenseitiges Vertrauen. Durch den Aufbau starker, kooperativer Beziehungen zu unseren Lieferanten schaffen wir gemeinsam neue Werte. Wir streben optimale Beschaffungsbedingungen an, indem wir Qualit\u00e4t, Kosten, Lieferung, technologische F\u00e4higkeiten und ESG-Leistung sorgf\u00e4ltig abw\u00e4gen.<\/p>\n                            <\/div>\n\n                                        \n                        <\/div>\n\n                \n            <\/div>\n        <\/div>\n    <\/div>\n<\/section>\n\n\n<div class=\"group relative bg-white h-[24px] laptop:h-[64px]\" aria-hidden=\"true\"><\/div>\n\n\n<div class=\"group relative bg-gray-200 h-[24px] laptop:h-[64px]\" aria-hidden=\"true\"><\/div>\n\n\n<section class=\"col-content bg-gray-200 \">\n    <div class=\"container\">\n        <div class=\"general-content\">\n            \n            <div class=\"flex flex-col tablet:flex-row gap-small items-start\">\n                <div class=\"flex-1 \">\n                    <h2>Verpflichtungen der Trocellen-Gruppe in der Lieferkette<\/h2>\n                <\/div>\n\n                <div class=\"flex-1\">\n                    <p>Als Teil des CSR-Verhaltenskodex der Furukawa Electric Group halten wir uns an spezifische Verpflichtungen, um Nachhaltigkeit in unseren Lieferantenbeziehungen zu f\u00f6rdern. Dazu geh\u00f6ren:<\/p>\n<ul>\n<li>Aufbau eines sinnvollen Dialogs: Einbeziehung unserer Partner in Diskussionen \u00fcber Nachhaltigkeitsziele und Umweltfahrpl\u00e4ne.<\/li>\n<li>F\u00f6rderung gemeinsamer Standards: Wir informieren unsere Lieferanten \u00fcber unsere CSR-Beschaffungsrichtlinien und bewerten wichtige Partner hinsichtlich ESG-bezogener Risiken.<\/li>\n<\/ul>\n                <\/div>\n            <\/div>\n\n        <\/div>\n    <\/div>\n<\/section>\n\n\n<div class=\"group relative bg-gray-200 h-[32px]\" aria-hidden=\"true\"><\/div>\n\n\n<div class=\"group relative bg-white h-[24px] laptop:h-[64px]\" aria-hidden=\"true\"><\/div>\n\n\n<section class=\"col-content bg-white \">\n    <div class=\"container\">\n        <div class=\"general-content\">\n            \n            <div class=\"flex flex-col tablet:flex-row gap-small items-start\">\n                <div class=\"flex-1 \">\n                    <h2>Gemeinsam verantwortungsvolle Lieferketten aufbauen<\/h2>\n                <\/div>\n\n                <div class=\"flex-1\">\n                    <h3>Unser aktueller Fokus<\/h3>\n<p>Wir sind uns bewusst, dass die \u00f6kologischen und sozialen Auswirkungen eines Produkts lange vor seiner Ankunft in unseren Fabriken beginnen. Wir stehen zwar noch am Anfang der Entwicklung eines ausgereiften, ganzheitlichen Programms f\u00fcr verantwortungsbewusste Beschaffung, legen jedoch ein solides Fundament. Derzeit konzentrieren wir uns auf Folgendes:<\/p>\n<ul class=\"grid grid-cols-1 tablet:grid-cols-2 gap-x-xl gap-y-small mt-medium\">\n<li>Kartierung unserer Lieferkette: Identifizierung und Kategorisierung wichtiger Lieferanten nach Standort und Gesch\u00e4ftssegment, um Risiken und Chancen besser zu verstehen.<\/li>\n<li>Verankerung von Erwartungen: Schrittweise Integration von \u00f6kologischen, sozialen und ethischen Anforderungen in Beschaffungs- und Onboarding-Prozesse.<\/li>\n<li>Sicherstellung der Compliance: Wir ermutigen unsere Lieferanten, Standards wie REACH, RoHS und Arbeitsvorschriften als wichtige erste Schritte einzuhalten.<\/li>\n<li>F\u00f6rderung von Transparenz: Aufbau offener Kommunikationskan\u00e4le zum Wissensaustausch und zur Vorbereitung einer intensiveren Zusammenarbeit im Bereich ESG.<\/li>\n<\/ul>\n                <\/div>\n            <\/div>\n\n        <\/div>\n    <\/div>\n<\/section>\n\n\n<div class=\"group relative bg-white h-[24px] laptop:h-[64px]\" aria-hidden=\"true\"><\/div>\n\n\n<div class=\"group relative bg-gray-200 h-[24px] laptop:h-[64px]\" aria-hidden=\"true\"><\/div>\n\n\n<section class=\"col-content bg-gray-200 \">\n    <div class=\"container\">\n        <div class=\"general-content\">\n            \n            <div class=\"flex flex-col tablet:flex-row gap-small items-start\">\n                <div class=\"flex-1 \">\n                    <h2>Partnerschaften f\u00fcr eine nachhaltige Zukunft<\/h2>\n                <\/div>\n\n                <div class=\"flex-1\">\n                    <p>Mit diesen Ma\u00dfnahmen wollen wir nicht nur ESG-Risiken in unserer Wertsch\u00f6pfungskette minimieren, sondern auch Innovationsm\u00f6glichkeiten erschlie\u00dfen und gemeinsam mit unseren Lieferanten bessere Materialien, verbesserte Prozesse und eine nachhaltigere Zukunft entdecken.<\/p>\n<p>Gemeinsam gestalten wir eine widerstandsf\u00e4hige, verantwortungsbewusste Lieferkette, die als Eckpfeiler unserer umfassenden Nachhaltigkeitsvision steht.<\/p>\n                <\/div>\n            <\/div>\n\n        <\/div>\n    <\/div>\n<\/section>\n\n\n<div class=\"group relative bg-gray-200 h-[24px] laptop:h-[64px]\" aria-hidden=\"true\"><\/div>","protected":false},"excerpt":{"rendered":"","protected":false},"author":1,"featured_media":0,"parent":7502,"menu_order":0,"comment_status":"closed","ping_status":"closed","template":"template-parts\/page-general.php","meta":{"_acf_changed":false,"footnotes":""},"class_list":["post-12614","page","type-page","status-publish","hentry"],"acf":[],"yoast_head":"<!-- This site is optimized with the Yoast SEO plugin v25.9 - https:\/\/yoast.com\/wordpress\/plugins\/seo\/ -->\n<title>Nachhaltige Lieferkette - Trocellen, the European polyolefin foam solution provider<\/title>\n<meta name=\"robots\" content=\"index, follow, max-snippet:-1, max-image-preview:large, max-video-preview:-1\" \/>\n<link rel=\"canonical\" href=\"https:\/\/trocellen.com\/de\/nachhaltigkeit\/nachhaltige-lieferkette\/\" \/>\n<meta property=\"og:locale\" content=\"de_DE\" \/>\n<meta property=\"og:type\" content=\"article\" \/>\n<meta property=\"og:title\" content=\"Nachhaltige Lieferkette - Trocellen, the European polyolefin foam solution provider\" \/>\n<meta property=\"og:url\" content=\"https:\/\/trocellen.com\/de\/nachhaltigkeit\/nachhaltige-lieferkette\/\" \/>\n<meta property=\"og:site_name\" content=\"Trocellen, the European polyolefin foam solution provider\" \/>\n<meta property=\"article:modified_time\" content=\"2025-10-10T11:24:22+00:00\" \/>\n<meta name=\"twitter:card\" content=\"summary_large_image\" \/>\n<script type=\"application\/ld+json\" class=\"yoast-schema-graph\">{\"@context\":\"https:\/\/schema.org\",\"@graph\":[{\"@type\":\"WebPage\",\"@id\":\"https:\/\/trocellen.com\/de\/nachhaltigkeit\/nachhaltige-lieferkette\/\",\"url\":\"https:\/\/trocellen.com\/de\/nachhaltigkeit\/nachhaltige-lieferkette\/\",\"name\":\"Nachhaltige Lieferkette - Trocellen, the European polyolefin foam solution provider\",\"isPartOf\":{\"@id\":\"https:\/\/trocellen.com\/#website\"},\"datePublished\":\"2025-04-29T08:21:31+00:00\",\"dateModified\":\"2025-10-10T11:24:22+00:00\",\"breadcrumb\":{\"@id\":\"https:\/\/trocellen.com\/de\/nachhaltigkeit\/nachhaltige-lieferkette\/#breadcrumb\"},\"inLanguage\":\"de\",\"potentialAction\":[{\"@type\":\"ReadAction\",\"target\":[\"https:\/\/trocellen.com\/de\/nachhaltigkeit\/nachhaltige-lieferkette\/\"]}]},{\"@type\":\"BreadcrumbList\",\"@id\":\"https:\/\/trocellen.com\/de\/nachhaltigkeit\/nachhaltige-lieferkette\/#breadcrumb\",\"itemListElement\":[{\"@type\":\"ListItem\",\"position\":1,\"name\":\"Home\",\"item\":\"https:\/\/trocellen.com\/de\/\"},{\"@type\":\"ListItem\",\"position\":2,\"name\":\"Nachhaltige Lieferkette\"}]},{\"@type\":\"WebSite\",\"@id\":\"https:\/\/trocellen.com\/#website\",\"url\":\"https:\/\/trocellen.com\/\",\"name\":\"Trocellen, the European polyolefin foam solution provider\",\"description\":\"TROCELLEN\u00ae is a leading manufacturer of chemically and physically cross-linked polyolefin and rubber foam solutions\",\"potentialAction\":[{\"@type\":\"SearchAction\",\"target\":{\"@type\":\"EntryPoint\",\"urlTemplate\":\"https:\/\/trocellen.com\/?s={search_term_string}\"},\"query-input\":{\"@type\":\"PropertyValueSpecification\",\"valueRequired\":true,\"valueName\":\"search_term_string\"}}],\"inLanguage\":\"de\"}]}<\/script>\n<!-- \/ Yoast SEO plugin. -->","yoast_head_json":{"title":"Nachhaltige Lieferkette - Trocellen, the European polyolefin foam solution provider","robots":{"index":"index","follow":"follow","max-snippet":"max-snippet:-1","max-image-preview":"max-image-preview:large","max-video-preview":"max-video-preview:-1"},"canonical":"https:\/\/trocellen.com\/de\/nachhaltigkeit\/nachhaltige-lieferkette\/","og_locale":"de_DE","og_type":"article","og_title":"Nachhaltige Lieferkette - Trocellen, the European polyolefin foam solution provider","og_url":"https:\/\/trocellen.com\/de\/nachhaltigkeit\/nachhaltige-lieferkette\/","og_site_name":"Trocellen, the European polyolefin foam solution provider","article_modified_time":"2025-10-10T11:24:22+00:00","twitter_card":"summary_large_image","schema":{"@context":"https:\/\/schema.org","@graph":[{"@type":"WebPage","@id":"https:\/\/trocellen.com\/de\/nachhaltigkeit\/nachhaltige-lieferkette\/","url":"https:\/\/trocellen.com\/de\/nachhaltigkeit\/nachhaltige-lieferkette\/","name":"Nachhaltige Lieferkette - Trocellen, the European polyolefin foam solution provider","isPartOf":{"@id":"https:\/\/trocellen.com\/#website"},"datePublished":"2025-04-29T08:21:31+00:00","dateModified":"2025-10-10T11:24:22+00:00","breadcrumb":{"@id":"https:\/\/trocellen.com\/de\/nachhaltigkeit\/nachhaltige-lieferkette\/#breadcrumb"},"inLanguage":"de","potentialAction":[{"@type":"ReadAction","target":["https:\/\/trocellen.com\/de\/nachhaltigkeit\/nachhaltige-lieferkette\/"]}]},{"@type":"BreadcrumbList","@id":"https:\/\/trocellen.com\/de\/nachhaltigkeit\/nachhaltige-lieferkette\/#breadcrumb","itemListElement":[{"@type":"ListItem","position":1,"name":"Home","item":"https:\/\/trocellen.com\/de\/"},{"@type":"ListItem","position":2,"name":"Nachhaltige Lieferkette"}]},{"@type":"WebSite","@id":"https:\/\/trocellen.com\/#website","url":"https:\/\/trocellen.com\/","name":"Trocellen, the European polyolefin foam solution provider","description":"TROCELLEN\u00ae is a leading manufacturer of chemically and physically cross-linked polyolefin and rubber foam solutions","potentialAction":[{"@type":"SearchAction","target":{"@type":"EntryPoint","urlTemplate":"https:\/\/trocellen.com\/?s={search_term_string}"},"query-input":{"@type":"PropertyValueSpecification","valueRequired":true,"valueName":"search_term_string"}}],"inLanguage":"de"}]}},"_links":{"self":[{"href":"https:\/\/trocellen.com\/de\/wp-json\/wp\/v2\/pages\/12614","targetHints":{"allow":["GET"]}}],"collection":[{"href":"https:\/\/trocellen.com\/de\/wp-json\/wp\/v2\/pages"}],"about":[{"href":"https:\/\/trocellen.com\/de\/wp-json\/wp\/v2\/types\/page"}],"author":[{"embeddable":true,"href":"https:\/\/trocellen.com\/de\/wp-json\/wp\/v2\/users\/1"}],"replies":[{"embeddable":true,"href":"https:\/\/trocellen.com\/de\/wp-json\/wp\/v2\/comments?post=12614"}],"version-history":[{"count":5,"href":"https:\/\/trocellen.com\/de\/wp-json\/wp\/v2\/pages\/12614\/revisions"}],"predecessor-version":[{"id":14138,"href":"https:\/\/trocellen.com\/de\/wp-json\/wp\/v2\/pages\/12614\/revisions\/14138"}],"up":[{"embeddable":true,"href":"https:\/\/trocellen.com\/de\/wp-json\/wp\/v2\/pages\/7502"}],"wp:attachment":[{"href":"https:\/\/trocellen.com\/de\/wp-json\/wp\/v2\/media?parent=12614"}],"curies":[{"name":"wp","href":"https:\/\/api.w.org\/{rel}","templated":true}]}}