{"id":12554,"date":"2025-07-29T06:55:23","date_gmt":"2025-07-29T06:55:23","guid":{"rendered":"https:\/\/trocellen-dev.local\/von-trocellen\/compliance\/"},"modified":"2025-10-20T07:12:49","modified_gmt":"2025-10-20T07:12:49","slug":"compliance","status":"publish","type":"page","link":"https:\/\/trocellen.com\/de\/von-trocellen\/compliance\/","title":{"rendered":"Compliance"},"content":{"rendered":"\n<div class=\"group relative bg-white h-[48px]\" aria-hidden=\"true\"><\/div>\n\n\n<section class=\"general-content text-[#131313]\">\n    <div class=\"container\">\n        <div>\n            <h3 class=\"text-center\">F\u00fcr die Trocellen-Gruppe bedeutet Compliance nicht nur die \u201eEinhaltung von Gesetzen und Vorschriften, sondern auch der Werte und ethischen Normen, die vom Unternehmen und seinen Mitarbeitern als verantwortungsbewusste Mitglieder der Gesellschaft verlangt und erwartet werden.\u201c<\/h3>\n\n                    <\/div>\n    <\/div>\n<\/section>\n\n\n<div class=\"group relative bg-white h-[48px]\" aria-hidden=\"true\"><\/div>\n\n\n<div class=\"group relative bg-gray-200 h-[24px] laptop:h-[64px]\" aria-hidden=\"true\"><\/div>\n\n\n<section class=\"col-content bg-gray-200 \">\n    <div class=\"container\">\n        <div class=\"general-content\">\n            \n            <div class=\"flex flex-col tablet:flex-row gap-small items-start\">\n                <div class=\"flex-1 \">\n                    <h2 class=\"wp-block-heading\">Verhaltenskodex<\/h2>\n                <\/div>\n\n                <div class=\"flex-1\">\n                    <p>Der Verhaltenskodex legt die grundlegenden Verhaltensregeln f\u00fcr F\u00fchrungskr\u00e4fte und Mitarbeiter von Trocellen fest. Trocellen erwartet von allen Mitarbeitern der Gruppe, dass sie sich aktiv an der Umsetzung unserer ethischen Grunds\u00e4tze im Alltag beteiligen und die Werte und Prinzipien der Verhaltensrichtlinien ber\u00fccksichtigen.<\/p>\n                <\/div>\n            <\/div>\n\n        <\/div>\n    <\/div>\n<\/section>\n\n\n<div class=\"group relative bg-gray-200 h-[32px]\" aria-hidden=\"true\"><\/div>\n\n\n<section class=\"bg-gray-200\">\n    <div class=\"container !max-w-narrow\">\n        <div class=\"general-content\">\n            <div>\n                <h3 class=\"text-center\">Dazu geh\u00f6ren insbesondere:<\/h3>\n\n                \n                        <div class=\"grid grid-cols-[repeat(auto-fit,_160px)] tablet:grid-cols-[repeat(auto-fit,_178px)] gap-8 tablet:gap-small\">\n\n                        \n                            <div class=\"rounded-tr-tr-64 h-[160px] tablet:min-h-[134px] text-white general-content text-center py-[1.156rem] px-small flex flex-col justify-center items-center\" style=\"background-color: #a7157d\">\n                                <img decoding=\"async\" src=\"https:\/\/trocellen.com\/wp-content\/uploads\/2025\/09\/human-rights-icon.png\" class=\"mx-auto !h-[51px]\" alt=\"Menschenrechte icon\">\n                                <h5 class=\"pt-xs\">Menschenrechte<\/h5>\n                            <\/div>\n\n                        \n                            <div class=\"rounded-tr-tr-64 h-[160px] tablet:min-h-[134px] text-white general-content text-center py-[1.156rem] px-small flex flex-col justify-center items-center\" style=\"background-color: #246a84\">\n                                <img decoding=\"async\" src=\"https:\/\/trocellen.com\/wp-content\/uploads\/2025\/09\/working-conditions-icon.png\" class=\"mx-auto !h-[51px]\" alt=\"Arbeitsbedingungen und Arbeitsumfeld icon\">\n                                <h5 class=\"pt-xs\">Arbeitsbedingungen und Arbeitsumfeld<\/h5>\n                            <\/div>\n\n                        \n                            <div class=\"rounded-tr-tr-64 h-[160px] tablet:min-h-[134px] text-white general-content text-center py-[1.156rem] px-small flex flex-col justify-center items-center\" style=\"background-color: #b2cb07\">\n                                <img decoding=\"async\" src=\"https:\/\/trocellen.com\/wp-content\/uploads\/2025\/09\/environment-icon.png\" class=\"mx-auto !h-[51px]\" alt=\"Umwelt icon\">\n                                <h5 class=\"pt-xs\">Umwelt<\/h5>\n                            <\/div>\n\n                        \n                            <div class=\"rounded-tr-tr-64 h-[160px] tablet:min-h-[134px] text-white general-content text-center py-[1.156rem] px-small flex flex-col justify-center items-center\" style=\"background-color: #299926\">\n                                <img decoding=\"async\" src=\"https:\/\/trocellen.com\/wp-content\/uploads\/2025\/09\/products-icon.png\" class=\"mx-auto !h-[51px]\" alt=\"Produkte und Dienstleistungen icon\">\n                                <h5 class=\"pt-xs\">Produkte und Dienstleistungen<\/h5>\n                            <\/div>\n\n                        \n                            <div class=\"rounded-tr-tr-64 h-[160px] tablet:min-h-[134px] text-white general-content text-center py-[1.156rem] px-small flex flex-col justify-center items-center\" style=\"background-color: #4198dc\">\n                                <img decoding=\"async\" src=\"https:\/\/trocellen.com\/wp-content\/uploads\/2025\/09\/globe-icon.png\" class=\"mx-auto !h-[51px]\" alt=\"Internationale Gesch\u00e4fte und Transaktionen icon\">\n                                <h5 class=\"pt-xs\">Internationale Gesch\u00e4fte und Transaktionen<\/h5>\n                            <\/div>\n\n                        \n                            <div class=\"rounded-tr-tr-64 h-[160px] tablet:min-h-[134px] text-white general-content text-center py-[1.156rem] px-small flex flex-col justify-center items-center\" style=\"background-color: #07aebc\">\n                                <img decoding=\"async\" src=\"https:\/\/trocellen.com\/wp-content\/uploads\/2025\/09\/competition-icon.png\" class=\"mx-auto !h-[51px]\" alt=\"Fairer Wettbewerb icon\">\n                                <h5 class=\"pt-xs\">Fairer Wettbewerb<\/h5>\n                            <\/div>\n\n                        \n                            <div class=\"rounded-tr-tr-64 h-[160px] tablet:min-h-[134px] text-white general-content text-center py-[1.156rem] px-small flex flex-col justify-center items-center\" style=\"background-color: #d14f1b\">\n                                <img decoding=\"async\" src=\"https:\/\/trocellen.com\/wp-content\/uploads\/2025\/09\/relations-icon.png\" class=\"mx-auto !h-[51px]\" alt=\"Beziehungen zu Kunden, Partnern und der Gesellschaft icon\">\n                                <h5 class=\"pt-xs\">Beziehungen zu Kunden, Partnern und der Gesellschaft<\/h5>\n                            <\/div>\n\n                        \n                            <div class=\"rounded-tr-tr-64 h-[160px] tablet:min-h-[134px] text-white general-content text-center py-[1.156rem] px-small flex flex-col justify-center items-center\" style=\"background-color: #00a488\">\n                                <img decoding=\"async\" src=\"https:\/\/trocellen.com\/wp-content\/uploads\/2025\/09\/company-assets-icon.png\" class=\"mx-auto !h-[51px]\" alt=\"Verwaltung und Wahrung der Verm\u00f6genswerte des Unternehmens icon\">\n                                <h5 class=\"pt-xs\">Verwaltung und Wahrung der Verm\u00f6genswerte des Unternehmens<\/h5>\n                            <\/div>\n\n                        \n                            <div class=\"rounded-tr-tr-64 h-[160px] tablet:min-h-[134px] text-white general-content text-center py-[1.156rem] px-small flex flex-col justify-center items-center\" style=\"background-color: #292c58\">\n                                <img decoding=\"async\" src=\"https:\/\/trocellen.com\/wp-content\/uploads\/2025\/09\/information-icon.png\" class=\"mx-auto !h-[51px]\" alt=\"Offenlegung von Informationen icon\">\n                                <h5 class=\"pt-xs\">Offenlegung von Informationen<\/h5>\n                            <\/div>\n\n                        \n                            <div class=\"rounded-tr-tr-64 h-[160px] tablet:min-h-[134px] text-white general-content text-center py-[1.156rem] px-small flex flex-col justify-center items-center\" style=\"background-color: #cf3b42\">\n                                <img decoding=\"async\" src=\"https:\/\/trocellen.com\/wp-content\/uploads\/2025\/09\/duties-icon.png\" class=\"mx-auto !h-[51px]\" alt=\"Aufgaben und Pflichten der obersten F\u00fchrungsebene und der Mitarbeiter icon\">\n                                <h5 class=\"pt-xs\">Aufgaben und Pflichten der obersten F\u00fchrungsebene und der Mitarbeiter<\/h5>\n                            <\/div>\n\n                                        \n                        <\/div>\n\n                \n            <\/div>\n        <\/div>\n    <\/div>\n\n    <div class=\"container mt-medium\">\n        <div class=\"flex flex-row gap-small\">\n            <div class=\"flex-1\">\n                Die Trocellen Group ist als Tochtergesellschaft der Furukawa Electric Group Teilnehmer des UN Global Compact und befolgt die Zehn Prinzipien.            <\/div>\n\n            <div class=\"flex-1\">\n                <p><a class=\"downloadable\" href=\"\/wp-content\/uploads\/2025\/05\/Trocellen_Group_CoC_short_2022_1EN-DE.pdf\">CSR CODE OF CONDUCT for Trocellen\u2028(part of the Furukawa Electric Group)<\/a><\/p>\n            <\/div>\n        <\/div>\n    <\/div>\n<\/section>\n\n\n<div class=\"group relative bg-gray-200 h-[24px] laptop:h-[64px]\" aria-hidden=\"true\"><\/div>\n\n\n<div class=\"group relative bg-white h-[24px] laptop:h-[64px]\" aria-hidden=\"true\"><\/div>\n\n\n<section class=\"col-content bg-white \">\n    <div class=\"container\">\n        <div class=\"general-content\">\n            \n            <div class=\"flex flex-col tablet:flex-row gap-small items-start\">\n                <div class=\"flex-1 \">\n                    <h2 class=\"wp-block-heading\">Korruptionsbek\u00e4mpfung<\/h2>\n                <\/div>\n\n                <div class=\"flex-1\">\n                    <p>Als Mitglied der Fukawa Electric Group erf\u00fcllt Trocellen s\u00e4mtliche Anforderungen hinsichtlich der Korruptionsbek\u00e4mpfung \u2013 sowohl im Management als auch im operativen Gesch\u00e4ft. Gesetze zur Korruptionsbek\u00e4mpfung werden auf internationaler Ebene immer strenger und Regierungen setzen diese zunehmend konsequent um.<\/p>\n<p>Wir haben eine gruppenweite Erkl\u00e4rung zur Korruptionsbek\u00e4mpfung sowie ein Antikorruptionshandbuch entworfen und 2013 eine Antikorruptionsorganisation ins Leben gerufen.<\/p>\n<p>Wir m\u00f6chten ausdr\u00fccklich betonen, dass die Einhaltung der Gesetze zur Korruptionsbek\u00e4mpfung und der damit verbundenen, lokalen Vorschriften f\u00fcr Trocellen eine Selbstverst\u00e4ndlichkeit darstellt.<\/p>\n<p>Wir lehnen die Annahme oder Schaffung von unzul\u00e4ssigen Vorteilen kategorisch ab und streben eine gr\u00f6\u00dftm\u00f6gliche Gesch\u00e4ftsintegrit\u00e4t an. Dies bedeutet auch, dass wir von allen Vertretern, die in Kontakt mit unseren Organisationen stehen, sowie von s\u00e4mtlichen Gesch\u00e4ftspartnern gleicherma\u00dfen die Einhaltung von Gesetzen zur Korruptionsbek\u00e4mpfung erwarten.<\/p>\n<p><a class=\"downloadable\" href=\"\/wp-content\/uploads\/2025\/09\/AB-Germany-ErklA\u00a4rung-FEG-Vermeidung-von-Korruption.pdf\">The Furukawa Electric Group Anti-Bribery Statement<\/a><\/p>\n                <\/div>\n            <\/div>\n\n        <\/div>\n    <\/div>\n<\/section>\n\n\n<div class=\"group relative bg-white h-[24px] laptop:h-[64px]\" aria-hidden=\"true\"><\/div>\n\n\n<div class=\"group relative bg-gray-200 h-[24px] laptop:h-[64px]\" aria-hidden=\"true\"><\/div>\n\n\n<section class=\"col-content bg-gray-200 \">\n    <div class=\"container\">\n        <div class=\"general-content\">\n            \n            <div class=\"flex flex-col tablet:flex-row gap-small items-start\">\n                <div class=\"flex-1 \">\n                    <h2>Whistleblowing System<\/h2>\n<h3>Verantwortung ist ein zentraler Wert der Trocellen-Gruppe.<\/h3>\n                <\/div>\n\n                <div class=\"flex-1\">\n                    <p>Verantwortung \u2013 im weitesten Sinne \u2013 gegen\u00fcber unseren Mitarbeitern, unseren Partnern, der Gesellschaft und unserem Planeten. Wir verpflichten uns zu einem transparenten, ethischen und rechtskonformen Verhalten.<\/p>\n<p>Das Whistleblowing-System der Trocellen-Gruppe dient dem Schutz der Unternehmenskultur und der vertrauensvollen Zusammenarbeit, um Fehlverhalten fr\u00fchzeitig zu erkennen und zu korrigieren.<\/p>\n<p>Das Whistleblowing-System der Trocellen-Gruppe bietet unseren internen und externen Partnern die M\u00f6glichkeit, sich ohne Angst zu \u00e4u\u00dfern und Bedenken zu \u00e4u\u00dfern. Die Anonymit\u00e4t wird auf der Grundlage von durch Dritte verwalteten, externen Systemen gew\u00e4hrleistet.<\/p>\n<p>Die Whistleblowing-Stelle geht streng mit dem Inhalt der Meldungen um, untersucht sie umgehend und ergreift geeignete Ma\u00dfnahmen, wobei sichergestellt wird, dass dem Hinweisgeber keinerlei Nachteile entstehen.<\/p>\n<h3>Welche Bedenken sollten gemeldet werden?<\/h3>\n<ul>\n<li>Straftaten, einschlie\u00dflich Betrug<\/li>\n<li>die Nichteinhaltung rechtlicher Verpflichtungen<\/li>\n<li>Justizirrt\u00fcmer<\/li>\n<li>Gef\u00e4hrdung von Gesundheit und Sicherheit<\/li>\n<li>Umweltsch\u00e4den<\/li>\n<li>Verst\u00f6\u00dfe gegen den Verhaltenskodex der Trocellen-Gruppe e.g. Bel\u00e4stigung oder Diskriminierung<\/li>\n<\/ul>\n<h3>Wie melden?<\/h3>\n<p>Bitte nutzen Sie die Website, die neben dem Unternehmen der Trocellen Group aufgef\u00fchrt ist, das Sie melden m\u00f6chten:<\/p>\n<div class=\"grid grid-cols-1 tablet:grid-cols-2 gap-medPlus gap-small\"><a class=\"grey-bg-button link-with-arrow\" href=\"https:\/\/Trocellen.integrityline.com\">Trocellen GmbH<\/a> <a class=\"grey-bg-button link-with-arrow\" href=\"https:\/\/trocellen.ulisesgrc.net\/#\/channels\/trocellen\/ES_ES\">Trocellen Ib\u00e9rica S.A.<\/a> <a class=\"grey-bg-button link-with-arrow\" href=\"https:\/\/Polifoam.integrityline.com\">Polifoam Co. Ltd.<\/a> <a class=\"grey-bg-button link-with-arrow\" href=\"https:\/\/trocellenitalia.softcarehse.it\/whistleblowing\/\">Trocellen Italia S.p.A.<\/a> <a class=\"grey-bg-button link-with-arrow\" href=\"https:\/\/polifoam.integrityline.com\/\">Trocellen Automotive Hungary Co. Ltd.<\/a> <a class=\"grey-bg-button link-with-arrow\" href=\"https:\/\/Trocellen.integrityline.com\">Trocellen S.E.A. Sdn Bhd<\/a><\/div>\n                <\/div>\n            <\/div>\n\n        <\/div>\n    <\/div>\n<\/section>\n\n\n<div class=\"group relative bg-gray-200 h-[24px] laptop:h-[64px]\" aria-hidden=\"true\"><\/div>","protected":false},"excerpt":{"rendered":"","protected":false},"author":1,"featured_media":0,"parent":6778,"menu_order":0,"comment_status":"closed","ping_status":"closed","template":"template-parts\/page-general.php","meta":{"_acf_changed":false,"footnotes":""},"class_list":["post-12554","page","type-page","status-publish","hentry"],"acf":[],"yoast_head":"<!-- This site is optimized with the Yoast SEO plugin v25.9 - https:\/\/yoast.com\/wordpress\/plugins\/seo\/ -->\n<title>Compliance - Trocellen, the European polyolefin foam solution provider<\/title>\n<meta name=\"robots\" content=\"index, follow, max-snippet:-1, max-image-preview:large, max-video-preview:-1\" \/>\n<link rel=\"canonical\" href=\"https:\/\/trocellen.com\/de\/von-trocellen\/compliance\/\" \/>\n<meta property=\"og:locale\" content=\"de_DE\" \/>\n<meta property=\"og:type\" content=\"article\" \/>\n<meta property=\"og:title\" content=\"Compliance - Trocellen, the European polyolefin foam solution provider\" \/>\n<meta property=\"og:url\" content=\"https:\/\/trocellen.com\/de\/von-trocellen\/compliance\/\" \/>\n<meta property=\"og:site_name\" content=\"Trocellen, the European polyolefin foam solution provider\" \/>\n<meta property=\"article:modified_time\" content=\"2025-10-20T07:12:49+00:00\" \/>\n<meta name=\"twitter:card\" content=\"summary_large_image\" \/>\n<script type=\"application\/ld+json\" class=\"yoast-schema-graph\">{\"@context\":\"https:\/\/schema.org\",\"@graph\":[{\"@type\":\"WebPage\",\"@id\":\"https:\/\/trocellen.com\/de\/von-trocellen\/compliance\/\",\"url\":\"https:\/\/trocellen.com\/de\/von-trocellen\/compliance\/\",\"name\":\"Compliance - Trocellen, the European polyolefin foam solution provider\",\"isPartOf\":{\"@id\":\"https:\/\/trocellen.com\/#website\"},\"datePublished\":\"2025-07-29T06:55:23+00:00\",\"dateModified\":\"2025-10-20T07:12:49+00:00\",\"breadcrumb\":{\"@id\":\"https:\/\/trocellen.com\/de\/von-trocellen\/compliance\/#breadcrumb\"},\"inLanguage\":\"de\",\"potentialAction\":[{\"@type\":\"ReadAction\",\"target\":[\"https:\/\/trocellen.com\/de\/von-trocellen\/compliance\/\"]}]},{\"@type\":\"BreadcrumbList\",\"@id\":\"https:\/\/trocellen.com\/de\/von-trocellen\/compliance\/#breadcrumb\",\"itemListElement\":[{\"@type\":\"ListItem\",\"position\":1,\"name\":\"Home\",\"item\":\"https:\/\/trocellen.com\/de\/\"},{\"@type\":\"ListItem\",\"position\":2,\"name\":\"Compliance\"}]},{\"@type\":\"WebSite\",\"@id\":\"https:\/\/trocellen.com\/#website\",\"url\":\"https:\/\/trocellen.com\/\",\"name\":\"Trocellen, the European polyolefin foam solution provider\",\"description\":\"TROCELLEN\u00ae is a leading manufacturer of chemically and physically cross-linked polyolefin and rubber foam solutions\",\"potentialAction\":[{\"@type\":\"SearchAction\",\"target\":{\"@type\":\"EntryPoint\",\"urlTemplate\":\"https:\/\/trocellen.com\/?s={search_term_string}\"},\"query-input\":{\"@type\":\"PropertyValueSpecification\",\"valueRequired\":true,\"valueName\":\"search_term_string\"}}],\"inLanguage\":\"de\"}]}<\/script>\n<!-- \/ Yoast SEO plugin. -->","yoast_head_json":{"title":"Compliance - Trocellen, the European polyolefin foam solution provider","robots":{"index":"index","follow":"follow","max-snippet":"max-snippet:-1","max-image-preview":"max-image-preview:large","max-video-preview":"max-video-preview:-1"},"canonical":"https:\/\/trocellen.com\/de\/von-trocellen\/compliance\/","og_locale":"de_DE","og_type":"article","og_title":"Compliance - Trocellen, the European polyolefin foam solution provider","og_url":"https:\/\/trocellen.com\/de\/von-trocellen\/compliance\/","og_site_name":"Trocellen, the European polyolefin foam solution provider","article_modified_time":"2025-10-20T07:12:49+00:00","twitter_card":"summary_large_image","schema":{"@context":"https:\/\/schema.org","@graph":[{"@type":"WebPage","@id":"https:\/\/trocellen.com\/de\/von-trocellen\/compliance\/","url":"https:\/\/trocellen.com\/de\/von-trocellen\/compliance\/","name":"Compliance - Trocellen, the European polyolefin foam solution provider","isPartOf":{"@id":"https:\/\/trocellen.com\/#website"},"datePublished":"2025-07-29T06:55:23+00:00","dateModified":"2025-10-20T07:12:49+00:00","breadcrumb":{"@id":"https:\/\/trocellen.com\/de\/von-trocellen\/compliance\/#breadcrumb"},"inLanguage":"de","potentialAction":[{"@type":"ReadAction","target":["https:\/\/trocellen.com\/de\/von-trocellen\/compliance\/"]}]},{"@type":"BreadcrumbList","@id":"https:\/\/trocellen.com\/de\/von-trocellen\/compliance\/#breadcrumb","itemListElement":[{"@type":"ListItem","position":1,"name":"Home","item":"https:\/\/trocellen.com\/de\/"},{"@type":"ListItem","position":2,"name":"Compliance"}]},{"@type":"WebSite","@id":"https:\/\/trocellen.com\/#website","url":"https:\/\/trocellen.com\/","name":"Trocellen, the European polyolefin foam solution provider","description":"TROCELLEN\u00ae is a leading manufacturer of chemically and physically cross-linked polyolefin and rubber foam solutions","potentialAction":[{"@type":"SearchAction","target":{"@type":"EntryPoint","urlTemplate":"https:\/\/trocellen.com\/?s={search_term_string}"},"query-input":{"@type":"PropertyValueSpecification","valueRequired":true,"valueName":"search_term_string"}}],"inLanguage":"de"}]}},"_links":{"self":[{"href":"https:\/\/trocellen.com\/de\/wp-json\/wp\/v2\/pages\/12554","targetHints":{"allow":["GET"]}}],"collection":[{"href":"https:\/\/trocellen.com\/de\/wp-json\/wp\/v2\/pages"}],"about":[{"href":"https:\/\/trocellen.com\/de\/wp-json\/wp\/v2\/types\/page"}],"author":[{"embeddable":true,"href":"https:\/\/trocellen.com\/de\/wp-json\/wp\/v2\/users\/1"}],"replies":[{"embeddable":true,"href":"https:\/\/trocellen.com\/de\/wp-json\/wp\/v2\/comments?post=12554"}],"version-history":[{"count":5,"href":"https:\/\/trocellen.com\/de\/wp-json\/wp\/v2\/pages\/12554\/revisions"}],"predecessor-version":[{"id":14399,"href":"https:\/\/trocellen.com\/de\/wp-json\/wp\/v2\/pages\/12554\/revisions\/14399"}],"up":[{"embeddable":true,"href":"https:\/\/trocellen.com\/de\/wp-json\/wp\/v2\/pages\/6778"}],"wp:attachment":[{"href":"https:\/\/trocellen.com\/de\/wp-json\/wp\/v2\/media?parent=12554"}],"curies":[{"name":"wp","href":"https:\/\/api.w.org\/{rel}","templated":true}]}}